{"id":2826,"date":"2023-01-17T16:41:54","date_gmt":"2023-01-17T15:41:54","guid":{"rendered":"https:\/\/www.camping-kerabus.com\/tarife\/"},"modified":"2023-01-18T14:01:13","modified_gmt":"2023-01-18T13:01:13","slug":"tarife","status":"publish","type":"page","link":"https:\/\/www.camping-kerabus.com\/de\/tarife\/","title":{"rendered":"Tarife"},"content":{"rendered":"<section id=\"ls-section-block_21abbbdce698a557adcb15e2ee3b8e57\" class=\"ls-section  has-p-b p-b-0\" >\n        <div class=\"container container--wide\">\n        \n\n<h1 class=\"ls__heading has-text-align-center wp-block-heading\">G\u00fcnstiger Campingplatz in Morbihan<\/h1>\n\n\n\n<p class=\"ls-paragraph has-text-align-center m-b-0\">Sie suchen einen g\u00fcnstigen Campingplatz in der Bretagne im Departement Morbihan f\u00fcr Ihren n\u00e4chsten Urlaub? Wenn Sie sich f\u00fcr den <a href=\"\/de\/\">Campingplatz Kerabus in Carnac im Departement Morbihan<\/a> entscheiden, sind Sie am richtigen Ort. Der 3-Sterne-Campingplatz Kerabus in Carnac ist ein einfacher, ruhiger Campingplatz, der ein willkommener Anlaufpunkt f\u00fcr Neugierige, Naturliebhaber und Eltern ist, die mit ihren Kindern die <strong>Natur<\/strong> und die <strong>Authentizit\u00e4t<\/strong> teilen m\u00f6chten. Der Kerabus setzt sich daf\u00fcr ein, dass DAS Zelten gleichbedeutend ist mit: guten Erinnerungen &#8211; Sanftheit &#8211; Ruhe &#8211; Familie! Um dem Wort Urlaub eine echte Bedeutung zu geben. Die Werte, die uns inspirieren: Wohlwollen &#8211; Authentizit\u00e4t &#8211; Cocooning &#8211; Nat\u00fcrlichkeit &#8211; Altruismus.<\/p>\n\n\n    <\/div>\n<\/section>\n\n<section id=\"ls-section-block_498859647e7a041ff1ea072299eda6d4\" class=\"ls-section  p-t-0 p-b-0 has-m-t m-t-0 has-p-t p-t-0\" >\n        <div class=\"container \">\n        \n\n<script>\n    window.ctoutvert = {\n\t\tid: 5169, \n\t\tlang: 'auto', \n\t\turl: 'https:\/\/bookingpremium.secureholiday.net\/widgets\/'\n    };\n\n    (function (w, d, s, ctv, r, js, fjs) {\n        r=new XMLHttpRequest();r.open('GET',w[ctv].url+'js\/src.json');\n        r.responseType='json';r.json=true;r.send();\n        r.onload=function(){w[ctv].src=r.responseType=='json'?r.response:JSON.parse(r.response);\n        js.src=w[ctv].src[0];fjs.parentNode.insertBefore(js, fjs);}\n        js=d.createElement(s),fjs=d.getElementsByTagName(s)[0];\n        js.id='ctvwidget';js.async=1;\n    }(window, document, 'script', 'ctoutvert'));\n<\/script>\n<ctv-availability data-background-color=\"#FFFFFFFF\"><\/ctv-availability>\n\n\n    <\/div>\n<\/section>\n\n<section id=\"ls-section-block_c3e8af4804b447988ecbdb5eaa928dde\" class=\"ls-section  page-one has-background-image has-p-t p-t-0\" >\n    <div class=\"ls-section__background-image opacity-100\"><img decoding=\"async\" src=\"https:\/\/www.camping-kerabus.com\/wp-content\/uploads\/2023\/01\/camping-3-etoiles-dans-le-morbihan.jpg\" alt=\"camping 3 etoiles dans le morbihan\"><\/div>    <div class=\"container container--wide\">\n        \n\n<div class=\"wp-block-columns has-color-white-background-color has-background is-layout-flex wp-container-core-columns-is-layout-9d6595d7 wp-block-columns-is-layout-flex\">\n<div class=\"wp-block-column is-vertically-aligned-top is-layout-flow wp-block-column-is-layout-flow\">\n<h2 class=\"ls-heading wp-block-heading\">Campingplatz mit dem besten Preis-Leistungs-Verh\u00e4ltnis Carnac<\/h2>\n\n\n\n<p class=\"ls-paragraph\">Entdecken Sie das Morbihan in der Bretagne mit dem Campingplatz K\u00e9rabus, der sehr auf das Preis-Leistungs-Verh\u00e4ltnis seiner Unterk\u00fcnfte achtet.<strong><\/strong> <\/p>\n\n\n\n<p class=\"ls-paragraph\">Haupts\u00e4chlich Familien zwischen 25-35 Jahren mit oder ohne Kind(er) oder Rentner mit oder ohne Enkelkinder zwischen 0-10 Jahren, die auf einen gewissen Komfort Wert legen und vor allem Ruhe w\u00fcnschen.<\/p>\n\n\n\n<p class=\"ls-paragraph\">Keine Themenabende, keine Animation am Abend. Dadurch entstehen Ihnen keine zus\u00e4tzlichen Kosten f\u00fcr Ihren Urlaub.<\/p>\n\n\n\n<p class=\"ls-paragraph\"><\/p>\n<\/div>\n<\/div>\n\n\n    <\/div>\n<\/section>\n\n<section id=\"ls-section-block_19c4e8786d7ace16fde54b618fee816f\" class=\"ls-section  page-two has-background has-color-1-background-color has-text-color has-color-white-color has-p-t p-t-8\" >\n        <div class=\"container container--wide\">\n        \n\n<h2 class=\"ls__heading has-color-white-color has-text-color wp-block-heading\">UNSERE SONDERANGEBOTE UND AKTIONEN AUF DEM CAMPINGPLATZ BRETAGNE SUD<\/h2>\n\n\n\n<p class=\"ls-paragraph\">F\u00fcr die <a href=\"https:\/\/www.camping-kerabus.com\/de\/ferienwohnung\/\">Mietmobilheime<\/a> werden in der <strong>Nebensaison<\/strong> an Wochentagen <strong>Sonderangebote und Aktionen<\/strong> durchgef\u00fchrt. Schauen Sie sich dazu bitte unser Buchungsmodul an.<\/p>\n\n\n\n<p class=\"ls-paragraph\">Sind Sie Inhaber einer ACSI-Karte? Kommen Sie zu einem <a href=\"https:\/\/www.camping-kerabus.com\/de\/standorte\/\">Stellplatz in Carnac<\/a> auf dem 3-Sterne-Campingplatz Kerabus und profitieren Sie von einem <strong>g\u00fcnstigen Tarif<\/strong> (au\u00dferhalb der Hochsaison).<\/p>\n\n\n\n<p class=\"ls-paragraph\">Seit 2018 treten wir dem <strong>ACSIund Camping<\/strong> CARD-Netzwerk bei.<strong><\/strong><\/p>\n\n\n\n<figure class=\"wp-block-gallery has-nested-images columns-default is-cropped galerie-container wp-block-gallery-1 is-layout-flex wp-block-gallery-is-layout-flex\">\n<figure class=\"wp-block-image size-full\"><img decoding=\"async\" width=\"426\" height=\"470\" data-id=\"2676\" src=\"https:\/\/www.camping-kerabus.com\/wp-content\/uploads\/2023\/01\/accueil-camping-kerabus-1.jpg\" alt=\"accueil camping kerabus 1\" class=\"wp-image-2676\" srcset=\"https:\/\/www.camping-kerabus.com\/wp-content\/uploads\/2023\/01\/accueil-camping-kerabus-1.jpg 426w, https:\/\/www.camping-kerabus.com\/wp-content\/uploads\/2023\/01\/accueil-camping-kerabus-1-272x300.jpg 272w\" sizes=\"(max-width: 426px) 100vw, 426px\" \/><\/figure>\n\n\n\n<figure class=\"wp-block-image size-full\"><img decoding=\"async\" width=\"426\" height=\"470\" data-id=\"2673\" src=\"https:\/\/www.camping-kerabus.com\/wp-content\/uploads\/2023\/01\/camping-kerabus-bretagne-sud.jpg\" alt=\"camping kerabus bretagne sud\" class=\"wp-image-2673\" srcset=\"https:\/\/www.camping-kerabus.com\/wp-content\/uploads\/2023\/01\/camping-kerabus-bretagne-sud.jpg 426w, https:\/\/www.camping-kerabus.com\/wp-content\/uploads\/2023\/01\/camping-kerabus-bretagne-sud-272x300.jpg 272w\" sizes=\"(max-width: 426px) 100vw, 426px\" \/><\/figure>\n\n\n\n<figure class=\"wp-block-image size-full\"><img decoding=\"async\" width=\"900\" height=\"675\" data-id=\"1914\" src=\"https:\/\/www.camping-kerabus.com\/wp-content\/uploads\/2023\/01\/aire-camping-car-bretagne_resultat.webp\" alt=\"Wohnmobilstellplatz Bretagne Ergebnis\" class=\"wp-image-1914\" srcset=\"https:\/\/www.camping-kerabus.com\/wp-content\/uploads\/2023\/01\/aire-camping-car-bretagne_resultat.webp 900w, https:\/\/www.camping-kerabus.com\/wp-content\/uploads\/2023\/01\/aire-camping-car-bretagne_resultat-300x225.webp 300w, https:\/\/www.camping-kerabus.com\/wp-content\/uploads\/2023\/01\/aire-camping-car-bretagne_resultat-768x576.webp 768w\" sizes=\"(max-width: 900px) 100vw, 900px\" \/><\/figure>\n\n\n\n<figure class=\"wp-block-image size-full\"><img decoding=\"async\" width=\"426\" height=\"470\" data-id=\"2670\" src=\"https:\/\/www.camping-kerabus.com\/wp-content\/uploads\/2023\/01\/camping-familial-piscine-chauffee-carnac.jpg\" alt=\"familiencampingplatz beheiztes schwimmbad carnac\" class=\"wp-image-2670\" srcset=\"https:\/\/www.camping-kerabus.com\/wp-content\/uploads\/2023\/01\/camping-familial-piscine-chauffee-carnac.jpg 426w, https:\/\/www.camping-kerabus.com\/wp-content\/uploads\/2023\/01\/camping-familial-piscine-chauffee-carnac-272x300.jpg 272w\" sizes=\"(max-width: 426px) 100vw, 426px\" \/><\/figure>\n<\/figure>\n\n\n    <\/div>\n<\/section>\n\n<section id=\"ls-section-block_8e86135b09e722ba6f454833d3641475\" class=\"ls-section  page-one has-background has-color-3-background-color has-m-t m-t-0 has-m-b m-b-0 has-p-t p-t-10 has-p-b p-b-10\" >\n        <div class=\"container container--wide\">\n        \n\n<div class=\"wp-block-columns is-layout-flex wp-container-core-columns-is-layout-9d6595d7 wp-block-columns-is-layout-flex\">\n<div class=\"wp-block-column is-vertically-aligned-center is-layout-flow wp-block-column-is-layout-flow\">\n<h2 class=\"ls-heading wp-block-heading\">Garantierte Bestpreise direkt \u00fcber die Website des Campingplatzes in Morbihan<\/h2>\n\n\n\n<p class=\"ls-paragraph\">Versuchen Sie nicht, woanders zu buchen, um zum Campingplatz zu kommen. Sie werden keine <strong>besseren Angebote als auf unserer Website finden<\/strong>. <\/p>\n\n\n\n<p class=\"ls-paragraph\">Buchen Sie jetzt Ihren Aufenthalt auf dem Campingplatz K\u00e9rabus in Carnac im Departement Morbihan, einem 3-Sterne-Campingplatz, mit garantierten und 100% sicheren Preisen.<\/p>\n\n\n\n<p class=\"ls-paragraph\">Z\u00f6gern Sie nicht, uns f\u00fcr weitere Informationen zu kontaktieren. Unser Ziel ist es, Ihnen einen f\u00fcr alle erschwinglichen Urlaub zu bieten, der Entspannung, Komfort und kleine Preise miteinander verbindet.<\/p>\n<\/div>\n\n\n\n<div class=\"wp-block-column is-vertically-aligned-center animated fadeInRight is-layout-flow wp-block-column-is-layout-flow\">\n<figure class=\"wp-block-gallery has-nested-images columns-2 is-cropped wp-block-gallery-2 is-layout-flex wp-block-gallery-is-layout-flex\">\n<figure class=\"wp-block-image size-full\"><a href=\"https:\/\/www.camping-kerabus.com\/wp-content\/uploads\/2023\/01\/camping-pas-cher-carnac-morbihan.jpg\"><img decoding=\"async\" width=\"642\" height=\"482\" data-id=\"2680\" src=\"https:\/\/www.camping-kerabus.com\/wp-content\/uploads\/2023\/01\/camping-pas-cher-carnac-morbihan.jpg\" alt=\"g\u00fcnstiger campingplatz carnac morbihan\" class=\"wp-image-2680\" srcset=\"https:\/\/www.camping-kerabus.com\/wp-content\/uploads\/2023\/01\/camping-pas-cher-carnac-morbihan.jpg 642w, https:\/\/www.camping-kerabus.com\/wp-content\/uploads\/2023\/01\/camping-pas-cher-carnac-morbihan-300x225.jpg 300w\" sizes=\"(max-width: 642px) 100vw, 642px\" \/><\/a><\/figure>\n<\/figure>\n<\/div>\n<\/div>\n\n\n    <\/div>\n<\/section>\n\n<section id=\"ls-section-block_0ece6fcef27e78f7c1b237f10068fc96\" class=\"ls-section  page-four\" >\n        <div class=\"container container--wide\">\n        \n\n<div id=\"ls-heading ls-titre-div-block_0e36ce1f25cfef760d82e88a77718848\" class=\"ls-titre-div aligncenter h2-like\" >\n    Entdecken Sie die Unterk\u00fcnfte und das Engagement unseres Campingplatzes<\/div>\n\n\n<div id=\"ls-maillage-block_b8b11fe10b7e17e9d8d34cbe1c182ec6\" class=\"ls-maillage cta-style-normal\" data-rows=\"3\">\r\n    <div class=\"wp-block-columns\"><div class=\"wp-block-column\"><div class=\"ls-cta\">\n\n<a href=\"https:\/\/www.camping-kerabus.com\/de\/standorte\/\" target=\"\" rel=\"noopener\" class=\"ls-cta__link\">\n\n\t<div class=\"ls-cta__image\"><img decoding=\"async\" src=\"https:\/\/www.camping-kerabus.com\/wp-content\/uploads\/2023\/01\/emplacement-familial-au-camping-kerabus-en-bretagne-768x512.jpg\" alt=\"emplacement familial au camping kerabus en bretagne\"><\/div>\n\t<div class=\"ls-cta__title\">\n\t\t<span>Standorte<\/span>\n\t\t<span class=\"kerabus-fleche\"><\/span>\n\t<\/div>\n\n\t\n<\/a><\/div><\/div><div class=\"wp-block-column\"><div class=\"ls-cta\">\n\n<a href=\"https:\/\/www.camping-kerabus.com\/de\/die-verpflichtung-camping-qualite\/\" target=\"\" rel=\"noopener\" class=\"ls-cta__link\">\n\n\t<div class=\"ls-cta__image\"><img decoding=\"async\" src=\"https:\/\/www.camping-kerabus.com\/wp-content\/uploads\/2023\/01\/engagement-eco-responsable-camping-kerabus-768x512.jpg\" alt=\"engagement eco responsable camping kerabus\"><\/div>\n\t<div class=\"ls-cta__title\">\n\t\t<span>Die Verpflichtung Camping Qualit\u00e9<\/span>\n\t\t<span class=\"kerabus-fleche\"><\/span>\n\t<\/div>\n\n\t\n<\/a><\/div><\/div><div class=\"wp-block-column\"><div class=\"ls-cta\">\n\n<a href=\"https:\/\/www.camping-kerabus.com\/de\/tarife\/\" target=\"\" rel=\"noopener\" class=\"ls-cta__link\">\n\n\t<div class=\"ls-cta__image\"><img decoding=\"async\" src=\"https:\/\/www.camping-kerabus.com\/wp-content\/uploads\/2023\/01\/tarifs-emplacement-camping-car-camping-karabus-768x512.jpg\" alt=\"tarifs emplacement camping car camping karabus\"><\/div>\n\t<div class=\"ls-cta__title\">\n\t\t<span>Tarife<\/span>\n\t\t<span class=\"kerabus-fleche\"><\/span>\n\t<\/div>\n\n\t\n<\/a><\/div><\/div><\/div><\/div>\n\n    <\/div>\n<\/section>","protected":false},"excerpt":{"rendered":"","protected":false},"author":1,"featured_media":1347,"parent":0,"menu_order":0,"comment_status":"closed","ping_status":"closed","template":"","meta":{"_acf_changed":false,"footnotes":""},"sujet":[],"class_list":["post-2826","page","type-page","status-publish","has-post-thumbnail","hentry"],"acf":[],"yoast_head":"<!-- This site is optimized with the Yoast SEO plugin v25.3 - https:\/\/yoast.com\/wordpress\/plugins\/seo\/ -->\n<title>Billig Camping Carnac | Billig Camping Bretagne sud<\/title>\n<meta name=\"robots\" content=\"index, follow, max-snippet:-1, max-image-preview:large, max-video-preview:-1\" \/>\n<link rel=\"canonical\" href=\"https:\/\/www.camping-kerabus.com\/de\/tarife\/\" \/>\n<meta property=\"og:locale\" content=\"de_DE\" \/>\n<meta property=\"og:type\" content=\"article\" \/>\n<meta property=\"og:title\" content=\"Billig Camping Carnac | Billig Camping Bretagne sud\" \/>\n<meta property=\"og:url\" content=\"https:\/\/www.camping-kerabus.com\/de\/tarife\/\" \/>\n<meta property=\"og:site_name\" content=\"Camping Kerabus\" \/>\n<meta property=\"article:modified_time\" content=\"2023-01-18T13:01:13+00:00\" \/>\n<meta property=\"og:image\" content=\"https:\/\/www.camping-kerabus.com\/wp-content\/uploads\/2023\/01\/petit-prix-camping-morbihan.jpg\" \/>\n\t<meta property=\"og:image:width\" content=\"1920\" \/>\n\t<meta property=\"og:image:height\" content=\"560\" \/>\n\t<meta property=\"og:image:type\" content=\"image\/jpeg\" \/>\n<meta name=\"twitter:card\" content=\"summary_large_image\" \/>\n<meta name=\"twitter:label1\" content=\"Gesch\u00e4tzte Lesezeit\" \/>\n\t<meta name=\"twitter:data1\" content=\"3\u00a0Minuten\" \/>\n<script type=\"application\/ld+json\" class=\"yoast-schema-graph\">{\"@context\":\"https:\/\/schema.org\",\"@graph\":[{\"@type\":\"WebPage\",\"@id\":\"https:\/\/www.camping-kerabus.com\/de\/tarife\/\",\"url\":\"https:\/\/www.camping-kerabus.com\/de\/tarife\/\",\"name\":\"Billig Camping Carnac | Billig Camping Bretagne sud\",\"isPartOf\":{\"@id\":\"https:\/\/www.camping-kerabus.com\/de\/#website\"},\"primaryImageOfPage\":{\"@id\":\"https:\/\/www.camping-kerabus.com\/de\/tarife\/#primaryimage\"},\"image\":{\"@id\":\"https:\/\/www.camping-kerabus.com\/de\/tarife\/#primaryimage\"},\"thumbnailUrl\":\"https:\/\/www.camping-kerabus.com\/wp-content\/uploads\/2023\/01\/petit-prix-camping-morbihan.jpg\",\"datePublished\":\"2023-01-17T15:41:54+00:00\",\"dateModified\":\"2023-01-18T13:01:13+00:00\",\"breadcrumb\":{\"@id\":\"https:\/\/www.camping-kerabus.com\/de\/tarife\/#breadcrumb\"},\"inLanguage\":\"de\",\"potentialAction\":[{\"@type\":\"ReadAction\",\"target\":[\"https:\/\/www.camping-kerabus.com\/de\/tarife\/\"]}]},{\"@type\":\"ImageObject\",\"inLanguage\":\"de\",\"@id\":\"https:\/\/www.camping-kerabus.com\/de\/tarife\/#primaryimage\",\"url\":\"https:\/\/www.camping-kerabus.com\/wp-content\/uploads\/2023\/01\/petit-prix-camping-morbihan.jpg\",\"contentUrl\":\"https:\/\/www.camping-kerabus.com\/wp-content\/uploads\/2023\/01\/petit-prix-camping-morbihan.jpg\",\"width\":1920,\"height\":560,\"caption\":\"petit prix camping morbihan\"},{\"@type\":\"BreadcrumbList\",\"@id\":\"https:\/\/www.camping-kerabus.com\/de\/tarife\/#breadcrumb\",\"itemListElement\":[{\"@type\":\"ListItem\",\"position\":1,\"name\":\"Camping Carnac\",\"item\":\"https:\/\/www.camping-kerabus.com\/de\/\"},{\"@type\":\"ListItem\",\"position\":2,\"name\":\"Preiswerter Campingplatz Bretagne sud\"}]},{\"@type\":\"WebSite\",\"@id\":\"https:\/\/www.camping-kerabus.com\/de\/#website\",\"url\":\"https:\/\/www.camping-kerabus.com\/de\/\",\"name\":\"Camping Kerabus\",\"description\":\"\",\"publisher\":{\"@id\":\"https:\/\/www.camping-kerabus.com\/de\/#organization\"},\"potentialAction\":[{\"@type\":\"SearchAction\",\"target\":{\"@type\":\"EntryPoint\",\"urlTemplate\":\"https:\/\/www.camping-kerabus.com\/de\/?s={search_term_string}\"},\"query-input\":{\"@type\":\"PropertyValueSpecification\",\"valueRequired\":true,\"valueName\":\"search_term_string\"}}],\"inLanguage\":\"de\"},{\"@type\":\"Organization\",\"@id\":\"https:\/\/www.camping-kerabus.com\/de\/#organization\",\"name\":\"Camping Kerabus\",\"url\":\"https:\/\/www.camping-kerabus.com\/de\/\",\"logo\":{\"@type\":\"ImageObject\",\"inLanguage\":\"de\",\"@id\":\"https:\/\/www.camping-kerabus.com\/de\/#\/schema\/logo\/image\/\",\"url\":\"https:\/\/www.camping-kerabus.com\/wp-content\/uploads\/2022\/12\/logo-camping-kerabus.png\",\"contentUrl\":\"https:\/\/www.camping-kerabus.com\/wp-content\/uploads\/2022\/12\/logo-camping-kerabus.png\",\"width\":500,\"height\":165,\"caption\":\"Camping Kerabus\"},\"image\":{\"@id\":\"https:\/\/www.camping-kerabus.com\/de\/#\/schema\/logo\/image\/\"}}]}<\/script>\n<!-- \/ Yoast SEO plugin. -->","yoast_head_json":{"title":"Billig Camping Carnac | Billig Camping Bretagne sud","robots":{"index":"index","follow":"follow","max-snippet":"max-snippet:-1","max-image-preview":"max-image-preview:large","max-video-preview":"max-video-preview:-1"},"canonical":"https:\/\/www.camping-kerabus.com\/de\/tarife\/","og_locale":"de_DE","og_type":"article","og_title":"Billig Camping Carnac | Billig Camping Bretagne sud","og_url":"https:\/\/www.camping-kerabus.com\/de\/tarife\/","og_site_name":"Camping Kerabus","article_modified_time":"2023-01-18T13:01:13+00:00","og_image":[{"width":1920,"height":560,"url":"https:\/\/www.camping-kerabus.com\/wp-content\/uploads\/2023\/01\/petit-prix-camping-morbihan.jpg","type":"image\/jpeg"}],"twitter_card":"summary_large_image","twitter_misc":{"Gesch\u00e4tzte Lesezeit":"3\u00a0Minuten"},"schema":{"@context":"https:\/\/schema.org","@graph":[{"@type":"WebPage","@id":"https:\/\/www.camping-kerabus.com\/de\/tarife\/","url":"https:\/\/www.camping-kerabus.com\/de\/tarife\/","name":"Billig Camping Carnac | Billig Camping Bretagne sud","isPartOf":{"@id":"https:\/\/www.camping-kerabus.com\/de\/#website"},"primaryImageOfPage":{"@id":"https:\/\/www.camping-kerabus.com\/de\/tarife\/#primaryimage"},"image":{"@id":"https:\/\/www.camping-kerabus.com\/de\/tarife\/#primaryimage"},"thumbnailUrl":"https:\/\/www.camping-kerabus.com\/wp-content\/uploads\/2023\/01\/petit-prix-camping-morbihan.jpg","datePublished":"2023-01-17T15:41:54+00:00","dateModified":"2023-01-18T13:01:13+00:00","breadcrumb":{"@id":"https:\/\/www.camping-kerabus.com\/de\/tarife\/#breadcrumb"},"inLanguage":"de","potentialAction":[{"@type":"ReadAction","target":["https:\/\/www.camping-kerabus.com\/de\/tarife\/"]}]},{"@type":"ImageObject","inLanguage":"de","@id":"https:\/\/www.camping-kerabus.com\/de\/tarife\/#primaryimage","url":"https:\/\/www.camping-kerabus.com\/wp-content\/uploads\/2023\/01\/petit-prix-camping-morbihan.jpg","contentUrl":"https:\/\/www.camping-kerabus.com\/wp-content\/uploads\/2023\/01\/petit-prix-camping-morbihan.jpg","width":1920,"height":560,"caption":"petit prix camping morbihan"},{"@type":"BreadcrumbList","@id":"https:\/\/www.camping-kerabus.com\/de\/tarife\/#breadcrumb","itemListElement":[{"@type":"ListItem","position":1,"name":"Camping Carnac","item":"https:\/\/www.camping-kerabus.com\/de\/"},{"@type":"ListItem","position":2,"name":"Preiswerter Campingplatz Bretagne sud"}]},{"@type":"WebSite","@id":"https:\/\/www.camping-kerabus.com\/de\/#website","url":"https:\/\/www.camping-kerabus.com\/de\/","name":"Camping Kerabus","description":"","publisher":{"@id":"https:\/\/www.camping-kerabus.com\/de\/#organization"},"potentialAction":[{"@type":"SearchAction","target":{"@type":"EntryPoint","urlTemplate":"https:\/\/www.camping-kerabus.com\/de\/?s={search_term_string}"},"query-input":{"@type":"PropertyValueSpecification","valueRequired":true,"valueName":"search_term_string"}}],"inLanguage":"de"},{"@type":"Organization","@id":"https:\/\/www.camping-kerabus.com\/de\/#organization","name":"Camping Kerabus","url":"https:\/\/www.camping-kerabus.com\/de\/","logo":{"@type":"ImageObject","inLanguage":"de","@id":"https:\/\/www.camping-kerabus.com\/de\/#\/schema\/logo\/image\/","url":"https:\/\/www.camping-kerabus.com\/wp-content\/uploads\/2022\/12\/logo-camping-kerabus.png","contentUrl":"https:\/\/www.camping-kerabus.com\/wp-content\/uploads\/2022\/12\/logo-camping-kerabus.png","width":500,"height":165,"caption":"Camping Kerabus"},"image":{"@id":"https:\/\/www.camping-kerabus.com\/de\/#\/schema\/logo\/image\/"}}]}},"_links":{"self":[{"href":"https:\/\/www.camping-kerabus.com\/de\/wp-json\/wp\/v2\/pages\/2826","targetHints":{"allow":["GET"]}}],"collection":[{"href":"https:\/\/www.camping-kerabus.com\/de\/wp-json\/wp\/v2\/pages"}],"about":[{"href":"https:\/\/www.camping-kerabus.com\/de\/wp-json\/wp\/v2\/types\/page"}],"author":[{"embeddable":true,"href":"https:\/\/www.camping-kerabus.com\/de\/wp-json\/wp\/v2\/users\/1"}],"replies":[{"embeddable":true,"href":"https:\/\/www.camping-kerabus.com\/de\/wp-json\/wp\/v2\/comments?post=2826"}],"version-history":[{"count":6,"href":"https:\/\/www.camping-kerabus.com\/de\/wp-json\/wp\/v2\/pages\/2826\/revisions"}],"predecessor-version":[{"id":3263,"href":"https:\/\/www.camping-kerabus.com\/de\/wp-json\/wp\/v2\/pages\/2826\/revisions\/3263"}],"wp:featuredmedia":[{"embeddable":true,"href":"https:\/\/www.camping-kerabus.com\/de\/wp-json\/wp\/v2\/media\/1347"}],"wp:attachment":[{"href":"https:\/\/www.camping-kerabus.com\/de\/wp-json\/wp\/v2\/media?parent=2826"}],"wp:term":[{"taxonomy":"sujet","embeddable":true,"href":"https:\/\/www.camping-kerabus.com\/de\/wp-json\/wp\/v2\/sujet?post=2826"}],"curies":[{"name":"wp","href":"https:\/\/api.w.org\/{rel}","templated":true}]}}