{"id":2822,"date":"2023-01-17T16:38:17","date_gmt":"2023-01-17T15:38:17","guid":{"rendered":"https:\/\/www.camping-kerabus.com\/halbinsel-quiberon\/"},"modified":"2023-01-18T13:56:57","modified_gmt":"2023-01-18T12:56:57","slug":"halbinsel-quiberon","status":"publish","type":"page","link":"https:\/\/www.camping-kerabus.com\/de\/halbinsel-quiberon\/","title":{"rendered":"Halbinsel Quiberon"},"content":{"rendered":"<section id=\"ls-section-block_f78c5b912cf3104c0f4c21e76c3a7079\" class=\"ls-section  page-one has-parallax has-m-b m-b-0 has-p-t p-t-0 has-p-b p-b-0\" >\n        <div class=\"container container--wide\">\n        \n\n<h1 class=\"ls__heading has-text-align-center wp-block-heading\">Genie\u00dfen Sie einen Zwischenstopp auf der Halbinsel Quiberon<\/h1>\n\n\n    <\/div>\n<\/section>\n\n<section id=\"ls-section-block_649cfb131d211c4de3aeacd856f2d65e\" class=\"ls-section  page-one has-background-image has-parallax has-p-t p-t-0\" >\n    <div class=\"ls-section__background-image opacity-100\"><img decoding=\"async\" src=\"https:\/\/www.camping-kerabus.com\/wp-content\/uploads\/2023\/01\/baie-de-quiberon-morbihan.jpg\" alt=\"baie de quiberon morbihan\"><\/div>    <div class=\"container container--wide\">\n        \n\n<div class=\"wp-block-columns has-color-white-background-color has-background is-layout-flex wp-container-core-columns-is-layout-9d6595d7 wp-block-columns-is-layout-flex\">\n<div class=\"wp-block-column is-vertically-aligned-top is-layout-flow wp-block-column-is-layout-flow\">\n<h2 class=\"ls-heading wp-block-heading\">Tourismus und Entspannung in Quiberon <\/h2>\n\n\n\n<p class=\"ls-paragraph\">Wenn Sie eine Ferienunterkunft in der N\u00e4he der <a href=\"https:\/\/www.tourismebretagne.com\/destinations\/les-10-destinations\/bretagne-sud-golfe-du-morbihan\/la-presquile-de-quiberon\/\">Halbinsel Quiberon<\/a> suchen, wenden Sie sich an den <a href=\"\/de\/\">Campingplatz*** de Kerabus<\/a> im Departement Morbihan unter der Telefonnummer 02 97 52 24 90, um sich \u00fcber die Verf\u00fcgbarkeit zu informieren.<\/p>\n<\/div>\n\n\n\n<div class=\"wp-block-column is-vertically-aligned-top is-layout-flow wp-block-column-is-layout-flow\">\n<p class=\"ls-paragraph\">\u00c0 18 km du camping, Quiberon, <strong>station baln\u00e9aire<\/strong> anim\u00e9e r\u00e9put\u00e9e pour ses paysages sauvages, ses plages de sable fin et ses animations estivales sur le front de mer est une <strong>\u00e9tape incontournable<\/strong> de vos vacances dans le Golfe du Morbihan.<\/p>\n<\/div>\n<\/div>\n\n\n    <\/div>\n<\/section>\n\n<section id=\"ls-section-block_58886c33dc65e5810b474ac72071ad08\" class=\"ls-section  page-two has-background has-color-1-background-color has-text-color has-color-white-color has-m-t m-t-0 has-p-t p-t-8\" >\n        <div class=\"container container--wide\">\n        \n\n<p class=\"ls-paragraph\">Wandern Sie auf den Pfaden der <strong>wilden K\u00fcste<\/strong> und <strong>entspannen<\/strong> Sie sich an den sch\u00f6nen Sandstr\u00e4nden. Quiberon bietet Urlaubern eine gro\u00dfe Vielfalt an <strong>unber\u00fchrten Landschaften<\/strong>, die Wanderer und Genie\u00dfer mit Sicherheit begeistern werden. Machen Sie einen Halt auf der <strong>Landspitze<\/strong> Beg-er-Goalennec und genie\u00dfen Sie den atemberaubenden Blick auf das offene Meer und Belle-\u00eele-en-Mer.<\/p>\n\n\n\n<p class=\"ls-paragraph\">Die Halbinsel ist auch Ausgangspunkt f\u00fcr Kreuzfahrten zu den Inseln des Golfs von Morbihan, Belle-Ile, Houat und Ho\u00ebdic.<\/p>\n\n\n    <\/div>\n<\/section>\n\n<section id=\"ls-section-block_b2be658b59d63a33d0f45a71c2c783d9\" class=\"ls-section  home-third page-three has-background-image has-parallax\" >\n    <div class=\"ls-section__background-image opacity-100\"><img decoding=\"async\" src=\"https:\/\/www.camping-kerabus.com\/wp-content\/uploads\/2023\/01\/plage-de-quiberon.jpg\" alt=\"plage de quiberon\"><\/div>    <div class=\"container container--wide\">\n        \n\n<div class=\"wp-block-columns p-t-8 has-color-white-background-color has-background is-layout-flex wp-container-core-columns-is-layout-9d6595d7 wp-block-columns-is-layout-flex\">\n<div class=\"wp-block-column is-layout-flow wp-block-column-is-layout-flow\">\n<h2 class=\"ls__heading has-text-align-center wp-block-heading\">Ihr Ferienhaus in der N\u00e4he von Quiberon<\/h2>\n\n\n\n<p class=\"ls-paragraph\">Wenn Sie sich in Carnac auf dem Campingplatz K\u00e9rabus aufhalten, empfehlen wir Ihnen, einen Tagesausflug nach Quiberon zu unternehmen. Au\u00dferhalb der Saison ist es relativ einfach, mit dem Auto dorthin zu gelangen, aber einige Urlauber haben im Sommer Schwierigkeiten. F\u00fcr diese Zeit gibt es mehrere M\u00f6glichkeiten, wie Sie dorthin gelangen k\u00f6nnen: <\/p>\n\n\n\n<ul class=\"ls-list wp-block-list\">\n<li><strong>Radweg \/ Gr\u00fcner Weg von Plouharnel nach Quiberon.<\/strong><\/li>\n\n\n\n<li><strong>Sommerzug: Der Korkenzieherzug, der w\u00e4hrend der Sommersaison Auray mit der Halbinsel Quiberon verbindet (t\u00e4glich im Juli und August).<\/strong><\/li>\n<\/ul>\n\n\n\n<p class=\"ls-paragraph\">So k\u00f6nnen Sie die 8 km lange wilde K\u00fcste von Quiberon und auch die wundersch\u00f6nen <strong>Str\u00e4nde entdecken.<\/strong> Hier finden Sie die traditionellen M\u00e4rkte: Samstags morgens von 8:00 bis 13:00 Uhr in Quiberon, Place du Varquez und donnerstags in Saint Pierre Quiberon, Place du march\u00e9 von 8:00 bis 13:00 Uhr. <strong>Buchen Sie Ihre Ferienunterkunft<\/strong> in Carnac auf dem Campingplatz Kerabus in Carnac, so sind Sie ganz in der N\u00e4he von Quiberon!<\/p>\n\n\n\r\n<a href=\"https:\/\/www.camping-kerabus.com\/de\/ferienwohnung\/\" id=\"ls-button-block_5823566d040bb4ddf2e055ace6009e6d\" target=\"\" rel=\"\" class=\"ls-button m-t-0 has-text-color has-color-1-color has-m-t m-t-0 has-m-b m-b-10\" >\r\n<span class=\"ls-button__void\"><\/span> \r\n<span class=\"ls-button__text\">Entdecken Sie unsere Unterk\u00fcnfte<\/span> \r\n<i class='kerabus-fleche-4'><\/i>\r\n<\/a>\r\n<\/div>\n<\/div>\n\n\n    <\/div>\n<\/section>\n\n<section id=\"ls-section-block_b589feba80dd55a3cf81eb735f67b5bf\" class=\"ls-section  page-four has-m-t m-t-0 has-p-t p-t-0\" >\n        <div class=\"container container--wide\">\n        \n\n<div id=\"ls-heading ls-titre-div-block_b90fa7e39900eaac10447c816132d239\" class=\"ls-titre-div aligncenter h2-like\" >\n    In der Umgebung zu entdecken<\/div>\n\n\n<div id=\"ls-maillage-block_b2864022a426a550ccb10c94847bdcf3\" class=\"ls-maillage cta-style-normal\" data-rows=\"3\">\r\n    <div class=\"wp-block-columns\"><div class=\"wp-block-column\"><div class=\"ls-cta\">\n\n<a href=\"https:\/\/www.camping-kerabus.com\/de\/activity-bretagne\/\" target=\"\" rel=\"noopener\" class=\"ls-cta__link\">\n\n\t<div class=\"ls-cta__image\"><img decoding=\"async\" src=\"https:\/\/www.camping-kerabus.com\/wp-content\/uploads\/2023\/01\/activites-a-faire-en-bretagne.jpg\" alt=\"activits \u00e0 faire en bretagne\"><\/div>\n\t<div class=\"ls-cta__title\">\n\t\t<span>Aktivit\u00e4ten in der Bretagne<\/span>\n\t\t<span class=\"kerabus-fleche\"><\/span>\n\t<\/div>\n\n\t\n<\/a><\/div><\/div><div class=\"wp-block-column\"><div class=\"ls-cta\">\n\n<a href=\"https:\/\/www.camping-kerabus.com\/de\/la-trinite-sur-mer\/\" target=\"\" rel=\"noopener\" class=\"ls-cta__link\">\n\n\t<div class=\"ls-cta__image\"><img decoding=\"async\" src=\"https:\/\/www.camping-kerabus.com\/wp-content\/uploads\/2023\/01\/port-bretagne-trinite.jpg\" alt=\"port bretagne trinite\"><\/div>\n\t<div class=\"ls-cta__title\">\n\t\t<span>La Trinit\u00e9-sur-Mer<\/span>\n\t\t<span class=\"kerabus-fleche\"><\/span>\n\t<\/div>\n\n\t\n<\/a><\/div><\/div><div class=\"wp-block-column\"><div class=\"ls-cta\">\n\n<a href=\"https:\/\/www.camping-kerabus.com\/de\/belle-ile-en-mer\/\" target=\"\" rel=\"noopener\" class=\"ls-cta__link\">\n\n\t<div class=\"ls-cta__image\"><img decoding=\"async\" src=\"https:\/\/www.camping-kerabus.com\/wp-content\/uploads\/2023\/01\/visiter-belle-ile-en-mer.jpg\" alt=\"visiter belle-ile-en-mer\"><\/div>\n\t<div class=\"ls-cta__title\">\n\t\t<span>Belle-\u00cele-en-Mer<\/span>\n\t\t<span class=\"kerabus-fleche\"><\/span>\n\t<\/div>\n\n\t\n<\/a><\/div><\/div><\/div><\/div>\n\n    <\/div>\n<\/section>","protected":false},"excerpt":{"rendered":"","protected":false},"author":1,"featured_media":2104,"parent":0,"menu_order":0,"comment_status":"closed","ping_status":"closed","template":"","meta":{"_acf_changed":false,"footnotes":""},"sujet":[],"class_list":["post-2822","page","type-page","status-publish","has-post-thumbnail","hentry"],"acf":[],"yoast_head":"<!-- This site is optimized with the Yoast SEO plugin v25.3 - https:\/\/yoast.com\/wordpress\/plugins\/seo\/ -->\n<title>Camping in der N\u00e4he von Presqu&#039;\u00eele de Quiberon | Presqu&#039;\u00eele de Quiberon besuchen<\/title>\n<meta name=\"robots\" content=\"index, follow, max-snippet:-1, max-image-preview:large, max-video-preview:-1\" \/>\n<link rel=\"canonical\" href=\"https:\/\/www.camping-kerabus.com\/de\/halbinsel-quiberon\/\" \/>\n<meta property=\"og:locale\" content=\"de_DE\" \/>\n<meta property=\"og:type\" content=\"article\" \/>\n<meta property=\"og:title\" content=\"Camping in der N\u00e4he von Presqu&#039;\u00eele de Quiberon | Presqu&#039;\u00eele de Quiberon besuchen\" \/>\n<meta property=\"og:url\" content=\"https:\/\/www.camping-kerabus.com\/de\/halbinsel-quiberon\/\" \/>\n<meta property=\"og:site_name\" content=\"Camping Kerabus\" \/>\n<meta property=\"article:modified_time\" content=\"2023-01-18T12:56:57+00:00\" \/>\n<meta property=\"og:image\" content=\"https:\/\/www.camping-kerabus.com\/wp-content\/uploads\/2023\/01\/visiter-quiberon-en-bretagne-camping-kerabus.jpg\" \/>\n\t<meta property=\"og:image:width\" content=\"1920\" \/>\n\t<meta property=\"og:image:height\" content=\"560\" \/>\n\t<meta property=\"og:image:type\" content=\"image\/jpeg\" \/>\n<meta name=\"twitter:card\" content=\"summary_large_image\" \/>\n<meta name=\"twitter:label1\" content=\"Gesch\u00e4tzte Lesezeit\" \/>\n\t<meta name=\"twitter:data1\" content=\"2\u00a0Minuten\" \/>\n<script type=\"application\/ld+json\" class=\"yoast-schema-graph\">{\"@context\":\"https:\/\/schema.org\",\"@graph\":[{\"@type\":\"WebPage\",\"@id\":\"https:\/\/www.camping-kerabus.com\/de\/halbinsel-quiberon\/\",\"url\":\"https:\/\/www.camping-kerabus.com\/de\/halbinsel-quiberon\/\",\"name\":\"Camping in der N\u00e4he von Presqu'\u00eele de Quiberon | Presqu'\u00eele de Quiberon besuchen\",\"isPartOf\":{\"@id\":\"https:\/\/www.camping-kerabus.com\/de\/#website\"},\"primaryImageOfPage\":{\"@id\":\"https:\/\/www.camping-kerabus.com\/de\/halbinsel-quiberon\/#primaryimage\"},\"image\":{\"@id\":\"https:\/\/www.camping-kerabus.com\/de\/halbinsel-quiberon\/#primaryimage\"},\"thumbnailUrl\":\"https:\/\/www.camping-kerabus.com\/wp-content\/uploads\/2023\/01\/visiter-quiberon-en-bretagne-camping-kerabus.jpg\",\"datePublished\":\"2023-01-17T15:38:17+00:00\",\"dateModified\":\"2023-01-18T12:56:57+00:00\",\"breadcrumb\":{\"@id\":\"https:\/\/www.camping-kerabus.com\/de\/halbinsel-quiberon\/#breadcrumb\"},\"inLanguage\":\"de\",\"potentialAction\":[{\"@type\":\"ReadAction\",\"target\":[\"https:\/\/www.camping-kerabus.com\/de\/halbinsel-quiberon\/\"]}]},{\"@type\":\"ImageObject\",\"inLanguage\":\"de\",\"@id\":\"https:\/\/www.camping-kerabus.com\/de\/halbinsel-quiberon\/#primaryimage\",\"url\":\"https:\/\/www.camping-kerabus.com\/wp-content\/uploads\/2023\/01\/visiter-quiberon-en-bretagne-camping-kerabus.jpg\",\"contentUrl\":\"https:\/\/www.camping-kerabus.com\/wp-content\/uploads\/2023\/01\/visiter-quiberon-en-bretagne-camping-kerabus.jpg\",\"width\":1920,\"height\":560,\"caption\":\"visiter quiberon en bretagne camping kerabus\"},{\"@type\":\"BreadcrumbList\",\"@id\":\"https:\/\/www.camping-kerabus.com\/de\/halbinsel-quiberon\/#breadcrumb\",\"itemListElement\":[{\"@type\":\"ListItem\",\"position\":1,\"name\":\"Camping Carnac\",\"item\":\"https:\/\/www.camping-kerabus.com\/de\/\"},{\"@type\":\"ListItem\",\"position\":2,\"name\":\"Die Halbinsel Quiberon besuchen\"}]},{\"@type\":\"WebSite\",\"@id\":\"https:\/\/www.camping-kerabus.com\/de\/#website\",\"url\":\"https:\/\/www.camping-kerabus.com\/de\/\",\"name\":\"Camping Kerabus\",\"description\":\"\",\"publisher\":{\"@id\":\"https:\/\/www.camping-kerabus.com\/de\/#organization\"},\"potentialAction\":[{\"@type\":\"SearchAction\",\"target\":{\"@type\":\"EntryPoint\",\"urlTemplate\":\"https:\/\/www.camping-kerabus.com\/de\/?s={search_term_string}\"},\"query-input\":{\"@type\":\"PropertyValueSpecification\",\"valueRequired\":true,\"valueName\":\"search_term_string\"}}],\"inLanguage\":\"de\"},{\"@type\":\"Organization\",\"@id\":\"https:\/\/www.camping-kerabus.com\/de\/#organization\",\"name\":\"Camping Kerabus\",\"url\":\"https:\/\/www.camping-kerabus.com\/de\/\",\"logo\":{\"@type\":\"ImageObject\",\"inLanguage\":\"de\",\"@id\":\"https:\/\/www.camping-kerabus.com\/de\/#\/schema\/logo\/image\/\",\"url\":\"https:\/\/www.camping-kerabus.com\/wp-content\/uploads\/2022\/12\/logo-camping-kerabus.png\",\"contentUrl\":\"https:\/\/www.camping-kerabus.com\/wp-content\/uploads\/2022\/12\/logo-camping-kerabus.png\",\"width\":500,\"height\":165,\"caption\":\"Camping Kerabus\"},\"image\":{\"@id\":\"https:\/\/www.camping-kerabus.com\/de\/#\/schema\/logo\/image\/\"}}]}<\/script>\n<!-- \/ Yoast SEO plugin. -->","yoast_head_json":{"title":"Camping in der N\u00e4he von Presqu'\u00eele de Quiberon | Presqu'\u00eele de Quiberon besuchen","robots":{"index":"index","follow":"follow","max-snippet":"max-snippet:-1","max-image-preview":"max-image-preview:large","max-video-preview":"max-video-preview:-1"},"canonical":"https:\/\/www.camping-kerabus.com\/de\/halbinsel-quiberon\/","og_locale":"de_DE","og_type":"article","og_title":"Camping in der N\u00e4he von Presqu'\u00eele de Quiberon | Presqu'\u00eele de Quiberon besuchen","og_url":"https:\/\/www.camping-kerabus.com\/de\/halbinsel-quiberon\/","og_site_name":"Camping Kerabus","article_modified_time":"2023-01-18T12:56:57+00:00","og_image":[{"width":1920,"height":560,"url":"https:\/\/www.camping-kerabus.com\/wp-content\/uploads\/2023\/01\/visiter-quiberon-en-bretagne-camping-kerabus.jpg","type":"image\/jpeg"}],"twitter_card":"summary_large_image","twitter_misc":{"Gesch\u00e4tzte Lesezeit":"2\u00a0Minuten"},"schema":{"@context":"https:\/\/schema.org","@graph":[{"@type":"WebPage","@id":"https:\/\/www.camping-kerabus.com\/de\/halbinsel-quiberon\/","url":"https:\/\/www.camping-kerabus.com\/de\/halbinsel-quiberon\/","name":"Camping in der N\u00e4he von Presqu'\u00eele de Quiberon | Presqu'\u00eele de Quiberon besuchen","isPartOf":{"@id":"https:\/\/www.camping-kerabus.com\/de\/#website"},"primaryImageOfPage":{"@id":"https:\/\/www.camping-kerabus.com\/de\/halbinsel-quiberon\/#primaryimage"},"image":{"@id":"https:\/\/www.camping-kerabus.com\/de\/halbinsel-quiberon\/#primaryimage"},"thumbnailUrl":"https:\/\/www.camping-kerabus.com\/wp-content\/uploads\/2023\/01\/visiter-quiberon-en-bretagne-camping-kerabus.jpg","datePublished":"2023-01-17T15:38:17+00:00","dateModified":"2023-01-18T12:56:57+00:00","breadcrumb":{"@id":"https:\/\/www.camping-kerabus.com\/de\/halbinsel-quiberon\/#breadcrumb"},"inLanguage":"de","potentialAction":[{"@type":"ReadAction","target":["https:\/\/www.camping-kerabus.com\/de\/halbinsel-quiberon\/"]}]},{"@type":"ImageObject","inLanguage":"de","@id":"https:\/\/www.camping-kerabus.com\/de\/halbinsel-quiberon\/#primaryimage","url":"https:\/\/www.camping-kerabus.com\/wp-content\/uploads\/2023\/01\/visiter-quiberon-en-bretagne-camping-kerabus.jpg","contentUrl":"https:\/\/www.camping-kerabus.com\/wp-content\/uploads\/2023\/01\/visiter-quiberon-en-bretagne-camping-kerabus.jpg","width":1920,"height":560,"caption":"visiter quiberon en bretagne camping kerabus"},{"@type":"BreadcrumbList","@id":"https:\/\/www.camping-kerabus.com\/de\/halbinsel-quiberon\/#breadcrumb","itemListElement":[{"@type":"ListItem","position":1,"name":"Camping Carnac","item":"https:\/\/www.camping-kerabus.com\/de\/"},{"@type":"ListItem","position":2,"name":"Die Halbinsel Quiberon besuchen"}]},{"@type":"WebSite","@id":"https:\/\/www.camping-kerabus.com\/de\/#website","url":"https:\/\/www.camping-kerabus.com\/de\/","name":"Camping Kerabus","description":"","publisher":{"@id":"https:\/\/www.camping-kerabus.com\/de\/#organization"},"potentialAction":[{"@type":"SearchAction","target":{"@type":"EntryPoint","urlTemplate":"https:\/\/www.camping-kerabus.com\/de\/?s={search_term_string}"},"query-input":{"@type":"PropertyValueSpecification","valueRequired":true,"valueName":"search_term_string"}}],"inLanguage":"de"},{"@type":"Organization","@id":"https:\/\/www.camping-kerabus.com\/de\/#organization","name":"Camping Kerabus","url":"https:\/\/www.camping-kerabus.com\/de\/","logo":{"@type":"ImageObject","inLanguage":"de","@id":"https:\/\/www.camping-kerabus.com\/de\/#\/schema\/logo\/image\/","url":"https:\/\/www.camping-kerabus.com\/wp-content\/uploads\/2022\/12\/logo-camping-kerabus.png","contentUrl":"https:\/\/www.camping-kerabus.com\/wp-content\/uploads\/2022\/12\/logo-camping-kerabus.png","width":500,"height":165,"caption":"Camping Kerabus"},"image":{"@id":"https:\/\/www.camping-kerabus.com\/de\/#\/schema\/logo\/image\/"}}]}},"_links":{"self":[{"href":"https:\/\/www.camping-kerabus.com\/de\/wp-json\/wp\/v2\/pages\/2822","targetHints":{"allow":["GET"]}}],"collection":[{"href":"https:\/\/www.camping-kerabus.com\/de\/wp-json\/wp\/v2\/pages"}],"about":[{"href":"https:\/\/www.camping-kerabus.com\/de\/wp-json\/wp\/v2\/types\/page"}],"author":[{"embeddable":true,"href":"https:\/\/www.camping-kerabus.com\/de\/wp-json\/wp\/v2\/users\/1"}],"replies":[{"embeddable":true,"href":"https:\/\/www.camping-kerabus.com\/de\/wp-json\/wp\/v2\/comments?post=2822"}],"version-history":[{"count":11,"href":"https:\/\/www.camping-kerabus.com\/de\/wp-json\/wp\/v2\/pages\/2822\/revisions"}],"predecessor-version":[{"id":3252,"href":"https:\/\/www.camping-kerabus.com\/de\/wp-json\/wp\/v2\/pages\/2822\/revisions\/3252"}],"wp:featuredmedia":[{"embeddable":true,"href":"https:\/\/www.camping-kerabus.com\/de\/wp-json\/wp\/v2\/media\/2104"}],"wp:attachment":[{"href":"https:\/\/www.camping-kerabus.com\/de\/wp-json\/wp\/v2\/media?parent=2822"}],"wp:term":[{"taxonomy":"sujet","embeddable":true,"href":"https:\/\/www.camping-kerabus.com\/de\/wp-json\/wp\/v2\/sujet?post=2822"}],"curies":[{"name":"wp","href":"https:\/\/api.w.org\/{rel}","templated":true}]}}