{"id":2810,"date":"2023-01-17T16:21:00","date_gmt":"2023-01-17T15:21:00","guid":{"rendered":"https:\/\/www.camping-kerabus.com\/der-campingplatz\/"},"modified":"2023-01-23T15:01:16","modified_gmt":"2023-01-23T14:01:16","slug":"der-campingplatz","status":"publish","type":"page","link":"https:\/\/www.camping-kerabus.com\/de\/der-campingplatz\/","title":{"rendered":"Der Campingplatz"},"content":{"rendered":"<section id=\"ls-section-block_5032a0a2c4f49be175fdda1a83f76233\" class=\"ls-section  has-p-b p-b-0\" >\n        <div class=\"container container--wide\">\n        \n\n<h1 class=\"ls__heading has-text-align-center wp-block-heading\">3-Sterne-Campingplatz kerabus im morbihan<\/h1>\n\n\n    <\/div>\n<\/section>\n\n<section id=\"ls-section-block_2cfe0c489a735f4a48ddd93b7e0dc7f6\" class=\"ls-section  page-one has-background-image has-parallax has-p-t p-t-0\" >\n    <div class=\"ls-section__background-image opacity-100\"><img decoding=\"async\" src=\"https:\/\/www.camping-kerabus.com\/wp-content\/uploads\/2023\/01\/plages-proche-camping-kerabus.jpg\" alt=\"plages proche camping kerabus\"><\/div>    <div class=\"container container--wide\">\n        \n\n<div class=\"wp-block-columns has-color-white-background-color has-background is-layout-flex wp-container-core-columns-is-layout-9d6595d7 wp-block-columns-is-layout-flex\">\n<div class=\"wp-block-column is-vertically-aligned-top is-layout-flow wp-block-column-is-layout-flow\">\n<p class=\"ls-paragraph\">Unser kleiner, 1970 gegr\u00fcndeter Familiencampingplatz in Carnac liegt nur 200 m von den ber\u00fchmten Menhirreihen von Le M\u00e9nec, 1500 m von der Stadt und ihren Gesch\u00e4ften und 2,5 km von den Str\u00e4nden entfernt, die von Mitte Juli bis Ende August von der Carnavette (vom Campingplatz aus) angefahren werden.<\/p>\n<\/div>\n\n\n\n<div class=\"wp-block-column is-vertically-aligned-top is-layout-flow wp-block-column-is-layout-flow\">\n<p class=\"ls-paragraph\">Er ist der ideale Ausgangspunkt f\u00fcr Wanderer und Radfahrer dank der zahlreichen Wanderwege ab dem Campingplatz und auch f\u00fcr Surfer und Windsurfer, die von unseren sch\u00f6nen Str\u00e4nden &#8222;Surfspot&#8220; in der Bucht von Quiberon angezogen werden.<\/p>\n<\/div>\n<\/div>\n\n\n    <\/div>\n<\/section>\n\n<section id=\"ls-section-block_7bf8f006021be6a7fab39c1bdf1b3f61\" class=\"ls-section  page-two has-background has-color-1-background-color has-text-color has-color-white-color has-p-t p-t-8\" >\n        <div class=\"container container--wide\">\n        \n\n<p class=\"ls-paragraph\">Sie werden von seinen 93 Stellpl\u00e4tzen begeistert sein, die inmitten eines wundersch\u00f6nen Parks mit Schirmpinien eingebettet sind und ihn unbestreitbar zu einem charmanten Campingplatz in Carnac machen.<\/p>\n\n\n\n<p class=\"ls-paragraph\">Der Campingplatz K\u00e9rabus in Carnac tr\u00e4gt das G\u00fctesiegel Camping Qualit\u00e9, Qualit\u00e9 Tourisme, Camping Relax und ist seit jeher daf\u00fcr bekannt, ein \u00fcberschaubarer, ruhiger Campingplatz zu sein, der zum Entspannen und Erholen einl\u00e4dt und Modernit\u00e4t und Authentizit\u00e4t miteinander verbindet!<\/p>\n\n\n\n<p class=\"ls-paragraph\">Wenn Sie sich einen erholsamen Urlaub w\u00fcnschen, sich entspannen und gleichzeitig Spa\u00df haben wollen, dann werden Sie insbesondere die Qualit\u00e4t unserer halbschattigen, durch Hecken abgegrenzten Stellpl\u00e4tze und auch den Komfort unserer 23 neuen Mietunterk\u00fcnfte (22 Mobilheime und 1 Lodge) zu sch\u00e4tzen wissen. Wir akzeptieren Ihr Haustier (Hund), wenn es an der Leine gef\u00fchrt und geimpft ist, und gegen einen kleinen Aufpreis!<\/p>\n\n\n\n<figure class=\"wp-block-gallery has-nested-images columns-default is-cropped galerie-container wp-block-gallery-1 is-layout-flex wp-block-gallery-is-layout-flex\">\n<figure class=\"wp-block-image size-full\"><img decoding=\"async\" width=\"426\" height=\"470\" data-id=\"2531\" src=\"https:\/\/www.camping-kerabus.com\/wp-content\/uploads\/2023\/01\/louer-un-mobil-home-dans-le-morbihan.jpg\" alt=\"mieten eines mobilheims im morbihan\" class=\"wp-image-2531\" srcset=\"https:\/\/www.camping-kerabus.com\/wp-content\/uploads\/2023\/01\/louer-un-mobil-home-dans-le-morbihan.jpg 426w, https:\/\/www.camping-kerabus.com\/wp-content\/uploads\/2023\/01\/louer-un-mobil-home-dans-le-morbihan-272x300.jpg 272w\" sizes=\"(max-width: 426px) 100vw, 426px\" \/><\/figure>\n\n\n\n<figure class=\"wp-block-image size-full\"><img decoding=\"async\" width=\"426\" height=\"470\" data-id=\"2528\" src=\"https:\/\/www.camping-kerabus.com\/wp-content\/uploads\/2023\/01\/camping-calme-en-bretagne.jpg\" alt=\"ruhiger campingplatz in der bretagne\" class=\"wp-image-2528\" srcset=\"https:\/\/www.camping-kerabus.com\/wp-content\/uploads\/2023\/01\/camping-calme-en-bretagne.jpg 426w, https:\/\/www.camping-kerabus.com\/wp-content\/uploads\/2023\/01\/camping-calme-en-bretagne-272x300.jpg 272w\" sizes=\"(max-width: 426px) 100vw, 426px\" \/><\/figure>\n\n\n\n<figure class=\"wp-block-image size-full\"><img decoding=\"async\" width=\"426\" height=\"470\" data-id=\"2525\" src=\"https:\/\/www.camping-kerabus.com\/wp-content\/uploads\/2023\/01\/emplacement-tente-camping-car-bretagne-sud.jpg\" alt=\"stellplatz zelt wohnmobil bretagne sud\" class=\"wp-image-2525\" srcset=\"https:\/\/www.camping-kerabus.com\/wp-content\/uploads\/2023\/01\/emplacement-tente-camping-car-bretagne-sud.jpg 426w, https:\/\/www.camping-kerabus.com\/wp-content\/uploads\/2023\/01\/emplacement-tente-camping-car-bretagne-sud-272x300.jpg 272w\" sizes=\"(max-width: 426px) 100vw, 426px\" \/><\/figure>\n\n\n\n<figure class=\"wp-block-image size-full\"><img decoding=\"async\" width=\"426\" height=\"470\" data-id=\"2534\" src=\"https:\/\/www.camping-kerabus.com\/wp-content\/uploads\/2023\/01\/camping-familial-carnac.jpg\" alt=\"camping famili\u00e4r carnac\" class=\"wp-image-2534\" srcset=\"https:\/\/www.camping-kerabus.com\/wp-content\/uploads\/2023\/01\/camping-familial-carnac.jpg 426w, https:\/\/www.camping-kerabus.com\/wp-content\/uploads\/2023\/01\/camping-familial-carnac-272x300.jpg 272w\" sizes=\"(max-width: 426px) 100vw, 426px\" \/><\/figure>\n<\/figure>\n\n\n    <\/div>\n<\/section>\n\n<section id=\"ls-section-block_3327e0ef6771ee79c0062d3276ddea58\" class=\"ls-section  home-third page-three has-background-image has-parallax\" >\n    <div class=\"ls-section__background-image opacity-100\"><img decoding=\"async\" src=\"https:\/\/www.camping-kerabus.com\/wp-content\/uploads\/2023\/01\/piscine-camping-kerabus.jpg\" alt=\"piscine camping kerabus\"><\/div>    <div class=\"container container--wide\">\n        \n\n<div class=\"wp-block-columns is-layout-flex wp-container-core-columns-is-layout-9d6595d7 wp-block-columns-is-layout-flex\">\n<div class=\"wp-block-column is-layout-flow wp-block-column-is-layout-flow\">\n<p class=\"ls-paragraph has-text-align-center\">Zu Ihrer Verf\u00fcgung stehen ein sch\u00f6nes beheiztes Schwimmbad und ein ebenfalls beheiztes Planschbecken (bis zum 15. September), 3 Sanit\u00e4ranlagen, darunter eine neue f\u00fcr Personen mit eingeschr\u00e4nkter Mobilit\u00e4t, H\u00fcpfburgen und ein Multisportplatz (Fu\u00dfball, Basketball, P\u00e9tanque), um einen angenehmen Urlaub mit Ihren Lieben zu verbringen.<\/p>\n\n\n\n<p class=\"ls-paragraph has-text-align-center\">Le K\u00e9rabus ist ein kleiner Campingplatz in Carnac ohne Animation, einer der wenigen in Carnac, der Ihnen jedoch zahlreiche Serviceleistungen bietet, wie z. B. einen Lebensmittelladen mit Brot- und Eisverkauf, WLAN-Internet, einen Entspannungsbereich mit TV und vieles mehr zu Ihrem Vergn\u00fcgen.<\/p>\n<\/div>\n<\/div>\n\n\n    <\/div>\n<\/section>\n\n<section id=\"ls-section-block_28168f6e4017f89b9a5c1daa77ff2852\" class=\"ls-section  page-one has-background has-color-3-background-color has-m-b m-b-0 has-p-t p-t-8 has-p-b p-b-8\" >\n        <div class=\"container container--wide\">\n        \n\n<div class=\"wp-block-columns is-layout-flex wp-container-core-columns-is-layout-9d6595d7 wp-block-columns-is-layout-flex\">\n<div class=\"wp-block-column is-vertically-aligned-center is-layout-flow wp-block-column-is-layout-flow\">\n<p class=\"ls-paragraph\">Schlie\u00dflich arbeitet das gesamte Team des Campingplatzes t\u00e4glich daran, Ihnen qualitativ hochwertige Leistungen, tadellose Sauberkeit und einen herzlichen Empfang zu bieten, denn unsere Priorit\u00e4t ist das Wohlbefinden unserer Urlauber!<\/p>\n\n\n\n<p class=\"ls-paragraph\">Das <strong>weltber\u00fchmte<\/strong> Carnac wird wegen seiner Menhirreihen besucht, aber auch wegen seines Badeortes, der es zu einem beliebten Reiseziel macht. Carnac ist auch ein familienfreundliches Reiseziel, an dem man die Freizeit- und Unterhaltungsangebote f\u00fcr alle nutzen, die atemberaubende Landschaft bewundern und auf Entdeckungsreise zu den Sch\u00e4tzen des Kulturerbes gehen kann.<\/p>\n\n\n\n<p class=\"ls-paragraph\">Buchen Sie jetzt Ihren Aufenthalt, indem Sie uns unter 02.97.52.24.90 kontaktieren oder Ihre Buchung direkt online durchf\u00fchren. Wir akzeptieren Urlaubsschecks und Ratenzahlung (bitte kontaktieren Sie uns).<\/p>\n<\/div>\n\n\n\n<div class=\"wp-block-column is-vertically-aligned-center animated fadeInRight is-layout-flow wp-block-column-is-layout-flow\">\n<figure class=\"wp-block-gallery has-nested-images columns-2 is-cropped wp-block-gallery-2 is-layout-flex wp-block-gallery-is-layout-flex\">\n<figure class=\"wp-block-image size-full\"><a href=\"https:\/\/www.camping-kerabus.com\/wp-content\/uploads\/2023\/01\/les-menhirs-de-carnac.jpg\"><img decoding=\"async\" width=\"642\" height=\"482\" data-id=\"2500\" src=\"https:\/\/www.camping-kerabus.com\/wp-content\/uploads\/2023\/01\/les-menhirs-de-carnac.jpg\" alt=\"die menhire von carnac\" class=\"wp-image-2500\" srcset=\"https:\/\/www.camping-kerabus.com\/wp-content\/uploads\/2023\/01\/les-menhirs-de-carnac.jpg 642w, https:\/\/www.camping-kerabus.com\/wp-content\/uploads\/2023\/01\/les-menhirs-de-carnac-300x225.jpg 300w\" sizes=\"(max-width: 642px) 100vw, 642px\" \/><\/a><\/figure>\n<\/figure>\n<\/div>\n<\/div>\n\n\n    <\/div>\n<\/section>\n\n<section id=\"ls-section-block_0393fad2b5df43b1bc1e4cf58bafa75f\" class=\"ls-section  page-four has-p-t p-t-12 has-p-b p-b-7\" >\n        <div class=\"container container--wide\">\n        \n\n<div id=\"ls-heading ls-titre-div-block_598b49d01586ce4a0a02888f211efa36\" class=\"ls-titre-div aligncenter h2-like\" >\n    Entdecken Sie die Dienstleistungen, den Pool und die Verpflichtungen unseres Campingplatzes<\/div>\n\n\n<div id=\"ls-maillage-block_314f9a05e22876f0634569349b54da1b\" class=\"ls-maillage cta-style-normal\" data-rows=\"3\">\r\n    <div class=\"wp-block-columns\"><div class=\"wp-block-column\"><div class=\"ls-cta\">\n\n<a href=\"https:\/\/www.camping-kerabus.com\/de\/schwimmbad\/\" target=\"\" rel=\"noopener\" class=\"ls-cta__link\">\n\n\t<div class=\"ls-cta__image\"><img decoding=\"async\" src=\"https:\/\/www.camping-kerabus.com\/wp-content\/uploads\/2023\/01\/la-piscine-au-camping-kerabus-en-bretagne.jpg\" alt=\"la piscine au camping kerabus en bretagne\"><\/div>\n\t<div class=\"ls-cta__title\">\n\t\t<span>Swimmingpool<\/span>\n\t\t<span class=\"kerabus-fleche\"><\/span>\n\t<\/div>\n\n\t\n<\/a><\/div><\/div><div class=\"wp-block-column\"><div class=\"ls-cta\">\n\n<a href=\"https:\/\/www.camping-kerabus.com\/de\/die-verpflichtung-camping-qualite\/\" target=\"\" rel=\"noopener\" class=\"ls-cta__link\">\n\n\t<div class=\"ls-cta__image\"><img decoding=\"async\" src=\"https:\/\/www.camping-kerabus.com\/wp-content\/uploads\/2023\/01\/engagement-eco-responsable-camping-kerabus-768x512.jpg\" alt=\"engagement eco responsable camping kerabus\"><\/div>\n\t<div class=\"ls-cta__title\">\n\t\t<span>Die Verpflichtung Camping Qualit\u00e9<\/span>\n\t\t<span class=\"kerabus-fleche\"><\/span>\n\t<\/div>\n\n\t\n<\/a><\/div><\/div><div class=\"wp-block-column\"><div class=\"ls-cta\">\n\n<a href=\"https:\/\/www.camping-kerabus.com\/de\/dienste\/\" target=\"\" rel=\"noopener\" class=\"ls-cta__link\">\n\n\t<div class=\"ls-cta__image\"><img decoding=\"async\" src=\"https:\/\/www.camping-kerabus.com\/wp-content\/uploads\/2023\/01\/camping-familial-kerabus-en-bretagne-1-768x512.jpg\" alt=\"camping familial kerabus en bretagne\"><\/div>\n\t<div class=\"ls-cta__title\">\n\t\t<span>Dienste<\/span>\n\t\t<span class=\"kerabus-fleche\"><\/span>\n\t<\/div>\n\n\t\n<\/a><\/div><\/div><\/div><\/div>\n\n    <\/div>\n<\/section>","protected":false},"excerpt":{"rendered":"","protected":false},"author":1,"featured_media":2599,"parent":0,"menu_order":0,"comment_status":"closed","ping_status":"closed","template":"","meta":{"_acf_changed":false,"footnotes":""},"sujet":[],"class_list":["post-2810","page","type-page","status-publish","has-post-thumbnail","hentry"],"acf":[],"yoast_head":"<!-- This site is optimized with the Yoast SEO plugin v25.3 - https:\/\/yoast.com\/wordpress\/plugins\/seo\/ -->\n<title>3-Sterne-Campingurlaub Morbihan - Camping Kerabus<\/title>\n<meta name=\"robots\" content=\"index, follow, max-snippet:-1, max-image-preview:large, max-video-preview:-1\" \/>\n<link rel=\"canonical\" href=\"https:\/\/www.camping-kerabus.com\/de\/der-campingplatz\/\" \/>\n<meta property=\"og:locale\" content=\"de_DE\" \/>\n<meta property=\"og:type\" content=\"article\" \/>\n<meta property=\"og:title\" content=\"3-Sterne-Campingurlaub Morbihan - Camping Kerabus\" \/>\n<meta property=\"og:url\" content=\"https:\/\/www.camping-kerabus.com\/de\/der-campingplatz\/\" \/>\n<meta property=\"og:site_name\" content=\"Camping Kerabus\" \/>\n<meta property=\"article:modified_time\" content=\"2023-01-23T14:01:16+00:00\" \/>\n<meta property=\"og:image\" content=\"https:\/\/www.camping-kerabus.com\/wp-content\/uploads\/2023\/01\/decouvrir-le-camping-kerabus-a-carnac.jpg\" \/>\n\t<meta property=\"og:image:width\" content=\"1920\" \/>\n\t<meta property=\"og:image:height\" content=\"560\" \/>\n\t<meta property=\"og:image:type\" content=\"image\/jpeg\" \/>\n<meta name=\"twitter:card\" content=\"summary_large_image\" \/>\n<meta name=\"twitter:label1\" content=\"Gesch\u00e4tzte Lesezeit\" \/>\n\t<meta name=\"twitter:data1\" content=\"4\u00a0Minuten\" \/>\n<script type=\"application\/ld+json\" class=\"yoast-schema-graph\">{\"@context\":\"https:\/\/schema.org\",\"@graph\":[{\"@type\":\"WebPage\",\"@id\":\"https:\/\/www.camping-kerabus.com\/de\/der-campingplatz\/\",\"url\":\"https:\/\/www.camping-kerabus.com\/de\/der-campingplatz\/\",\"name\":\"3-Sterne-Campingurlaub Morbihan - Camping Kerabus\",\"isPartOf\":{\"@id\":\"https:\/\/www.camping-kerabus.com\/de\/#website\"},\"primaryImageOfPage\":{\"@id\":\"https:\/\/www.camping-kerabus.com\/de\/der-campingplatz\/#primaryimage\"},\"image\":{\"@id\":\"https:\/\/www.camping-kerabus.com\/de\/der-campingplatz\/#primaryimage\"},\"thumbnailUrl\":\"https:\/\/www.camping-kerabus.com\/wp-content\/uploads\/2023\/01\/decouvrir-le-camping-kerabus-a-carnac.jpg\",\"datePublished\":\"2023-01-17T15:21:00+00:00\",\"dateModified\":\"2023-01-23T14:01:16+00:00\",\"breadcrumb\":{\"@id\":\"https:\/\/www.camping-kerabus.com\/de\/der-campingplatz\/#breadcrumb\"},\"inLanguage\":\"de\",\"potentialAction\":[{\"@type\":\"ReadAction\",\"target\":[\"https:\/\/www.camping-kerabus.com\/de\/der-campingplatz\/\"]}]},{\"@type\":\"ImageObject\",\"inLanguage\":\"de\",\"@id\":\"https:\/\/www.camping-kerabus.com\/de\/der-campingplatz\/#primaryimage\",\"url\":\"https:\/\/www.camping-kerabus.com\/wp-content\/uploads\/2023\/01\/decouvrir-le-camping-kerabus-a-carnac.jpg\",\"contentUrl\":\"https:\/\/www.camping-kerabus.com\/wp-content\/uploads\/2023\/01\/decouvrir-le-camping-kerabus-a-carnac.jpg\",\"width\":1920,\"height\":560,\"caption\":\"decouvrir le camping kerabus\"},{\"@type\":\"BreadcrumbList\",\"@id\":\"https:\/\/www.camping-kerabus.com\/de\/der-campingplatz\/#breadcrumb\",\"itemListElement\":[{\"@type\":\"ListItem\",\"position\":1,\"name\":\"Camping Carnac\",\"item\":\"https:\/\/www.camping-kerabus.com\/de\/\"},{\"@type\":\"ListItem\",\"position\":2,\"name\":\"Der Campingplatz\"}]},{\"@type\":\"WebSite\",\"@id\":\"https:\/\/www.camping-kerabus.com\/de\/#website\",\"url\":\"https:\/\/www.camping-kerabus.com\/de\/\",\"name\":\"Camping Kerabus\",\"description\":\"\",\"publisher\":{\"@id\":\"https:\/\/www.camping-kerabus.com\/de\/#organization\"},\"potentialAction\":[{\"@type\":\"SearchAction\",\"target\":{\"@type\":\"EntryPoint\",\"urlTemplate\":\"https:\/\/www.camping-kerabus.com\/de\/?s={search_term_string}\"},\"query-input\":{\"@type\":\"PropertyValueSpecification\",\"valueRequired\":true,\"valueName\":\"search_term_string\"}}],\"inLanguage\":\"de\"},{\"@type\":\"Organization\",\"@id\":\"https:\/\/www.camping-kerabus.com\/de\/#organization\",\"name\":\"Camping Kerabus\",\"url\":\"https:\/\/www.camping-kerabus.com\/de\/\",\"logo\":{\"@type\":\"ImageObject\",\"inLanguage\":\"de\",\"@id\":\"https:\/\/www.camping-kerabus.com\/de\/#\/schema\/logo\/image\/\",\"url\":\"https:\/\/www.camping-kerabus.com\/wp-content\/uploads\/2022\/12\/logo-camping-kerabus.png\",\"contentUrl\":\"https:\/\/www.camping-kerabus.com\/wp-content\/uploads\/2022\/12\/logo-camping-kerabus.png\",\"width\":500,\"height\":165,\"caption\":\"Camping Kerabus\"},\"image\":{\"@id\":\"https:\/\/www.camping-kerabus.com\/de\/#\/schema\/logo\/image\/\"}}]}<\/script>\n<!-- \/ Yoast SEO plugin. -->","yoast_head_json":{"title":"3-Sterne-Campingurlaub Morbihan - Camping Kerabus","robots":{"index":"index","follow":"follow","max-snippet":"max-snippet:-1","max-image-preview":"max-image-preview:large","max-video-preview":"max-video-preview:-1"},"canonical":"https:\/\/www.camping-kerabus.com\/de\/der-campingplatz\/","og_locale":"de_DE","og_type":"article","og_title":"3-Sterne-Campingurlaub Morbihan - Camping Kerabus","og_url":"https:\/\/www.camping-kerabus.com\/de\/der-campingplatz\/","og_site_name":"Camping Kerabus","article_modified_time":"2023-01-23T14:01:16+00:00","og_image":[{"width":1920,"height":560,"url":"https:\/\/www.camping-kerabus.com\/wp-content\/uploads\/2023\/01\/decouvrir-le-camping-kerabus-a-carnac.jpg","type":"image\/jpeg"}],"twitter_card":"summary_large_image","twitter_misc":{"Gesch\u00e4tzte Lesezeit":"4\u00a0Minuten"},"schema":{"@context":"https:\/\/schema.org","@graph":[{"@type":"WebPage","@id":"https:\/\/www.camping-kerabus.com\/de\/der-campingplatz\/","url":"https:\/\/www.camping-kerabus.com\/de\/der-campingplatz\/","name":"3-Sterne-Campingurlaub Morbihan - Camping Kerabus","isPartOf":{"@id":"https:\/\/www.camping-kerabus.com\/de\/#website"},"primaryImageOfPage":{"@id":"https:\/\/www.camping-kerabus.com\/de\/der-campingplatz\/#primaryimage"},"image":{"@id":"https:\/\/www.camping-kerabus.com\/de\/der-campingplatz\/#primaryimage"},"thumbnailUrl":"https:\/\/www.camping-kerabus.com\/wp-content\/uploads\/2023\/01\/decouvrir-le-camping-kerabus-a-carnac.jpg","datePublished":"2023-01-17T15:21:00+00:00","dateModified":"2023-01-23T14:01:16+00:00","breadcrumb":{"@id":"https:\/\/www.camping-kerabus.com\/de\/der-campingplatz\/#breadcrumb"},"inLanguage":"de","potentialAction":[{"@type":"ReadAction","target":["https:\/\/www.camping-kerabus.com\/de\/der-campingplatz\/"]}]},{"@type":"ImageObject","inLanguage":"de","@id":"https:\/\/www.camping-kerabus.com\/de\/der-campingplatz\/#primaryimage","url":"https:\/\/www.camping-kerabus.com\/wp-content\/uploads\/2023\/01\/decouvrir-le-camping-kerabus-a-carnac.jpg","contentUrl":"https:\/\/www.camping-kerabus.com\/wp-content\/uploads\/2023\/01\/decouvrir-le-camping-kerabus-a-carnac.jpg","width":1920,"height":560,"caption":"decouvrir le camping kerabus"},{"@type":"BreadcrumbList","@id":"https:\/\/www.camping-kerabus.com\/de\/der-campingplatz\/#breadcrumb","itemListElement":[{"@type":"ListItem","position":1,"name":"Camping Carnac","item":"https:\/\/www.camping-kerabus.com\/de\/"},{"@type":"ListItem","position":2,"name":"Der Campingplatz"}]},{"@type":"WebSite","@id":"https:\/\/www.camping-kerabus.com\/de\/#website","url":"https:\/\/www.camping-kerabus.com\/de\/","name":"Camping Kerabus","description":"","publisher":{"@id":"https:\/\/www.camping-kerabus.com\/de\/#organization"},"potentialAction":[{"@type":"SearchAction","target":{"@type":"EntryPoint","urlTemplate":"https:\/\/www.camping-kerabus.com\/de\/?s={search_term_string}"},"query-input":{"@type":"PropertyValueSpecification","valueRequired":true,"valueName":"search_term_string"}}],"inLanguage":"de"},{"@type":"Organization","@id":"https:\/\/www.camping-kerabus.com\/de\/#organization","name":"Camping Kerabus","url":"https:\/\/www.camping-kerabus.com\/de\/","logo":{"@type":"ImageObject","inLanguage":"de","@id":"https:\/\/www.camping-kerabus.com\/de\/#\/schema\/logo\/image\/","url":"https:\/\/www.camping-kerabus.com\/wp-content\/uploads\/2022\/12\/logo-camping-kerabus.png","contentUrl":"https:\/\/www.camping-kerabus.com\/wp-content\/uploads\/2022\/12\/logo-camping-kerabus.png","width":500,"height":165,"caption":"Camping Kerabus"},"image":{"@id":"https:\/\/www.camping-kerabus.com\/de\/#\/schema\/logo\/image\/"}}]}},"_links":{"self":[{"href":"https:\/\/www.camping-kerabus.com\/de\/wp-json\/wp\/v2\/pages\/2810","targetHints":{"allow":["GET"]}}],"collection":[{"href":"https:\/\/www.camping-kerabus.com\/de\/wp-json\/wp\/v2\/pages"}],"about":[{"href":"https:\/\/www.camping-kerabus.com\/de\/wp-json\/wp\/v2\/types\/page"}],"author":[{"embeddable":true,"href":"https:\/\/www.camping-kerabus.com\/de\/wp-json\/wp\/v2\/users\/1"}],"replies":[{"embeddable":true,"href":"https:\/\/www.camping-kerabus.com\/de\/wp-json\/wp\/v2\/comments?post=2810"}],"version-history":[{"count":9,"href":"https:\/\/www.camping-kerabus.com\/de\/wp-json\/wp\/v2\/pages\/2810\/revisions"}],"predecessor-version":[{"id":3230,"href":"https:\/\/www.camping-kerabus.com\/de\/wp-json\/wp\/v2\/pages\/2810\/revisions\/3230"}],"wp:featuredmedia":[{"embeddable":true,"href":"https:\/\/www.camping-kerabus.com\/de\/wp-json\/wp\/v2\/media\/2599"}],"wp:attachment":[{"href":"https:\/\/www.camping-kerabus.com\/de\/wp-json\/wp\/v2\/media?parent=2810"}],"wp:term":[{"taxonomy":"sujet","embeddable":true,"href":"https:\/\/www.camping-kerabus.com\/de\/wp-json\/wp\/v2\/sujet?post=2810"}],"curies":[{"name":"wp","href":"https:\/\/api.w.org\/{rel}","templated":true}]}}