{"id":2802,"date":"2023-01-17T16:13:45","date_gmt":"2023-01-17T15:13:45","guid":{"rendered":"https:\/\/www.camping-kerabus.com\/die-verpflichtung-camping-qualite\/"},"modified":"2023-01-18T13:52:44","modified_gmt":"2023-01-18T12:52:44","slug":"die-verpflichtung-camping-qualite","status":"publish","type":"page","link":"https:\/\/www.camping-kerabus.com\/de\/die-verpflichtung-camping-qualite\/","title":{"rendered":"Die Verpflichtung Camping Qualit\u00e9"},"content":{"rendered":"<section id=\"ls-section-block_ff0b89265b7009c4b486741ae21688ba\" class=\"ls-section  page-one has-m-b m-b-0 has-p-b p-b-0\" >\n        <div class=\"container container--wide\">\n        \n\n<h1 class=\"ls__heading has-text-align-center wp-block-heading\">Unsere Verpflichtung Camping qualit\u00e9 Bretagne<\/h1>\n\n\n    <\/div>\n<\/section>\n\n<section id=\"ls-section-block_a428c41f777296e4b3dab77c8711bc58\" class=\"ls-section  page-one has-background-image has-parallax has-p-t p-t-0\" >\n    <div class=\"ls-section__background-image opacity-100\"><img decoding=\"async\" src=\"https:\/\/www.camping-kerabus.com\/wp-content\/uploads\/2023\/01\/camping-ecologie-bretagne.jpg\" alt=\"camping-ecologie-bretagne\"><\/div>    <div class=\"container container--wide\">\n        \n\n<div class=\"wp-block-columns has-color-white-background-color has-background is-layout-flex wp-container-core-columns-is-layout-9d6595d7 wp-block-columns-is-layout-flex\">\n<div class=\"wp-block-column is-vertically-aligned-top is-layout-flow wp-block-column-is-layout-flow\">\n<h2 class=\"ls-heading wp-block-heading\">Drei-Sterne-Qualit\u00e4tscampingplatz in Carnac<\/h2>\n\n\n\n<p class=\"ls-paragraph\">Der <strong><a href=\"\/de\/\">3-Sterne-Campingplatz Kerabus<\/a><\/strong> tr\u00e4gt seit 2017 das G\u00fctesiegel Camping Qualit\u00e9. Das garantiert Ihnen einen sch\u00f6nen Urlaub, denn es ist das einzige offizielle Qualit\u00e4tssiegel f\u00fcr Campingpl\u00e4tze. Es wird regelm\u00e4\u00dfig von Mystery Shoppern \u00fcberpr\u00fcft und versichert Ihnen, dass die angebotenen Leistungen und Dienste von hoher Qualit\u00e4t sind und <strong>6 Verpflichtungen erf\u00fcllen<\/strong>:<\/p>\n<\/div>\n\n\n\n<div class=\"wp-block-column is-vertically-aligned-top is-layout-flow wp-block-column-is-layout-flow\">\n<ul class=\"ls-list wp-block-list\">\n<li>Ein herzlicher Empfang<\/li>\n\n\n\n<li>Einwandfreie Sauberkeit<\/li>\n\n\n\n<li>Genaue und wahre Informationen<\/li>\n\n\n\n<li>Ein gepflegter privater Standort<\/li>\n\n\n\n<li>Eine aufgewertete und respektierte Umwelt<\/li>\n\n\n\n<li>Eine bekr\u00e4ftigte \u00f6kologische Verantwortung<\/li>\n<\/ul>\n<\/div>\n<\/div>\n\n\n    <\/div>\n<\/section>\n\n<section id=\"ls-section-block_8718598db5bf25fe69a563e33291fbd5\" class=\"ls-section  page-two has-background has-color-1-background-color has-text-color has-color-white-color has-p-t p-t-8 has-p-b p-b-8\" >\n        <div class=\"container container--wide\">\n        \n\n<h2 class=\"ls__heading has-color-white-color has-text-color wp-block-heading\">Unsere 6 Verpflichtungen Camping Qualit\u00e9 en Morbihan<\/h2>\n\n\n\n<h3 class=\"ls-heading wp-block-heading\">Pers\u00f6nlicher Empfang<\/h3>\n\n\n\n<p class=\"ls-paragraph\">Wir bieten allen unseren G\u00e4sten einen h<strong>erzlichen und pers\u00f6nlichen Empfang<\/strong>; unsere kleine Struktur erm\u00f6glicht es uns, n\u00e4her an den G\u00e4sten zu sein und auf ihre Bed\u00fcrfnisse einzugehen. Unser Ziel ist es, Ihren Aufenthalt so angenehm und sorgenfrei wie m\u00f6glich zu gestalten. Jeder Urlauber wird zu einem Mitglied der Kerabus-Familie!<\/p>\n\n\n\n<h3 class=\"ls-heading wp-block-heading\">Camping mit tadelloser Sauberkeit<\/h3>\n\n\n\n<p class=\"ls-paragraph\">Noch mehr als fr\u00fcher setzen wir heute alles daran, die Orte sehr <strong>sauber zu halten<\/strong> (Sanit\u00e4ranlagen und Gemeinschaftsr\u00e4ume), mehrmals t\u00e4glich werden die Gemeinschaftsr\u00e4ume gereinigt. Bei jeder Abreise der Urlauber in einem Mobilheim wird aufger\u00e4umt, so dass Sie bei der Schl\u00fcssel\u00fcbergabe sicher ein sauberes Mobilheim vorfinden werden. F\u00fcr die Stellpl\u00e4tze und die Umgebung des Campingplatzes finden Sie w\u00e4hrend der gesamten \u00d6ffnungszeiten des Campingplatzes K\u00e9rabus in Carnac eine <strong>gepflegte Vegetation<\/strong>. Hygiene, Komfort und Sicherheit sind die Schl\u00fcsselelemente, um einen guten Aufenthalt auf dem Campingplatz zu gew\u00e4hrleisten.<\/p>\n\n\n\n<figure class=\"wp-block-gallery has-nested-images columns-default is-cropped galerie-container wp-block-gallery-1 is-layout-flex wp-block-gallery-is-layout-flex\">\n<figure class=\"wp-block-image size-full\"><img decoding=\"async\" width=\"426\" height=\"470\" data-id=\"1244\" src=\"https:\/\/www.camping-kerabus.com\/wp-content\/uploads\/2023\/01\/camping-eco-responsable-arbore-en-bretagne.jpg\" alt=\"\u00f6kologisch verantwortlicher campingplatz arbore in der bretagne\" class=\"wp-image-1244\" srcset=\"https:\/\/www.camping-kerabus.com\/wp-content\/uploads\/2023\/01\/camping-eco-responsable-arbore-en-bretagne.jpg 426w, https:\/\/www.camping-kerabus.com\/wp-content\/uploads\/2023\/01\/camping-eco-responsable-arbore-en-bretagne-272x300.jpg 272w\" sizes=\"(max-width: 426px) 100vw, 426px\" \/><\/figure>\n\n\n\n<figure class=\"wp-block-image size-full\"><img decoding=\"async\" width=\"426\" height=\"470\" data-id=\"1084\" src=\"https:\/\/www.camping-kerabus.com\/wp-content\/uploads\/2023\/01\/camping-familial-kerabus-en-bretagne.jpg\" alt=\"kerabus familiencampingplatz in der bretagne\" class=\"wp-image-1084\" srcset=\"https:\/\/www.camping-kerabus.com\/wp-content\/uploads\/2023\/01\/camping-familial-kerabus-en-bretagne.jpg 426w, https:\/\/www.camping-kerabus.com\/wp-content\/uploads\/2023\/01\/camping-familial-kerabus-en-bretagne-272x300.jpg 272w\" sizes=\"(max-width: 426px) 100vw, 426px\" \/><\/figure>\n\n\n\n<figure class=\"wp-block-image size-full\"><img decoding=\"async\" width=\"426\" height=\"470\" data-id=\"1226\" src=\"https:\/\/www.camping-kerabus.com\/wp-content\/uploads\/2023\/01\/camping-emplacement-propre.jpg\" alt=\"Campingplatz sauberer Standort\" class=\"wp-image-1226\" srcset=\"https:\/\/www.camping-kerabus.com\/wp-content\/uploads\/2023\/01\/camping-emplacement-propre.jpg 426w, https:\/\/www.camping-kerabus.com\/wp-content\/uploads\/2023\/01\/camping-emplacement-propre-272x300.jpg 272w\" sizes=\"(max-width: 426px) 100vw, 426px\" \/><\/figure>\n\n\n\n<figure class=\"wp-block-image size-full\"><img decoding=\"async\" width=\"426\" height=\"470\" data-id=\"1222\" src=\"https:\/\/www.camping-kerabus.com\/wp-content\/uploads\/2023\/01\/proprete-des-sanitaires-kerabus.jpg\" alt=\"sauberkeit der sanit\u00e4ranlagen kerabus\" class=\"wp-image-1222\" srcset=\"https:\/\/www.camping-kerabus.com\/wp-content\/uploads\/2023\/01\/proprete-des-sanitaires-kerabus.jpg 426w, https:\/\/www.camping-kerabus.com\/wp-content\/uploads\/2023\/01\/proprete-des-sanitaires-kerabus-272x300.jpg 272w\" sizes=\"(max-width: 426px) 100vw, 426px\" \/><\/figure>\n<\/figure>\n\n\n    <\/div>\n<\/section>\n\n<section id=\"ls-section-block_82afcd6969dd396f8185e43b00807b51\" class=\"ls-section  home-third page-three has-background-image has-parallax\" >\n    <div class=\"ls-section__background-image opacity-100\"><img decoding=\"async\" src=\"https:\/\/www.camping-kerabus.com\/wp-content\/uploads\/2023\/01\/emplacements-camping-kerabus-bretagne.jpg\" alt=\"emplacements-camping-kerabus-bretagne\"><\/div>    <div class=\"container container--wide\">\n        \n\n<div class=\"wp-block-columns is-layout-flex wp-container-core-columns-is-layout-9d6595d7 wp-block-columns-is-layout-flex\">\n<div class=\"wp-block-column is-layout-flow wp-block-column-is-layout-flow\">\n<h3 class=\"ls__heading has-text-align-center wp-block-heading\">Camping zum guten Preis<\/h3>\n\n\n\n<p class=\"ls-paragraph has-text-align-center\">Es gibt keine \u00dcberraschungen, wenn Sie auf dem Campingplatz ankommen, denn alle Informationen \u00fcber die Beschreibung des Campingplatzes, seine Einrichtungen, \u00d6ffnungszeiten und -zeiten der Rezeption, verschiedene Dienstleistungen und Aktivit\u00e4ten sind genau und zutreffend. Die angek\u00fcndigten Preise werden strikt angewendet. Im Kerabus k\u00f6nnen Sie <strong>einen echten Urlaub mit einem guten Preis-Leistungs-Verh\u00e4ltnis verbringen.<\/strong><\/p>\n<\/div>\n\n\n\n<div class=\"wp-block-column is-layout-flow wp-block-column-is-layout-flow\">\n<h3 class=\"ls__heading has-text-align-center wp-block-heading\">Ruhige und gepflegte Stellpl\u00e4tze<\/h3>\n\n\n\n<p class=\"ls-paragraph has-text-align-center\">Es werden alle notwendigen Vorkehrungen getroffen, um einen qualitativ hochwertigen <strong>privaten Stellplatz anzubieten<\/strong> und die Ruhe auf dem Campingplatz zu gew\u00e4hrleisten. Die Einrichtung des Campingplatzes ist geschmackvoll und \u00e4sthetisch gestaltet und f\u00fcgt sich nahtlos in den Ort und die Umgebung ein.<\/p>\n<\/div>\n<\/div>\n\n\n    <\/div>\n<\/section>\n\n<section id=\"ls-section-block_2811240d480fafa9e7f4a2dad3838771\" class=\"ls-section  page-one has-background has-color-3-background-color has-m-b m-b-0 has-p-t p-t-8 has-p-b p-b-8\" >\n        <div class=\"container container--wide\">\n        \n\n<div class=\"wp-block-columns is-layout-flex wp-container-core-columns-is-layout-9d6595d7 wp-block-columns-is-layout-flex\">\n<div class=\"wp-block-column is-vertically-aligned-top is-layout-flow wp-block-column-is-layout-flow\">\n<h3 class=\"ls-heading wp-block-heading\">Ein baumbestandener Campingplatz f\u00fcr einen entspannten Urlaub<\/h3>\n\n\n\n<p class=\"ls-paragraph\">Umweltl\u00f6sungen werden mit dem Ziel angepasst, die <strong>Natur und die Umwelt<\/strong> auf dem Campingplatz K\u00e9rabus in Carnac zu respektieren und zu sch\u00fctzen.<\/p>\n\n\n\n<p class=\"ls-paragraph\">Landschaftsgestaltung und <strong>Energiesparen<\/strong> haben f\u00fcr <strong>Camping Qualit\u00e9<\/strong> Priorit\u00e4t, da es auf diese Weise zum Erhalt einer zunehmend gef\u00e4hrdeten Umwelt beitr\u00e4gt.<\/p>\n\n\n\n<h3 class=\"ls-heading wp-block-heading\">Ein \u00f6ko-verantwortlicher Campingplatz<\/h3>\n\n\n\n<p class=\"ls-paragraph\">Der Campingplatz setzt sich immer mehr f\u00fcr eine <strong>umweltbewusste Vorgehensweise<\/strong> ein, indem er Sie f\u00fcr <strong>umweltbewusste Gesten<\/strong> sensibilisiert, durch M\u00fclltrennung, verantwortungsbewusste Eink\u00e4ufe&#8230;<\/p>\n\n\n\n<p class=\"ls-paragraph\">2023, f\u00fcr unsere Bewohner Schaffung von Gemeinschaftsg\u00e4rten, Kompost&#8230;<\/p>\n<\/div>\n\n\n\n<div class=\"wp-block-column is-vertically-aligned-center animated fadeInRight is-layout-flow wp-block-column-is-layout-flow\">\n<figure class=\"wp-block-gallery has-nested-images columns-2 is-cropped wp-block-gallery-2 is-layout-flex wp-block-gallery-is-layout-flex\">\n<figure class=\"wp-block-image size-full\"><a href=\"https:\/\/www.camping-kerabus.com\/wp-content\/uploads\/2023\/01\/camping-arbore-en-bretagne.jpg\"><img decoding=\"async\" width=\"642\" height=\"482\" data-id=\"1236\" src=\"https:\/\/www.camping-kerabus.com\/wp-content\/uploads\/2023\/01\/camping-arbore-en-bretagne.jpg\" alt=\"camping arbore in der bretagne\" class=\"wp-image-1236\" srcset=\"https:\/\/www.camping-kerabus.com\/wp-content\/uploads\/2023\/01\/camping-arbore-en-bretagne.jpg 642w, https:\/\/www.camping-kerabus.com\/wp-content\/uploads\/2023\/01\/camping-arbore-en-bretagne-300x225.jpg 300w\" sizes=\"(max-width: 642px) 100vw, 642px\" \/><\/a><\/figure>\n<\/figure>\n<\/div>\n<\/div>\n\n\n    <\/div>\n<\/section>\n\n<section id=\"ls-section-block_e993ed9f3d6970cf872d7ea8429029a6\" class=\"ls-section  page-four has-p-t p-t-15\" >\n        <div class=\"container container--wide\">\n        \n\n<div id=\"ls-heading ls-titre-div-block_dee3f45e6014444f44a509b015c9f168\" class=\"ls-titre-div aligncenter h2-like\" >\n    Entdecken Sie die Dienstleistungen, den Pool und die Unterk\u00fcnfte auf unserem Campingplatz.<\/div>\n\n\n<div id=\"ls-maillage-block_03c52b5a00db9db639f11a95399c43a7\" class=\"ls-maillage cta-style-normal\" data-rows=\"3\">\r\n    <div class=\"wp-block-columns\"><div class=\"wp-block-column\"><div class=\"ls-cta\">\n\n<a href=\"https:\/\/www.camping-kerabus.com\/de\/schwimmbad\/\" target=\"\" rel=\"noopener\" class=\"ls-cta__link\">\n\n\t<div class=\"ls-cta__image\"><img decoding=\"async\" src=\"https:\/\/www.camping-kerabus.com\/wp-content\/uploads\/2023\/01\/la-piscine-au-camping-kerabus-en-bretagne.jpg\" alt=\"la piscine au camping kerabus en bretagne\"><\/div>\n\t<div class=\"ls-cta__title\">\n\t\t<span>Swimmingpool<\/span>\n\t\t<span class=\"kerabus-fleche\"><\/span>\n\t<\/div>\n\n\t\n<\/a><\/div><\/div><div class=\"wp-block-column\"><div class=\"ls-cta\">\n\n<a href=\"https:\/\/www.camping-kerabus.com\/de\/ferienwohnung\/\" target=\"\" rel=\"noopener\" class=\"ls-cta__link\">\n\n\t<div class=\"ls-cta__image\"><img decoding=\"async\" src=\"https:\/\/www.camping-kerabus.com\/wp-content\/uploads\/2023\/01\/louer-un-mobil-home-en-bretagne-768x512.jpg\" alt=\"louer un mobil home en bretagne\"><\/div>\n\t<div class=\"ls-cta__title\">\n\t\t<span>Ferienwohnung<\/span>\n\t\t<span class=\"kerabus-fleche\"><\/span>\n\t<\/div>\n\n\t\n<\/a><\/div><\/div><div class=\"wp-block-column\"><div class=\"ls-cta\">\n\n<a href=\"https:\/\/www.camping-kerabus.com\/de\/dienste\/\" target=\"\" rel=\"noopener\" class=\"ls-cta__link\">\n\n\t<div class=\"ls-cta__image\"><img decoding=\"async\" src=\"https:\/\/www.camping-kerabus.com\/wp-content\/uploads\/2023\/01\/camping-familial-kerabus-en-bretagne-1-768x512.jpg\" alt=\"camping familial kerabus en bretagne\"><\/div>\n\t<div class=\"ls-cta__title\">\n\t\t<span>Dienste<\/span>\n\t\t<span class=\"kerabus-fleche\"><\/span>\n\t<\/div>\n\n\t\n<\/a><\/div><\/div><\/div><\/div>\n\n    <\/div>\n<\/section>","protected":false},"excerpt":{"rendered":"","protected":false},"author":1,"featured_media":1275,"parent":0,"menu_order":0,"comment_status":"closed","ping_status":"closed","template":"","meta":{"_acf_changed":false,"footnotes":""},"sujet":[],"class_list":["post-2802","page","type-page","status-publish","has-post-thumbnail","hentry"],"acf":[],"yoast_head":"<!-- This site is optimized with the Yoast SEO plugin v25.3 - https:\/\/yoast.com\/wordpress\/plugins\/seo\/ -->\n<title>Qualit\u00e4tscampingplatz Carnac | Naturcampingplatz Bretagne sud<\/title>\n<meta name=\"description\" content=\"Ein ruhiger Campingplatz in Carnac: Wir haben uns entschieden, auf Animation zu verzichten, um Ruhe und Erholung f\u00fcr die Urlauber zu garantieren.\" \/>\n<meta name=\"robots\" content=\"index, follow, max-snippet:-1, max-image-preview:large, max-video-preview:-1\" \/>\n<link rel=\"canonical\" href=\"https:\/\/www.camping-kerabus.com\/de\/die-verpflichtung-camping-qualite\/\" \/>\n<meta property=\"og:locale\" content=\"de_DE\" \/>\n<meta property=\"og:type\" content=\"article\" \/>\n<meta property=\"og:title\" content=\"Qualit\u00e4tscampingplatz Carnac | Naturcampingplatz Bretagne sud\" \/>\n<meta property=\"og:description\" content=\"Ein ruhiger Campingplatz in Carnac: Wir haben uns entschieden, auf Animation zu verzichten, um Ruhe und Erholung f\u00fcr die Urlauber zu garantieren.\" \/>\n<meta property=\"og:url\" content=\"https:\/\/www.camping-kerabus.com\/de\/die-verpflichtung-camping-qualite\/\" \/>\n<meta property=\"og:site_name\" content=\"Camping Kerabus\" \/>\n<meta property=\"article:modified_time\" content=\"2023-01-18T12:52:44+00:00\" \/>\n<meta property=\"og:image\" content=\"https:\/\/www.camping-kerabus.com\/wp-content\/uploads\/2023\/01\/jardin-partage-camping-kerabus-bretagne.jpg\" \/>\n\t<meta property=\"og:image:width\" content=\"1920\" \/>\n\t<meta property=\"og:image:height\" content=\"560\" \/>\n\t<meta property=\"og:image:type\" content=\"image\/jpeg\" \/>\n<meta name=\"twitter:card\" content=\"summary_large_image\" \/>\n<meta name=\"twitter:label1\" content=\"Gesch\u00e4tzte Lesezeit\" \/>\n\t<meta name=\"twitter:data1\" content=\"4\u00a0Minuten\" \/>\n<script type=\"application\/ld+json\" class=\"yoast-schema-graph\">{\"@context\":\"https:\/\/schema.org\",\"@graph\":[{\"@type\":\"WebPage\",\"@id\":\"https:\/\/www.camping-kerabus.com\/de\/die-verpflichtung-camping-qualite\/\",\"url\":\"https:\/\/www.camping-kerabus.com\/de\/die-verpflichtung-camping-qualite\/\",\"name\":\"Qualit\u00e4tscampingplatz Carnac | Naturcampingplatz Bretagne sud\",\"isPartOf\":{\"@id\":\"https:\/\/www.camping-kerabus.com\/de\/#website\"},\"primaryImageOfPage\":{\"@id\":\"https:\/\/www.camping-kerabus.com\/de\/die-verpflichtung-camping-qualite\/#primaryimage\"},\"image\":{\"@id\":\"https:\/\/www.camping-kerabus.com\/de\/die-verpflichtung-camping-qualite\/#primaryimage\"},\"thumbnailUrl\":\"https:\/\/www.camping-kerabus.com\/wp-content\/uploads\/2023\/01\/jardin-partage-camping-kerabus-bretagne.jpg\",\"datePublished\":\"2023-01-17T15:13:45+00:00\",\"dateModified\":\"2023-01-18T12:52:44+00:00\",\"description\":\"Ein ruhiger Campingplatz in Carnac: Wir haben uns entschieden, auf Animation zu verzichten, um Ruhe und Erholung f\u00fcr die Urlauber zu garantieren.\",\"breadcrumb\":{\"@id\":\"https:\/\/www.camping-kerabus.com\/de\/die-verpflichtung-camping-qualite\/#breadcrumb\"},\"inLanguage\":\"de\",\"potentialAction\":[{\"@type\":\"ReadAction\",\"target\":[\"https:\/\/www.camping-kerabus.com\/de\/die-verpflichtung-camping-qualite\/\"]}]},{\"@type\":\"ImageObject\",\"inLanguage\":\"de\",\"@id\":\"https:\/\/www.camping-kerabus.com\/de\/die-verpflichtung-camping-qualite\/#primaryimage\",\"url\":\"https:\/\/www.camping-kerabus.com\/wp-content\/uploads\/2023\/01\/jardin-partage-camping-kerabus-bretagne.jpg\",\"contentUrl\":\"https:\/\/www.camping-kerabus.com\/wp-content\/uploads\/2023\/01\/jardin-partage-camping-kerabus-bretagne.jpg\",\"width\":1920,\"height\":560,\"caption\":\"jardin partage camping kerabus\"},{\"@type\":\"BreadcrumbList\",\"@id\":\"https:\/\/www.camping-kerabus.com\/de\/die-verpflichtung-camping-qualite\/#breadcrumb\",\"itemListElement\":[{\"@type\":\"ListItem\",\"position\":1,\"name\":\"Camping Carnac\",\"item\":\"https:\/\/www.camping-kerabus.com\/de\/\"},{\"@type\":\"ListItem\",\"position\":2,\"name\":\"Camping Qualit\u00e4t Carnac\"}]},{\"@type\":\"WebSite\",\"@id\":\"https:\/\/www.camping-kerabus.com\/de\/#website\",\"url\":\"https:\/\/www.camping-kerabus.com\/de\/\",\"name\":\"Camping Kerabus\",\"description\":\"\",\"publisher\":{\"@id\":\"https:\/\/www.camping-kerabus.com\/de\/#organization\"},\"potentialAction\":[{\"@type\":\"SearchAction\",\"target\":{\"@type\":\"EntryPoint\",\"urlTemplate\":\"https:\/\/www.camping-kerabus.com\/de\/?s={search_term_string}\"},\"query-input\":{\"@type\":\"PropertyValueSpecification\",\"valueRequired\":true,\"valueName\":\"search_term_string\"}}],\"inLanguage\":\"de\"},{\"@type\":\"Organization\",\"@id\":\"https:\/\/www.camping-kerabus.com\/de\/#organization\",\"name\":\"Camping Kerabus\",\"url\":\"https:\/\/www.camping-kerabus.com\/de\/\",\"logo\":{\"@type\":\"ImageObject\",\"inLanguage\":\"de\",\"@id\":\"https:\/\/www.camping-kerabus.com\/de\/#\/schema\/logo\/image\/\",\"url\":\"https:\/\/www.camping-kerabus.com\/wp-content\/uploads\/2022\/12\/logo-camping-kerabus.png\",\"contentUrl\":\"https:\/\/www.camping-kerabus.com\/wp-content\/uploads\/2022\/12\/logo-camping-kerabus.png\",\"width\":500,\"height\":165,\"caption\":\"Camping Kerabus\"},\"image\":{\"@id\":\"https:\/\/www.camping-kerabus.com\/de\/#\/schema\/logo\/image\/\"}}]}<\/script>\n<!-- \/ Yoast SEO plugin. -->","yoast_head_json":{"title":"Qualit\u00e4tscampingplatz Carnac | Naturcampingplatz Bretagne sud","description":"Ein ruhiger Campingplatz in Carnac: Wir haben uns entschieden, auf Animation zu verzichten, um Ruhe und Erholung f\u00fcr die Urlauber zu garantieren.","robots":{"index":"index","follow":"follow","max-snippet":"max-snippet:-1","max-image-preview":"max-image-preview:large","max-video-preview":"max-video-preview:-1"},"canonical":"https:\/\/www.camping-kerabus.com\/de\/die-verpflichtung-camping-qualite\/","og_locale":"de_DE","og_type":"article","og_title":"Qualit\u00e4tscampingplatz Carnac | Naturcampingplatz Bretagne sud","og_description":"Ein ruhiger Campingplatz in Carnac: Wir haben uns entschieden, auf Animation zu verzichten, um Ruhe und Erholung f\u00fcr die Urlauber zu garantieren.","og_url":"https:\/\/www.camping-kerabus.com\/de\/die-verpflichtung-camping-qualite\/","og_site_name":"Camping Kerabus","article_modified_time":"2023-01-18T12:52:44+00:00","og_image":[{"width":1920,"height":560,"url":"https:\/\/www.camping-kerabus.com\/wp-content\/uploads\/2023\/01\/jardin-partage-camping-kerabus-bretagne.jpg","type":"image\/jpeg"}],"twitter_card":"summary_large_image","twitter_misc":{"Gesch\u00e4tzte Lesezeit":"4\u00a0Minuten"},"schema":{"@context":"https:\/\/schema.org","@graph":[{"@type":"WebPage","@id":"https:\/\/www.camping-kerabus.com\/de\/die-verpflichtung-camping-qualite\/","url":"https:\/\/www.camping-kerabus.com\/de\/die-verpflichtung-camping-qualite\/","name":"Qualit\u00e4tscampingplatz Carnac | Naturcampingplatz Bretagne sud","isPartOf":{"@id":"https:\/\/www.camping-kerabus.com\/de\/#website"},"primaryImageOfPage":{"@id":"https:\/\/www.camping-kerabus.com\/de\/die-verpflichtung-camping-qualite\/#primaryimage"},"image":{"@id":"https:\/\/www.camping-kerabus.com\/de\/die-verpflichtung-camping-qualite\/#primaryimage"},"thumbnailUrl":"https:\/\/www.camping-kerabus.com\/wp-content\/uploads\/2023\/01\/jardin-partage-camping-kerabus-bretagne.jpg","datePublished":"2023-01-17T15:13:45+00:00","dateModified":"2023-01-18T12:52:44+00:00","description":"Ein ruhiger Campingplatz in Carnac: Wir haben uns entschieden, auf Animation zu verzichten, um Ruhe und Erholung f\u00fcr die Urlauber zu garantieren.","breadcrumb":{"@id":"https:\/\/www.camping-kerabus.com\/de\/die-verpflichtung-camping-qualite\/#breadcrumb"},"inLanguage":"de","potentialAction":[{"@type":"ReadAction","target":["https:\/\/www.camping-kerabus.com\/de\/die-verpflichtung-camping-qualite\/"]}]},{"@type":"ImageObject","inLanguage":"de","@id":"https:\/\/www.camping-kerabus.com\/de\/die-verpflichtung-camping-qualite\/#primaryimage","url":"https:\/\/www.camping-kerabus.com\/wp-content\/uploads\/2023\/01\/jardin-partage-camping-kerabus-bretagne.jpg","contentUrl":"https:\/\/www.camping-kerabus.com\/wp-content\/uploads\/2023\/01\/jardin-partage-camping-kerabus-bretagne.jpg","width":1920,"height":560,"caption":"jardin partage camping kerabus"},{"@type":"BreadcrumbList","@id":"https:\/\/www.camping-kerabus.com\/de\/die-verpflichtung-camping-qualite\/#breadcrumb","itemListElement":[{"@type":"ListItem","position":1,"name":"Camping Carnac","item":"https:\/\/www.camping-kerabus.com\/de\/"},{"@type":"ListItem","position":2,"name":"Camping Qualit\u00e4t Carnac"}]},{"@type":"WebSite","@id":"https:\/\/www.camping-kerabus.com\/de\/#website","url":"https:\/\/www.camping-kerabus.com\/de\/","name":"Camping Kerabus","description":"","publisher":{"@id":"https:\/\/www.camping-kerabus.com\/de\/#organization"},"potentialAction":[{"@type":"SearchAction","target":{"@type":"EntryPoint","urlTemplate":"https:\/\/www.camping-kerabus.com\/de\/?s={search_term_string}"},"query-input":{"@type":"PropertyValueSpecification","valueRequired":true,"valueName":"search_term_string"}}],"inLanguage":"de"},{"@type":"Organization","@id":"https:\/\/www.camping-kerabus.com\/de\/#organization","name":"Camping Kerabus","url":"https:\/\/www.camping-kerabus.com\/de\/","logo":{"@type":"ImageObject","inLanguage":"de","@id":"https:\/\/www.camping-kerabus.com\/de\/#\/schema\/logo\/image\/","url":"https:\/\/www.camping-kerabus.com\/wp-content\/uploads\/2022\/12\/logo-camping-kerabus.png","contentUrl":"https:\/\/www.camping-kerabus.com\/wp-content\/uploads\/2022\/12\/logo-camping-kerabus.png","width":500,"height":165,"caption":"Camping Kerabus"},"image":{"@id":"https:\/\/www.camping-kerabus.com\/de\/#\/schema\/logo\/image\/"}}]}},"_links":{"self":[{"href":"https:\/\/www.camping-kerabus.com\/de\/wp-json\/wp\/v2\/pages\/2802","targetHints":{"allow":["GET"]}}],"collection":[{"href":"https:\/\/www.camping-kerabus.com\/de\/wp-json\/wp\/v2\/pages"}],"about":[{"href":"https:\/\/www.camping-kerabus.com\/de\/wp-json\/wp\/v2\/types\/page"}],"author":[{"embeddable":true,"href":"https:\/\/www.camping-kerabus.com\/de\/wp-json\/wp\/v2\/users\/1"}],"replies":[{"embeddable":true,"href":"https:\/\/www.camping-kerabus.com\/de\/wp-json\/wp\/v2\/comments?post=2802"}],"version-history":[{"count":9,"href":"https:\/\/www.camping-kerabus.com\/de\/wp-json\/wp\/v2\/pages\/2802\/revisions"}],"predecessor-version":[{"id":3235,"href":"https:\/\/www.camping-kerabus.com\/de\/wp-json\/wp\/v2\/pages\/2802\/revisions\/3235"}],"wp:featuredmedia":[{"embeddable":true,"href":"https:\/\/www.camping-kerabus.com\/de\/wp-json\/wp\/v2\/media\/1275"}],"wp:attachment":[{"href":"https:\/\/www.camping-kerabus.com\/de\/wp-json\/wp\/v2\/media?parent=2802"}],"wp:term":[{"taxonomy":"sujet","embeddable":true,"href":"https:\/\/www.camping-kerabus.com\/de\/wp-json\/wp\/v2\/sujet?post=2802"}],"curies":[{"name":"wp","href":"https:\/\/api.w.org\/{rel}","templated":true}]}}