{"id":2787,"date":"2023-01-17T15:54:58","date_gmt":"2023-01-17T14:54:58","guid":{"rendered":"https:\/\/www.camping-kerabus.com\/belle-ile-en-mer\/"},"modified":"2023-01-18T13:50:54","modified_gmt":"2023-01-18T12:50:54","slug":"belle-ile-en-mer","status":"publish","type":"page","link":"https:\/\/www.camping-kerabus.com\/de\/belle-ile-en-mer\/","title":{"rendered":"Belle-\u00cele-en-Mer"},"content":{"rendered":"<section id=\"ls-section-block_57771aea237f45dfb7bc9f85e93a26be\" class=\"ls-section  page-one has-m-b m-b-0 has-p-b p-b-0\" >\n        <div class=\"container \">\n        \n\n<h1 class=\"ls__heading has-text-align-center wp-block-heading\">Entdecken Sie Belle-Ile-en-Mer in der N\u00e4he des Campingplatzes<\/h1>\n\n\n    <\/div>\n<\/section>\n\n<section id=\"ls-section-block_04a8f3657ef8de0827996b1fd66a4872\" class=\"ls-section  page-one has-background-image has-parallax has-p-t p-t-0\" >\n    <div class=\"ls-section__background-image opacity-100\"><img decoding=\"async\" src=\"https:\/\/www.camping-kerabus.com\/wp-content\/uploads\/2023\/01\/camping-proche-belle-ile-en-mer.jpg\" alt=\"camping proche belle ile en mer\"><\/div>    <div class=\"container container--wide\">\n        \n\n<div class=\"wp-block-columns has-color-white-background-color has-background is-layout-flex wp-container-core-columns-is-layout-9d6595d7 wp-block-columns-is-layout-flex\">\n<div class=\"wp-block-column is-vertically-aligned-top is-layout-flow wp-block-column-is-layout-flow\">\n<h2 class=\"ls-heading wp-block-heading\">Sehenswertes in Belle-Ile-en-Mer<\/h2>\n\n\n\n<p class=\"ls-paragraph\">Entdecken Sie bei Ihrem Aufenthalt auf dem <a href=\"https:\/\/www.belle-ile.com\/\" target=\"_blank\" rel=\"noreferrer noopener nofollow\">Campingplatz Belle-Ile-en-Mer<\/a>, die Perle der Ponant-Inseln.<\/p>\n\n\n\n<p class=\"ls-paragraph\">Eine <strong>Fahrt auf dem Meer<\/strong>, die viele \u00dcberraschungen bereith\u00e4lt: ein einzigartiges Kulturerbe und atemberaubende Landschaften: Port Coton, Bangor, Le Palais, Pointe des Poulains.<\/p>\n\n\n\n<p class=\"ls-paragraph\">Begeben Sie sich auf eine Kreuzfahrt nach Belle-Ile-en-Mer und erreichen Sie den Kai des <strong>Port du Palais<\/strong>, eine Postkarte in Lebensgr\u00f6\u00dfe. Begeben Sie sich auf die Wander- und Radwege der Insel. Die <strong>wilde K\u00fcste<\/strong> ist ein hervorragendes Terrain f\u00fcr Mountainbike-Fahrer.<\/p>\n<\/div>\n\n\n\n<div class=\"wp-block-column is-vertically-aligned-top is-layout-flow wp-block-column-is-layout-flow\">\n<p class=\"ls-paragraph\">Neben der Besichtigung des Hafens von Le Palais lohnt sich auch ein Besuch der D\u00f6rfer der Insel. W\u00e4hrend Bangor das wildeste Gebiet der Insel besitzt, inspiriert Sauzon im Gegensatz dazu zu <strong>Ruhe<\/strong> und <strong>Gelassenheit<\/strong>. Im S\u00fcden der Insel gibt es in Locmaria ausgedehnte <strong>Str\u00e4nde<\/strong>, an denen man in der Sonne faulenzen kann: Port Andro, Samzun und Les Grands Sables. Weiter entfernt sind die Pointe des Poulains, der bevorzugte Urlaubsort der Dramatikerin Sarah Bernhardt, die Felsnadeln von Port Coton, die Menhire von Jean und Jeanne oder der Strand von Donnant unumg\u00e4ngliche Etappen.<\/p>\n\n\n\n<p class=\"ls-paragraph\">Rechnen Sie mit einer etwa einst\u00fcndigen \u00dcberfahrt, um von Port Navalo, Locmariaquer, Vannes aus dieses kleine St\u00fcck Paradies zu erreichen. Wenn Sie ein Mobilheim in der N\u00e4he von Belle \u00eele en Mer suchen, wenden Sie sich an den <a href=\"\/de\/\">Campingplatz*** de Kerabus<\/a> unter 02 97 52 24 90, um die Verf\u00fcgbarkeit zu erfragen.<\/p>\n<\/div>\n<\/div>\n\n\n    <\/div>\n<\/section>\n\n<section id=\"ls-section-block_50b923f461819527442ac1ba4c56743e\" class=\"ls-section  page-two has-background has-color-1-background-color has-text-color has-color-white-color has-p-t p-t-8\" >\n        <div class=\"container container--wide\">\n        \n\n<h2 class=\"ls__heading has-color-white-color has-text-color wp-block-heading\">Ihr Campingplatz in der N\u00e4he von Belle-Ile-en-Mer<\/h2>\n\n\n\n<p class=\"ls-paragraph\">Wenn Sie ein Mobilheim in der N\u00e4he von Belle-Ile en Mer suchen, wenden Sie sich an den Campingplatz*** Kerabus unter <strong>02 97 52 24 90<\/strong>, um sich \u00fcber die Verf\u00fcgbarkeit von Mobilheimen mit 1 bis 3 Schlafzimmern zu informieren.<\/p>\n\n\n\n<p class=\"ls-paragraph\">Das ganze Jahr \u00fcber ist Belle-\u00cele-en-Mer mit dem <strong>Schiff erreichbar<\/strong>, es dauert etwa 45 Minuten, verschiedene Gesellschaften bieten die \u00dcberfahrt an, es gibt verschiedene Abfahrten: Quiberon (ganzj\u00e4hrig) oder von Vannes, Port Navalo, Locmariaquer (in der Saison).<\/p>\n\n\n\n<figure class=\"wp-block-gallery has-nested-images columns-default is-cropped galerie-container wp-block-gallery-1 is-layout-flex wp-block-gallery-is-layout-flex\">\n<figure class=\"wp-block-image size-full\"><img decoding=\"async\" width=\"426\" height=\"470\" data-id=\"1995\" src=\"https:\/\/www.camping-kerabus.com\/wp-content\/uploads\/2023\/01\/belle-ile-en-mer-en-bateau.jpg\" alt=\"belle ile en mer en bateau\" class=\"wp-image-1995\" srcset=\"https:\/\/www.camping-kerabus.com\/wp-content\/uploads\/2023\/01\/belle-ile-en-mer-en-bateau.jpg 426w, https:\/\/www.camping-kerabus.com\/wp-content\/uploads\/2023\/01\/belle-ile-en-mer-en-bateau-272x300.jpg 272w\" sizes=\"(max-width: 426px) 100vw, 426px\" \/><\/figure>\n\n\n\n<figure class=\"wp-block-image size-full\"><img decoding=\"async\" width=\"426\" height=\"470\" data-id=\"1999\" src=\"https:\/\/www.camping-kerabus.com\/wp-content\/uploads\/2023\/01\/phare-belle-ile-en-mer.jpg\" alt=\"phare belle ile en mer\" class=\"wp-image-1999\" srcset=\"https:\/\/www.camping-kerabus.com\/wp-content\/uploads\/2023\/01\/phare-belle-ile-en-mer.jpg 426w, https:\/\/www.camping-kerabus.com\/wp-content\/uploads\/2023\/01\/phare-belle-ile-en-mer-272x300.jpg 272w\" sizes=\"(max-width: 426px) 100vw, 426px\" \/><\/figure>\n\n\n\n<figure class=\"wp-block-image size-full\"><img decoding=\"async\" width=\"426\" height=\"470\" data-id=\"2002\" src=\"https:\/\/www.camping-kerabus.com\/wp-content\/uploads\/2023\/01\/plus-belle-plage-belle-ile-en-mer.jpg\" alt=\"plus belle plage belle ile en mer\" class=\"wp-image-2002\" srcset=\"https:\/\/www.camping-kerabus.com\/wp-content\/uploads\/2023\/01\/plus-belle-plage-belle-ile-en-mer.jpg 426w, https:\/\/www.camping-kerabus.com\/wp-content\/uploads\/2023\/01\/plus-belle-plage-belle-ile-en-mer-272x300.jpg 272w\" sizes=\"(max-width: 426px) 100vw, 426px\" \/><\/figure>\n\n\n\n<figure class=\"wp-block-image size-full\"><img decoding=\"async\" width=\"426\" height=\"470\" data-id=\"2005\" src=\"https:\/\/www.camping-kerabus.com\/wp-content\/uploads\/2023\/01\/belle-ile-en-mer-depuis-kerabus.jpg\" alt=\"belle ile en mer depuis kerabus\" class=\"wp-image-2005\" srcset=\"https:\/\/www.camping-kerabus.com\/wp-content\/uploads\/2023\/01\/belle-ile-en-mer-depuis-kerabus.jpg 426w, https:\/\/www.camping-kerabus.com\/wp-content\/uploads\/2023\/01\/belle-ile-en-mer-depuis-kerabus-272x300.jpg 272w\" sizes=\"(max-width: 426px) 100vw, 426px\" \/><\/figure>\n<\/figure>\n\n\n    <\/div>\n<\/section>\n\n<section id=\"ls-section-block_7a851a401d2189576f02cb46b3328c8d\" class=\"ls-section  home-third page-three has-background-image has-parallax\" >\n    <div class=\"ls-section__background-image opacity-100\"><img decoding=\"async\" src=\"https:\/\/www.camping-kerabus.com\/wp-content\/uploads\/2023\/01\/belle-ile-en-mer-port-bretagne.jpg\" alt=\"belle-ile-en-mer-port-bretagne\"><\/div>    <div class=\"container container--wide\">\n        \n\n<div class=\"wp-block-columns p-t-8 is-layout-flex wp-container-core-columns-is-layout-9d6595d7 wp-block-columns-is-layout-flex\">\n<div class=\"wp-block-column is-layout-flow wp-block-column-is-layout-flow\">\n<h2 class=\"ls__heading has-text-align-center wp-block-heading\">Mobilheimvermietung in der N\u00e4he von Belle-Ile-en-Mer<\/h2>\n\n\n\n<p class=\"ls-paragraph has-text-align-center\">Wenn Sie sich in Carnac auf dem Campingplatz K\u00e9rabus aufhalten, empfehlen wir Ihnen, einen Tagesausflug nach Belle-Ile-en-Mer zu unternehmen. <br>So k\u00f6nnen Sie seine <strong>grandiosen Landschaften<\/strong>, zerkl\u00fcfteten Klippen<br>Hier finden Sie die <strong>traditionellen M\u00e4rkte<\/strong>: samstags morgens von 8:00 bis 13:00 Uhr in Quiberon, Place du Varquez und donnerstags in Saint Pierre Quiberon, Place du march\u00e9 von 8:00 bis 13:00 Uhr.<br>Buchen Sie Ihre Ferienunterkunft in Carnac auf dem Campingplatz Kerabus in Carnac, so sind Sie ganz in der N\u00e4he von Belle-Ile-en-Mer.<\/p>\n\n\n\r\n<a href=\"https:\/\/www.camping-kerabus.com\/de\/ferienwohnung\/\" id=\"ls-button-block_725292087ffbb39b7a82f0cd4ee10c1d\" target=\"\" rel=\"\" class=\"ls-button m-t-0 has-background has-color-white-background-color has-text-color has-color-1-color has-p-t p-t-0 has-p-b p-b-11\" >\r\n<span class=\"ls-button__void\"><\/span> \r\n<span class=\"ls-button__text\">Entdecken Sie die Mobilheime<\/span> \r\n<i class='kerabus-fleche-4'><\/i>\r\n<\/a>\r\n<\/div>\n<\/div>\n\n\n    <\/div>\n<\/section>\n\n<section id=\"ls-section-block_e80277a6e2541bb2609281fa9ab6964f\" class=\"ls-section  page-four has-m-t m-t-10\" >\n        <div class=\"container container--wide\">\n        \n\n<div id=\"ls-heading ls-titre-div-block_32b0698bf1fc2fe1590bec89bc2014f1\" class=\"ls-titre-div aligncenter h2-like\" >\n    Entdeckenswertes in der Umgebung unseres Campingplatzes<\/div>\n\n\n<div id=\"ls-maillage-block_00c03719aed15749c8782cf481e92dab\" class=\"ls-maillage cta-style-normal\" data-rows=\"3\">\r\n    <div class=\"wp-block-columns\"><div class=\"wp-block-column\"><div class=\"ls-cta\">\n\n<a href=\"https:\/\/www.camping-kerabus.com\/de\/la-trinite-sur-mer\/\" target=\"\" rel=\"noopener\" class=\"ls-cta__link\">\n\n\t<div class=\"ls-cta__image\"><img decoding=\"async\" src=\"https:\/\/www.camping-kerabus.com\/wp-content\/uploads\/2023\/01\/port-bretagne-trinite.jpg\" alt=\"port bretagne trinite\"><\/div>\n\t<div class=\"ls-cta__title\">\n\t\t<span>La Trinit\u00e9-sur-Mer<\/span>\n\t\t<span class=\"kerabus-fleche\"><\/span>\n\t<\/div>\n\n\t\n<\/a><\/div><\/div><div class=\"wp-block-column\"><div class=\"ls-cta\">\n\n<a href=\"https:\/\/www.camping-kerabus.com\/de\/halbinsel-quiberon\/\" target=\"\" rel=\"noopener\" class=\"ls-cta__link\">\n\n\t<div class=\"ls-cta__image\"><img decoding=\"async\" src=\"https:\/\/www.camping-kerabus.com\/wp-content\/uploads\/2023\/01\/visiter-quiberon-depuis-kerabus.jpg\" alt=\"visiter quiberon depuis kerabus\"><\/div>\n\t<div class=\"ls-cta__title\">\n\t\t<span>Halbinsel Quiberon<\/span>\n\t\t<span class=\"kerabus-fleche\"><\/span>\n\t<\/div>\n\n\t\n<\/a><\/div><\/div><div class=\"wp-block-column\"><div class=\"ls-cta\">\n\n<a href=\"https:\/\/www.camping-kerabus.com\/de\/activity-bretagne\/\" target=\"\" rel=\"noopener\" class=\"ls-cta__link\">\n\n\t<div class=\"ls-cta__image\"><img decoding=\"async\" src=\"https:\/\/www.camping-kerabus.com\/wp-content\/uploads\/2023\/01\/activites-a-faire-en-bretagne.jpg\" alt=\"activits \u00e0 faire en bretagne\"><\/div>\n\t<div class=\"ls-cta__title\">\n\t\t<span>Aktivit\u00e4ten in der Bretagne<\/span>\n\t\t<span class=\"kerabus-fleche\"><\/span>\n\t<\/div>\n\n\t\n<\/a><\/div><\/div><\/div><\/div>\n\n    <\/div>\n<\/section>","protected":false},"excerpt":{"rendered":"","protected":false},"author":1,"featured_media":1993,"parent":0,"menu_order":0,"comment_status":"closed","ping_status":"closed","template":"","meta":{"_acf_changed":false,"footnotes":""},"sujet":[],"class_list":["post-2787","page","type-page","status-publish","has-post-thumbnail","hentry"],"acf":[],"yoast_head":"<!-- This site is optimized with the Yoast SEO plugin v25.3 - https:\/\/yoast.com\/wordpress\/plugins\/seo\/ -->\n<title>Camping in der N\u00e4he von Belle-Ile-en-Mer | Besichtigungen, Aktivit\u00e4ten Belle-Ile-en-Mer<\/title>\n<meta name=\"robots\" content=\"index, follow, max-snippet:-1, max-image-preview:large, max-video-preview:-1\" \/>\n<link rel=\"canonical\" href=\"https:\/\/www.camping-kerabus.com\/de\/belle-ile-en-mer\/\" \/>\n<meta property=\"og:locale\" content=\"de_DE\" \/>\n<meta property=\"og:type\" content=\"article\" \/>\n<meta property=\"og:title\" content=\"Camping in der N\u00e4he von Belle-Ile-en-Mer | Besichtigungen, Aktivit\u00e4ten Belle-Ile-en-Mer\" \/>\n<meta property=\"og:url\" content=\"https:\/\/www.camping-kerabus.com\/de\/belle-ile-en-mer\/\" \/>\n<meta property=\"og:site_name\" content=\"Camping Kerabus\" \/>\n<meta property=\"article:modified_time\" content=\"2023-01-18T12:50:54+00:00\" \/>\n<meta property=\"og:image\" content=\"https:\/\/www.camping-kerabus.com\/wp-content\/uploads\/2023\/01\/belle-il-en-mer-bretagne.jpg\" \/>\n\t<meta property=\"og:image:width\" content=\"1920\" \/>\n\t<meta property=\"og:image:height\" content=\"560\" \/>\n\t<meta property=\"og:image:type\" content=\"image\/jpeg\" \/>\n<meta name=\"twitter:card\" content=\"summary_large_image\" \/>\n<meta name=\"twitter:label1\" content=\"Gesch\u00e4tzte Lesezeit\" \/>\n\t<meta name=\"twitter:data1\" content=\"3\u00a0Minuten\" \/>\n<script type=\"application\/ld+json\" class=\"yoast-schema-graph\">{\"@context\":\"https:\/\/schema.org\",\"@graph\":[{\"@type\":\"WebPage\",\"@id\":\"https:\/\/www.camping-kerabus.com\/de\/belle-ile-en-mer\/\",\"url\":\"https:\/\/www.camping-kerabus.com\/de\/belle-ile-en-mer\/\",\"name\":\"Camping in der N\u00e4he von Belle-Ile-en-Mer | Besichtigungen, Aktivit\u00e4ten Belle-Ile-en-Mer\",\"isPartOf\":{\"@id\":\"https:\/\/www.camping-kerabus.com\/de\/#website\"},\"primaryImageOfPage\":{\"@id\":\"https:\/\/www.camping-kerabus.com\/de\/belle-ile-en-mer\/#primaryimage\"},\"image\":{\"@id\":\"https:\/\/www.camping-kerabus.com\/de\/belle-ile-en-mer\/#primaryimage\"},\"thumbnailUrl\":\"https:\/\/www.camping-kerabus.com\/wp-content\/uploads\/2023\/01\/belle-il-en-mer-bretagne.jpg\",\"datePublished\":\"2023-01-17T14:54:58+00:00\",\"dateModified\":\"2023-01-18T12:50:54+00:00\",\"breadcrumb\":{\"@id\":\"https:\/\/www.camping-kerabus.com\/de\/belle-ile-en-mer\/#breadcrumb\"},\"inLanguage\":\"de\",\"potentialAction\":[{\"@type\":\"ReadAction\",\"target\":[\"https:\/\/www.camping-kerabus.com\/de\/belle-ile-en-mer\/\"]}]},{\"@type\":\"ImageObject\",\"inLanguage\":\"de\",\"@id\":\"https:\/\/www.camping-kerabus.com\/de\/belle-ile-en-mer\/#primaryimage\",\"url\":\"https:\/\/www.camping-kerabus.com\/wp-content\/uploads\/2023\/01\/belle-il-en-mer-bretagne.jpg\",\"contentUrl\":\"https:\/\/www.camping-kerabus.com\/wp-content\/uploads\/2023\/01\/belle-il-en-mer-bretagne.jpg\",\"width\":1920,\"height\":560,\"caption\":\"belle ile en mer bretagne\"},{\"@type\":\"BreadcrumbList\",\"@id\":\"https:\/\/www.camping-kerabus.com\/de\/belle-ile-en-mer\/#breadcrumb\",\"itemListElement\":[{\"@type\":\"ListItem\",\"position\":1,\"name\":\"Camping Carnac\",\"item\":\"https:\/\/www.camping-kerabus.com\/de\/\"},{\"@type\":\"ListItem\",\"position\":2,\"name\":\"Visiter Belle-Ile-en-MerCamping in der N\u00e4he von Belle-Ile-en-Mer | Besichtigungen, Aktivit\u00e4ten Belle-Ile-en-Mer\"}]},{\"@type\":\"WebSite\",\"@id\":\"https:\/\/www.camping-kerabus.com\/de\/#website\",\"url\":\"https:\/\/www.camping-kerabus.com\/de\/\",\"name\":\"Camping Kerabus\",\"description\":\"\",\"publisher\":{\"@id\":\"https:\/\/www.camping-kerabus.com\/de\/#organization\"},\"potentialAction\":[{\"@type\":\"SearchAction\",\"target\":{\"@type\":\"EntryPoint\",\"urlTemplate\":\"https:\/\/www.camping-kerabus.com\/de\/?s={search_term_string}\"},\"query-input\":{\"@type\":\"PropertyValueSpecification\",\"valueRequired\":true,\"valueName\":\"search_term_string\"}}],\"inLanguage\":\"de\"},{\"@type\":\"Organization\",\"@id\":\"https:\/\/www.camping-kerabus.com\/de\/#organization\",\"name\":\"Camping Kerabus\",\"url\":\"https:\/\/www.camping-kerabus.com\/de\/\",\"logo\":{\"@type\":\"ImageObject\",\"inLanguage\":\"de\",\"@id\":\"https:\/\/www.camping-kerabus.com\/de\/#\/schema\/logo\/image\/\",\"url\":\"https:\/\/www.camping-kerabus.com\/wp-content\/uploads\/2022\/12\/logo-camping-kerabus.png\",\"contentUrl\":\"https:\/\/www.camping-kerabus.com\/wp-content\/uploads\/2022\/12\/logo-camping-kerabus.png\",\"width\":500,\"height\":165,\"caption\":\"Camping Kerabus\"},\"image\":{\"@id\":\"https:\/\/www.camping-kerabus.com\/de\/#\/schema\/logo\/image\/\"}}]}<\/script>\n<!-- \/ Yoast SEO plugin. -->","yoast_head_json":{"title":"Camping in der N\u00e4he von Belle-Ile-en-Mer | Besichtigungen, Aktivit\u00e4ten Belle-Ile-en-Mer","robots":{"index":"index","follow":"follow","max-snippet":"max-snippet:-1","max-image-preview":"max-image-preview:large","max-video-preview":"max-video-preview:-1"},"canonical":"https:\/\/www.camping-kerabus.com\/de\/belle-ile-en-mer\/","og_locale":"de_DE","og_type":"article","og_title":"Camping in der N\u00e4he von Belle-Ile-en-Mer | Besichtigungen, Aktivit\u00e4ten Belle-Ile-en-Mer","og_url":"https:\/\/www.camping-kerabus.com\/de\/belle-ile-en-mer\/","og_site_name":"Camping Kerabus","article_modified_time":"2023-01-18T12:50:54+00:00","og_image":[{"width":1920,"height":560,"url":"https:\/\/www.camping-kerabus.com\/wp-content\/uploads\/2023\/01\/belle-il-en-mer-bretagne.jpg","type":"image\/jpeg"}],"twitter_card":"summary_large_image","twitter_misc":{"Gesch\u00e4tzte Lesezeit":"3\u00a0Minuten"},"schema":{"@context":"https:\/\/schema.org","@graph":[{"@type":"WebPage","@id":"https:\/\/www.camping-kerabus.com\/de\/belle-ile-en-mer\/","url":"https:\/\/www.camping-kerabus.com\/de\/belle-ile-en-mer\/","name":"Camping in der N\u00e4he von Belle-Ile-en-Mer | Besichtigungen, Aktivit\u00e4ten Belle-Ile-en-Mer","isPartOf":{"@id":"https:\/\/www.camping-kerabus.com\/de\/#website"},"primaryImageOfPage":{"@id":"https:\/\/www.camping-kerabus.com\/de\/belle-ile-en-mer\/#primaryimage"},"image":{"@id":"https:\/\/www.camping-kerabus.com\/de\/belle-ile-en-mer\/#primaryimage"},"thumbnailUrl":"https:\/\/www.camping-kerabus.com\/wp-content\/uploads\/2023\/01\/belle-il-en-mer-bretagne.jpg","datePublished":"2023-01-17T14:54:58+00:00","dateModified":"2023-01-18T12:50:54+00:00","breadcrumb":{"@id":"https:\/\/www.camping-kerabus.com\/de\/belle-ile-en-mer\/#breadcrumb"},"inLanguage":"de","potentialAction":[{"@type":"ReadAction","target":["https:\/\/www.camping-kerabus.com\/de\/belle-ile-en-mer\/"]}]},{"@type":"ImageObject","inLanguage":"de","@id":"https:\/\/www.camping-kerabus.com\/de\/belle-ile-en-mer\/#primaryimage","url":"https:\/\/www.camping-kerabus.com\/wp-content\/uploads\/2023\/01\/belle-il-en-mer-bretagne.jpg","contentUrl":"https:\/\/www.camping-kerabus.com\/wp-content\/uploads\/2023\/01\/belle-il-en-mer-bretagne.jpg","width":1920,"height":560,"caption":"belle ile en mer bretagne"},{"@type":"BreadcrumbList","@id":"https:\/\/www.camping-kerabus.com\/de\/belle-ile-en-mer\/#breadcrumb","itemListElement":[{"@type":"ListItem","position":1,"name":"Camping Carnac","item":"https:\/\/www.camping-kerabus.com\/de\/"},{"@type":"ListItem","position":2,"name":"Visiter Belle-Ile-en-MerCamping in der N\u00e4he von Belle-Ile-en-Mer | Besichtigungen, Aktivit\u00e4ten Belle-Ile-en-Mer"}]},{"@type":"WebSite","@id":"https:\/\/www.camping-kerabus.com\/de\/#website","url":"https:\/\/www.camping-kerabus.com\/de\/","name":"Camping Kerabus","description":"","publisher":{"@id":"https:\/\/www.camping-kerabus.com\/de\/#organization"},"potentialAction":[{"@type":"SearchAction","target":{"@type":"EntryPoint","urlTemplate":"https:\/\/www.camping-kerabus.com\/de\/?s={search_term_string}"},"query-input":{"@type":"PropertyValueSpecification","valueRequired":true,"valueName":"search_term_string"}}],"inLanguage":"de"},{"@type":"Organization","@id":"https:\/\/www.camping-kerabus.com\/de\/#organization","name":"Camping Kerabus","url":"https:\/\/www.camping-kerabus.com\/de\/","logo":{"@type":"ImageObject","inLanguage":"de","@id":"https:\/\/www.camping-kerabus.com\/de\/#\/schema\/logo\/image\/","url":"https:\/\/www.camping-kerabus.com\/wp-content\/uploads\/2022\/12\/logo-camping-kerabus.png","contentUrl":"https:\/\/www.camping-kerabus.com\/wp-content\/uploads\/2022\/12\/logo-camping-kerabus.png","width":500,"height":165,"caption":"Camping Kerabus"},"image":{"@id":"https:\/\/www.camping-kerabus.com\/de\/#\/schema\/logo\/image\/"}}]}},"_links":{"self":[{"href":"https:\/\/www.camping-kerabus.com\/de\/wp-json\/wp\/v2\/pages\/2787","targetHints":{"allow":["GET"]}}],"collection":[{"href":"https:\/\/www.camping-kerabus.com\/de\/wp-json\/wp\/v2\/pages"}],"about":[{"href":"https:\/\/www.camping-kerabus.com\/de\/wp-json\/wp\/v2\/types\/page"}],"author":[{"embeddable":true,"href":"https:\/\/www.camping-kerabus.com\/de\/wp-json\/wp\/v2\/users\/1"}],"replies":[{"embeddable":true,"href":"https:\/\/www.camping-kerabus.com\/de\/wp-json\/wp\/v2\/comments?post=2787"}],"version-history":[{"count":12,"href":"https:\/\/www.camping-kerabus.com\/de\/wp-json\/wp\/v2\/pages\/2787\/revisions"}],"predecessor-version":[{"id":3236,"href":"https:\/\/www.camping-kerabus.com\/de\/wp-json\/wp\/v2\/pages\/2787\/revisions\/3236"}],"wp:featuredmedia":[{"embeddable":true,"href":"https:\/\/www.camping-kerabus.com\/de\/wp-json\/wp\/v2\/media\/1993"}],"wp:attachment":[{"href":"https:\/\/www.camping-kerabus.com\/de\/wp-json\/wp\/v2\/media?parent=2787"}],"wp:term":[{"taxonomy":"sujet","embeddable":true,"href":"https:\/\/www.camping-kerabus.com\/de\/wp-json\/wp\/v2\/sujet?post=2787"}],"curies":[{"name":"wp","href":"https:\/\/api.w.org\/{rel}","templated":true}]}}