{"id":2783,"date":"2023-01-17T15:47:21","date_gmt":"2023-01-17T14:47:21","guid":{"rendered":"https:\/\/www.camping-kerabus.com\/aktivitaeten-in-der-bretagne\/"},"modified":"2023-01-19T11:51:24","modified_gmt":"2023-01-19T10:51:24","slug":"activity-bretagne","status":"publish","type":"page","link":"https:\/\/www.camping-kerabus.com\/de\/activity-bretagne\/","title":{"rendered":"Aktivit\u00e4ten in der Bretagne"},"content":{"rendered":"<section id=\"ls-section-block_481b634c19de78b5732933a098adf452\" class=\"ls-section  page-one has-m-b m-b-0 has-p-b p-b-0\" >\n        <div class=\"container container--wide\">\n        \n\n<h1 class=\"ls__heading has-text-align-center wp-block-heading\">Genie\u00dfen Sie die Bretagne und ihre Aktivit\u00e4ten<\/h1>\n\n\n    <\/div>\n<\/section>\n\n<section id=\"ls-section-block_dfbdc13f961b7312767c2e527b4de9c2\" class=\"ls-section  page-one has-background-image has-parallax has-p-t p-t-0\" >\n    <div class=\"ls-section__background-image opacity-100\"><img decoding=\"async\" src=\"https:\/\/www.camping-kerabus.com\/wp-content\/uploads\/2023\/01\/spa-thalasso-dans-le-morbihan.jpg\" alt=\"spa-thalasso-dans-le-morbihan\"><\/div>    <div class=\"container container--wide\">\n        \n\n<div class=\"wp-block-columns has-color-white-background-color has-background is-layout-flex wp-container-core-columns-is-layout-9d6595d7 wp-block-columns-is-layout-flex\">\n<div class=\"wp-block-column is-vertically-aligned-top is-layout-flow wp-block-column-is-layout-flow\">\n<h2 class=\"ls-heading wp-block-heading\">Thalasso und SPA in Carnac<\/h2>\n\n\n\n<p class=\"ls-paragraph\">Genie\u00dfen Sie Ihren Aufenthalt auf dem Campingplatz in vollen Z\u00fcgen und g\u00f6nnen Sie sich eine <strong>Wellness-Kur<\/strong> im Thalassotherapiezentrum von Carnac.<\/p>\n\n\n\n<p class=\"ls-paragraph\">B\u00e9n\u00e9ficiez des bienfaits des <strong>soins \u00e0 l\u2019eau de mer<\/strong> et aux <strong>algues<\/strong> reconnus depuis des si\u00e8cles.<\/p>\n\n\n\n<p class=\"ls-paragraph\">Carnac Thalasso bietet Thalassotherapie-Kuren und eine breite Palette an Behandlungen \u00e0 la carte: Fitness, Gesundheitsprogramm, Postnatal, Schlankheit oder Sport&#8230; Du<strong> entspannende Modellage<\/strong> auf die Pflege von<strong>Hydrotherapie<\/strong> \u00fcber die <strong>Peelings<\/strong> und Massagen, alles ist vereint, um Ihnen bei Ihrem Campingurlaub Entspannung und Wohlbefinden zu bieten!<\/p>\n<\/div>\n\n\n\n<div class=\"wp-block-column is-vertically-aligned-center is-layout-flow wp-block-column-is-layout-flow\">\n<p class=\"ls-paragraph\">Gut zu wissen: Das <strong>Meeres-Spa<\/strong> des <a href=\"https:\/\/www.thalazur.fr\/carnac\/\" target=\"_blank\" rel=\"noreferrer noopener nofollow\">Thalasso de Carnac<\/a> ist das erste weltweit, das die neue Zertifizierung <strong>Ecocert-Greenlife<\/strong>, Niveau Excellence, erhalten hat. Dieses G\u00fctesiegel ist die Garantie f\u00fcr eine Welt der Entspannung, die Ihr Wohlbefinden mit dem Respekt f\u00fcr unseren Planeten verbindet.<\/p>\n\n\n\n<ul class=\"ls-list wp-block-list\">\n<li>Avenue de l&#8217;Atlantique<br>56341 Carnac Cedex BP83<\/li>\n\n\n\n<li>Tel :<strong>+33(0)2 97 52 53 54<\/strong><\/li>\n<\/ul>\n\n\n\n<p class=\"ls-paragraph\">Wenn Sie ein Mobilheim in Carnac suchen, wenden Sie sich an den Campingplatz*** de Kerabus unter 02 97 52 24 90, um sich \u00fcber die Verf\u00fcgbarkeit zu informieren.<\/p>\n<\/div>\n<\/div>\n\n\n    <\/div>\n<\/section>\n\n<section id=\"ls-section-block_46c5147cacbf6d7eab67381a014c7818\" class=\"ls-section  page-two has-background has-color-1-background-color has-text-color has-color-white-color has-p-t p-t-8\" >\n        <div class=\"container container--wide\">\n        \n\n<h2 class=\"ls__heading has-color-white-color has-text-color wp-block-heading\">Die Ria d&#8217;Etel und Saint-Cado<\/h2>\n\n\n\n<p class=\"ls-paragraph\">Das weniger als 20 km von Carnac entfernte Ria d&#8217;Etel und sein <strong>malerisches Inselchen<\/strong> Saint-Cado sind ein Muss, wenn Sie das Departement Morbihan besuchen. Zwischen Vannes und Lorient bietet dieses 22 km\u00b2 gro\u00dfe Binnenmeer <strong>atemberaubende Landschaften<\/strong>!<\/p>\n\n\n\n<h2 class=\"ls__heading has-text-align-left has-color-white-color has-text-color wp-block-heading\">Das Schloss Suscinio in Sarzeau<\/h2>\n\n\n\n<p class=\"ls-paragraph has-text-align-left\">Besuchen Sie w\u00e4hrend Ihres Aufenthalts auf dem Campingplatz das <a href=\"https:\/\/www.suscinio.fr\/\" target=\"_blank\" rel=\"noreferrer noopener\">Schloss Suscinio<\/a> in Sarzeau, eine der Lieblingsresidenzen der Herz\u00f6ge der Bretagne, die direkt am Meer und in der N\u00e4he des Golfs von Morbihan liegt.<br><br>Diese beeindruckende Festung wurde im 13. Jahrhundert errichtet und zwei Jahrhunderte sp\u00e4ter umgebaut. Jahrhunderts restauriert wurde, beherbergt das Schloss heute ein Museum f\u00fcr die Geschichte der Bretagne und des Morbihan, in dem unter anderem eine reiche Sammlung mittelalterlicher Kacheln ausgestellt ist. Im Sommer finden im Schloss Suscinio zahlreiche kulturelle Veranstaltungen und Sonderausstellungen statt, die der Geschichte der Bretagne gewidmet sind.<\/p>\n\n\n\n<p class=\"ls-paragraph has-text-align-left\">Wenn Sie eine Ferienunterkunft in der N\u00e4he von Sarzeau suchen, wenden Sie sich an den Campingplatz*** de Kerabus unter 02 97 52 24 90, um sich \u00fcber die Verf\u00fcgbarkeit zu informieren.<\/p>\n\n\n    <\/div>\n<\/section>\n\n<section id=\"ls-section-block_26755dc51a4fe2dabea4519eeadb9c11\" class=\"ls-section  home-third page-three has-background-image has-parallax\" >\n    <div class=\"ls-section__background-image opacity-100\"><img decoding=\"async\" src=\"https:\/\/www.camping-kerabus.com\/wp-content\/uploads\/2023\/01\/camping-kerabus-depart-randonnees-famille-bretagne.jpg\" alt=\"camping-kerabus-depart-randonn\u00e9es-famille-bretagne\"><\/div>    <div class=\"container container--wide\">\n        \n\n<div class=\"wp-block-columns p-t-8 is-layout-flex wp-container-core-columns-is-layout-9d6595d7 wp-block-columns-is-layout-flex\">\n<div class=\"wp-block-column is-layout-flow wp-block-column-is-layout-flow\">\n<h2 class=\"ls__heading has-text-align-center wp-block-heading\">Der GR 34<\/h2>\n\n\n\n<p class=\"ls-paragraph has-text-align-center\">Ihr <a href=\"\/en\/\">Campingplatz in Carnac<\/a> wird der Ausgangspunkt f\u00fcr sch\u00f6ne Ausfl\u00fcge in den Golf von Morbihan sein. Ob zu Fu\u00df, mit dem Fahrrad oder zu Pferd: Begeben Sie sich auf die zahlreichen Wanderwege und erkunden Sie die <strong>s\u00fcdliche Bretagne<\/strong>.<\/p>\n\n\n\n<p class=\"ls-paragraph has-text-align-center\">Entdecken Sie ein <strong>reiches Erbe<\/strong> in einer <strong>gesch\u00fctzten nat\u00fcrlichen<\/strong> und kulturellen Umgebung. Unterwegs k\u00f6nnen Sie die <strong>megalithischen Alignements<\/strong> und den Tumulus von Kercado, die Kapelle Saint-Michel, die auf einem Tumulus ruht und ein 360\u00b0<strong>-Panorama<\/strong> bietet, den Teich Moulin du Lac, den Hafen von La Trinit\u00e9 sur Mer oder Saint Colomban und seine Kapelle bewundern.<\/p>\n\n\n\n<p class=\"ls-paragraph has-text-align-center\">Schlie\u00dfen Sie sich dem GR 34 an, einem der l\u00e4ngsten <strong>Fernwanderwege<\/strong> Frankreichs. Der Weg f\u00fchrt an der K\u00fcste von <strong>Morbihan<\/strong> und den Inseln entlang. Von Carnac bis Vannes \u00fcber Locmariaquer Quiberon, Auray, genie\u00dfen Sie die sch\u00f6nsten Landschaften der s\u00fcdlichen Bretagne. Auf Ihrem Weg reihen sich feine Sandstr\u00e4nde, Steilk\u00fcsten, wilde K\u00fcsten, Badeorte und <strong>Postkartenlandschaften<\/strong> aneinander, um Wanderer gl\u00fccklich zu machen.<\/p>\n\n\n\n<p class=\"ls-paragraph has-text-align-center\">Si vous cherchez une location de vacances \u00e0 Carnac, contactez le camping*** de Kerabus au 02 97 52 24 90 pour conna\u00eetre les disponibilit\u00e9s.<\/p>\n<\/div>\n<\/div>\n\n\n    <\/div>\n<\/section>\n\n<section id=\"ls-section-block_2c80a99eaefe0cce4eae01dddaba877f\" class=\"ls-section  page-one has-background has-color-3-background-color has-m-b m-b-0 has-p-t p-t-8 has-p-b p-b-8\" >\n        <div class=\"container container--wide\">\n        \n\n<div class=\"wp-block-columns is-layout-flex wp-container-core-columns-is-layout-9d6595d7 wp-block-columns-is-layout-flex\">\n<div class=\"wp-block-column is-vertically-aligned-top is-layout-flow wp-block-column-is-layout-flow\">\n<h2 class=\"ls-heading wp-block-heading\">Schlendern Sie durch den Schmetterlingsgarten in Vannes<\/h2>\n\n\n\n<p class=\"ls-paragraph\">Besuchen Sie 30 Minuten vom Campingplatz entfernt den Schmetterlingsgarten <strong>Jardin aux Papillons in Vannes<\/strong>. Erleben Sie das Schl\u00fcpfen der Schmetterlinge live und spazieren Sie durch die Alleen, zwischen Lianen und bl\u00fchenden Str\u00e4uchern. <strong>Abwechslung garantiert!<\/strong><\/p>\n\n\n\n<p class=\"ls-paragraph\">Schlendern Sie durch dieses erstaunliche, 500 m\u00b2 gro\u00dfe <strong>tropische Gew\u00e4chshaus<\/strong>, das zum Entfliehen und Tr\u00e4umen einl\u00e4dt. Entdecken Sie das fesselnde Leben von <strong>Schmetterlingen<\/strong> aus aller Welt. Bewundern Sie die Schmetterlinge aus Afrika, Asien und Amerika, die eifrig ihre Lieblingsblumen sammeln. Jede Woche kommen 400 Puppen in das Gew\u00e4chshaus, wo sie ihre H\u00e4utung in einem \u00f6ffentlich ausgestellten Schlupfhaus vollenden.<\/p>\n\n\n\n<ul class=\"ls-list wp-block-list\">\n<li>Garten mit Schmetterlingen<br>Parc du Golfe<br>18 Rue Daniel Gilard<br>56000 VANNES<br>T\u00e9l. : <strong>02 97 40 67 40<\/strong><\/li>\n<\/ul>\n\n\n\n<p class=\"ls-paragraph\">Wenn Sie ein Mobilheim in der N\u00e4he von Vannes suchen, wenden Sie sich an den Campingplatz*** de Kerabus unter 02 97 52 24 90, um die Verf\u00fcgbarkeit zu erfahren.<\/p>\n<\/div>\n\n\n\n<div class=\"wp-block-column is-vertically-aligned-center animated fadeInRight is-layout-flow wp-block-column-is-layout-flow\">\n<figure class=\"wp-block-gallery has-nested-images columns-2 is-cropped wp-block-gallery-1 is-layout-flex wp-block-gallery-is-layout-flex\">\n<figure class=\"wp-block-image size-full\"><a href=\"https:\/\/www.camping-kerabus.com\/wp-content\/uploads\/2023\/01\/jardin-des-papillons.jpg\"><img decoding=\"async\" width=\"642\" height=\"482\" data-id=\"2125\" src=\"https:\/\/www.camping-kerabus.com\/wp-content\/uploads\/2023\/01\/jardin-des-papillons.jpg\" alt=\"Schmetterlingsgarten\" class=\"wp-image-2125\" srcset=\"https:\/\/www.camping-kerabus.com\/wp-content\/uploads\/2023\/01\/jardin-des-papillons.jpg 642w, https:\/\/www.camping-kerabus.com\/wp-content\/uploads\/2023\/01\/jardin-des-papillons-300x225.jpg 300w\" sizes=\"(max-width: 642px) 100vw, 642px\" \/><\/a><\/figure>\n<\/figure>\n<\/div>\n<\/div>\n\n\n    <\/div>\n<\/section>\n\n<section id=\"ls-section-block_d9b79311ed142520acbf9a923ef96208\" class=\"ls-section  page one column-reverse has-background has-color-white-background-color has-p-t p-t-8 has-p-b p-b-0\" >\n        <div class=\"container container--wide\">\n        \n\n<div class=\"wp-block-columns is-layout-flex wp-container-core-columns-is-layout-9d6595d7 wp-block-columns-is-layout-flex\">\n<div class=\"wp-block-column is-vertically-aligned-center animated fadeInRight is-layout-flow wp-block-column-is-layout-flow\">\n<figure class=\"wp-block-gallery has-nested-images columns-2 is-cropped wp-block-gallery-2 is-layout-flex wp-block-gallery-is-layout-flex\">\n<figure class=\"wp-block-image size-full\"><a href=\"https:\/\/www.camping-kerabus.com\/wp-content\/uploads\/2023\/01\/visitez-le-zoo-de-branfere-depuis-kerabus.jpg\"><img decoding=\"async\" width=\"642\" height=\"482\" data-id=\"2129\" src=\"https:\/\/www.camping-kerabus.com\/wp-content\/uploads\/2023\/01\/visitez-le-zoo-de-branfere-depuis-kerabus.jpg\" alt=\"besuchen sie den branfere zoo von kerabus aus\" class=\"wp-image-2129\" srcset=\"https:\/\/www.camping-kerabus.com\/wp-content\/uploads\/2023\/01\/visitez-le-zoo-de-branfere-depuis-kerabus.jpg 642w, https:\/\/www.camping-kerabus.com\/wp-content\/uploads\/2023\/01\/visitez-le-zoo-de-branfere-depuis-kerabus-300x225.jpg 300w\" sizes=\"(max-width: 642px) 100vw, 642px\" \/><\/a><\/figure>\n<\/figure>\n<\/div>\n\n\n\n<div class=\"wp-block-column is-vertically-aligned-top is-layout-flow wp-block-column-is-layout-flow\">\n<h2 class=\"ls-heading wp-block-heading\">Le zoo de Branf\u00e9r\u00e9<\/h2>\n\n\n\n<p class=\"ls-paragraph\">50 Minuten vom Campingplatz entfernt , besuchen Sie den Tier- und <a href=\"https:\/\/www.branfere.com\/\" target=\"_blank\" rel=\"noreferrer noopener nofollow\">Botanikpark und Parcabout\u00ae von Branf\u00e9r\u00e9<\/a>, ein <strong>Familienausflug<\/strong>, der Spa\u00df macht und p\u00e4dagogisch wertvoll ist und Gro\u00df und Klein begeistern wird.<br>Praktisch: Der Campingplatz bietet Ihnen einen Ticketservice mit einem erm\u00e4\u00dfigten Preis f\u00fcr den Zoo an! <br>Der Zoo von Branf\u00e9r\u00e9 wurde in einer mehrere hundert Jahre alten <strong>Botanik<\/strong> eingerichtet und ist ein riesiges Areal, in dem mehr als 1000 wilde Tiere leben. Spazieren Sie durch riesige Wiesen und n\u00e4hern Sie sich einigen Tieren wie Kranichen und Maras. Sie k\u00f6nnen auch Nase an Nase mit einem Nilpferd, einem Lemur oder auch einem Zebra oder Nashorn stehen.<br>Verpassen Sie nicht die <strong>ungew\u00f6hnliche Vogelschau<\/strong>, bei der St\u00f6rche und Geier \u00fcber Ihren K\u00f6pfen kreisen, und entdecken Sie den <strong>Parcabout<\/strong>: 3000 m\u00b2 Netze in den B\u00e4umen f\u00fcr Spa\u00df und Entspannung mit der ganzen Familie.<\/p>\n\n\n\n<ul class=\"ls-list wp-block-list\">\n<li>Branf\u00e9r\u00e9<br>56190 LE GUERNO<br>T\u00e9l. : <strong>02 97 42 94 66<\/strong><\/li>\n<\/ul>\n<\/div>\n<\/div>\n\n\n    <\/div>\n<\/section>\n\n<section id=\"ls-section-block_4d5ed0d43359255ab1b7abe8bf52b86b\" class=\"ls-section  page-four has-m-t m-t-0\" >\n        <div class=\"container container--wide\">\n        \n\n<div id=\"ls-heading ls-titre-div-block_4b280b507ec3430089f4205726c8adad\" class=\"ls-titre-div aligncenter h2-like\" >\n    Entdecken Sie die St\u00e4dte in der N\u00e4he unseres Campingplatzes<\/div>\n\n\n<div id=\"ls-maillage-block_35ce358f72f24fbcfa772a1b6bed5169\" class=\"ls-maillage cta-style-normal\" data-rows=\"3\">\r\n    <div class=\"wp-block-columns\"><div class=\"wp-block-column\"><div class=\"ls-cta\">\n\n<a href=\"https:\/\/www.camping-kerabus.com\/de\/belle-ile-en-mer\/\" target=\"\" rel=\"noopener\" class=\"ls-cta__link\">\n\n\t<div class=\"ls-cta__image\"><img decoding=\"async\" src=\"https:\/\/www.camping-kerabus.com\/wp-content\/uploads\/2023\/01\/visiter-belle-ile-en-mer.jpg\" alt=\"visiter belle-ile-en-mer\"><\/div>\n\t<div class=\"ls-cta__title\">\n\t\t<span>Belle-\u00cele-en-Mer<\/span>\n\t\t<span class=\"kerabus-fleche\"><\/span>\n\t<\/div>\n\n\t\n<\/a><\/div><\/div><div class=\"wp-block-column\"><div class=\"ls-cta\">\n\n<a href=\"https:\/\/www.camping-kerabus.com\/de\/halbinsel-quiberon\/\" target=\"\" rel=\"noopener\" class=\"ls-cta__link\">\n\n\t<div class=\"ls-cta__image\"><img decoding=\"async\" src=\"https:\/\/www.camping-kerabus.com\/wp-content\/uploads\/2023\/01\/visiter-quiberon-depuis-kerabus.jpg\" alt=\"visiter quiberon depuis kerabus\"><\/div>\n\t<div class=\"ls-cta__title\">\n\t\t<span>Halbinsel Quiberon<\/span>\n\t\t<span class=\"kerabus-fleche\"><\/span>\n\t<\/div>\n\n\t\n<\/a><\/div><\/div><div class=\"wp-block-column\"><div class=\"ls-cta\">\n\n<a href=\"https:\/\/www.camping-kerabus.com\/de\/la-trinite-sur-mer\/\" target=\"\" rel=\"noopener\" class=\"ls-cta__link\">\n\n\t<div class=\"ls-cta__image\"><img decoding=\"async\" src=\"https:\/\/www.camping-kerabus.com\/wp-content\/uploads\/2023\/01\/port-bretagne-trinite.jpg\" alt=\"port bretagne trinite\"><\/div>\n\t<div class=\"ls-cta__title\">\n\t\t<span>La Trinit\u00e9-sur-Mer<\/span>\n\t\t<span class=\"kerabus-fleche\"><\/span>\n\t<\/div>\n\n\t\n<\/a><\/div><\/div><\/div><\/div>\n\n    <\/div>\n<\/section>","protected":false},"excerpt":{"rendered":"","protected":false},"author":1,"featured_media":2153,"parent":0,"menu_order":0,"comment_status":"closed","ping_status":"closed","template":"","meta":{"_acf_changed":false,"footnotes":""},"sujet":[],"class_list":["post-2783","page","type-page","status-publish","has-post-thumbnail","hentry"],"acf":[],"yoast_head":"<!-- This site is optimized with the Yoast SEO plugin v25.3 - https:\/\/yoast.com\/wordpress\/plugins\/seo\/ -->\n<title>Familienaktivit\u00e4ten in der Bretagne | Sehensw\u00fcrdigkeiten in der Bretagne<\/title>\n<meta name=\"robots\" content=\"index, follow, max-snippet:-1, max-image-preview:large, max-video-preview:-1\" \/>\n<link rel=\"canonical\" href=\"https:\/\/www.camping-kerabus.com\/de\/activity-bretagne\/\" \/>\n<meta property=\"og:locale\" content=\"de_DE\" \/>\n<meta property=\"og:type\" content=\"article\" \/>\n<meta property=\"og:title\" content=\"Familienaktivit\u00e4ten in der Bretagne | Sehensw\u00fcrdigkeiten in der Bretagne\" \/>\n<meta property=\"og:url\" content=\"https:\/\/www.camping-kerabus.com\/de\/activity-bretagne\/\" \/>\n<meta property=\"og:site_name\" content=\"Camping Kerabus\" \/>\n<meta property=\"article:modified_time\" content=\"2023-01-19T10:51:24+00:00\" \/>\n<meta property=\"og:image\" content=\"https:\/\/www.camping-kerabus.com\/wp-content\/uploads\/2023\/01\/vister-sarzeau-en-bretagne-depuis-kerabus.jpg\" \/>\n\t<meta property=\"og:image:width\" content=\"1920\" \/>\n\t<meta property=\"og:image:height\" content=\"560\" \/>\n\t<meta property=\"og:image:type\" content=\"image\/jpeg\" \/>\n<meta name=\"twitter:card\" content=\"summary_large_image\" \/>\n<meta name=\"twitter:label1\" content=\"Gesch\u00e4tzte Lesezeit\" \/>\n\t<meta name=\"twitter:data1\" content=\"5\u00a0Minuten\" \/>\n<script type=\"application\/ld+json\" class=\"yoast-schema-graph\">{\"@context\":\"https:\/\/schema.org\",\"@graph\":[{\"@type\":\"WebPage\",\"@id\":\"https:\/\/www.camping-kerabus.com\/de\/activity-bretagne\/\",\"url\":\"https:\/\/www.camping-kerabus.com\/de\/activity-bretagne\/\",\"name\":\"Familienaktivit\u00e4ten in der Bretagne | Sehensw\u00fcrdigkeiten in der Bretagne\",\"isPartOf\":{\"@id\":\"https:\/\/www.camping-kerabus.com\/de\/#website\"},\"primaryImageOfPage\":{\"@id\":\"https:\/\/www.camping-kerabus.com\/de\/activity-bretagne\/#primaryimage\"},\"image\":{\"@id\":\"https:\/\/www.camping-kerabus.com\/de\/activity-bretagne\/#primaryimage\"},\"thumbnailUrl\":\"https:\/\/www.camping-kerabus.com\/wp-content\/uploads\/2023\/01\/vister-sarzeau-en-bretagne-depuis-kerabus.jpg\",\"datePublished\":\"2023-01-17T14:47:21+00:00\",\"dateModified\":\"2023-01-19T10:51:24+00:00\",\"breadcrumb\":{\"@id\":\"https:\/\/www.camping-kerabus.com\/de\/activity-bretagne\/#breadcrumb\"},\"inLanguage\":\"de\",\"potentialAction\":[{\"@type\":\"ReadAction\",\"target\":[\"https:\/\/www.camping-kerabus.com\/de\/activity-bretagne\/\"]}]},{\"@type\":\"ImageObject\",\"inLanguage\":\"de\",\"@id\":\"https:\/\/www.camping-kerabus.com\/de\/activity-bretagne\/#primaryimage\",\"url\":\"https:\/\/www.camping-kerabus.com\/wp-content\/uploads\/2023\/01\/vister-sarzeau-en-bretagne-depuis-kerabus.jpg\",\"contentUrl\":\"https:\/\/www.camping-kerabus.com\/wp-content\/uploads\/2023\/01\/vister-sarzeau-en-bretagne-depuis-kerabus.jpg\",\"width\":1920,\"height\":560,\"caption\":\"visiter serzeau bretagne\"},{\"@type\":\"BreadcrumbList\",\"@id\":\"https:\/\/www.camping-kerabus.com\/de\/activity-bretagne\/#breadcrumb\",\"itemListElement\":[{\"@type\":\"ListItem\",\"position\":1,\"name\":\"Camping Carnac\",\"item\":\"https:\/\/www.camping-kerabus.com\/de\/\"},{\"@type\":\"ListItem\",\"position\":2,\"name\":\"Aktivit\u00e4ten in der Bretagne\"}]},{\"@type\":\"WebSite\",\"@id\":\"https:\/\/www.camping-kerabus.com\/de\/#website\",\"url\":\"https:\/\/www.camping-kerabus.com\/de\/\",\"name\":\"Camping Kerabus\",\"description\":\"\",\"publisher\":{\"@id\":\"https:\/\/www.camping-kerabus.com\/de\/#organization\"},\"potentialAction\":[{\"@type\":\"SearchAction\",\"target\":{\"@type\":\"EntryPoint\",\"urlTemplate\":\"https:\/\/www.camping-kerabus.com\/de\/?s={search_term_string}\"},\"query-input\":{\"@type\":\"PropertyValueSpecification\",\"valueRequired\":true,\"valueName\":\"search_term_string\"}}],\"inLanguage\":\"de\"},{\"@type\":\"Organization\",\"@id\":\"https:\/\/www.camping-kerabus.com\/de\/#organization\",\"name\":\"Camping Kerabus\",\"url\":\"https:\/\/www.camping-kerabus.com\/de\/\",\"logo\":{\"@type\":\"ImageObject\",\"inLanguage\":\"de\",\"@id\":\"https:\/\/www.camping-kerabus.com\/de\/#\/schema\/logo\/image\/\",\"url\":\"https:\/\/www.camping-kerabus.com\/wp-content\/uploads\/2022\/12\/logo-camping-kerabus.png\",\"contentUrl\":\"https:\/\/www.camping-kerabus.com\/wp-content\/uploads\/2022\/12\/logo-camping-kerabus.png\",\"width\":500,\"height\":165,\"caption\":\"Camping Kerabus\"},\"image\":{\"@id\":\"https:\/\/www.camping-kerabus.com\/de\/#\/schema\/logo\/image\/\"}}]}<\/script>\n<!-- \/ Yoast SEO plugin. -->","yoast_head_json":{"title":"Familienaktivit\u00e4ten in der Bretagne | Sehensw\u00fcrdigkeiten in der Bretagne","robots":{"index":"index","follow":"follow","max-snippet":"max-snippet:-1","max-image-preview":"max-image-preview:large","max-video-preview":"max-video-preview:-1"},"canonical":"https:\/\/www.camping-kerabus.com\/de\/activity-bretagne\/","og_locale":"de_DE","og_type":"article","og_title":"Familienaktivit\u00e4ten in der Bretagne | Sehensw\u00fcrdigkeiten in der Bretagne","og_url":"https:\/\/www.camping-kerabus.com\/de\/activity-bretagne\/","og_site_name":"Camping Kerabus","article_modified_time":"2023-01-19T10:51:24+00:00","og_image":[{"width":1920,"height":560,"url":"https:\/\/www.camping-kerabus.com\/wp-content\/uploads\/2023\/01\/vister-sarzeau-en-bretagne-depuis-kerabus.jpg","type":"image\/jpeg"}],"twitter_card":"summary_large_image","twitter_misc":{"Gesch\u00e4tzte Lesezeit":"5\u00a0Minuten"},"schema":{"@context":"https:\/\/schema.org","@graph":[{"@type":"WebPage","@id":"https:\/\/www.camping-kerabus.com\/de\/activity-bretagne\/","url":"https:\/\/www.camping-kerabus.com\/de\/activity-bretagne\/","name":"Familienaktivit\u00e4ten in der Bretagne | Sehensw\u00fcrdigkeiten in der Bretagne","isPartOf":{"@id":"https:\/\/www.camping-kerabus.com\/de\/#website"},"primaryImageOfPage":{"@id":"https:\/\/www.camping-kerabus.com\/de\/activity-bretagne\/#primaryimage"},"image":{"@id":"https:\/\/www.camping-kerabus.com\/de\/activity-bretagne\/#primaryimage"},"thumbnailUrl":"https:\/\/www.camping-kerabus.com\/wp-content\/uploads\/2023\/01\/vister-sarzeau-en-bretagne-depuis-kerabus.jpg","datePublished":"2023-01-17T14:47:21+00:00","dateModified":"2023-01-19T10:51:24+00:00","breadcrumb":{"@id":"https:\/\/www.camping-kerabus.com\/de\/activity-bretagne\/#breadcrumb"},"inLanguage":"de","potentialAction":[{"@type":"ReadAction","target":["https:\/\/www.camping-kerabus.com\/de\/activity-bretagne\/"]}]},{"@type":"ImageObject","inLanguage":"de","@id":"https:\/\/www.camping-kerabus.com\/de\/activity-bretagne\/#primaryimage","url":"https:\/\/www.camping-kerabus.com\/wp-content\/uploads\/2023\/01\/vister-sarzeau-en-bretagne-depuis-kerabus.jpg","contentUrl":"https:\/\/www.camping-kerabus.com\/wp-content\/uploads\/2023\/01\/vister-sarzeau-en-bretagne-depuis-kerabus.jpg","width":1920,"height":560,"caption":"visiter serzeau bretagne"},{"@type":"BreadcrumbList","@id":"https:\/\/www.camping-kerabus.com\/de\/activity-bretagne\/#breadcrumb","itemListElement":[{"@type":"ListItem","position":1,"name":"Camping Carnac","item":"https:\/\/www.camping-kerabus.com\/de\/"},{"@type":"ListItem","position":2,"name":"Aktivit\u00e4ten in der Bretagne"}]},{"@type":"WebSite","@id":"https:\/\/www.camping-kerabus.com\/de\/#website","url":"https:\/\/www.camping-kerabus.com\/de\/","name":"Camping Kerabus","description":"","publisher":{"@id":"https:\/\/www.camping-kerabus.com\/de\/#organization"},"potentialAction":[{"@type":"SearchAction","target":{"@type":"EntryPoint","urlTemplate":"https:\/\/www.camping-kerabus.com\/de\/?s={search_term_string}"},"query-input":{"@type":"PropertyValueSpecification","valueRequired":true,"valueName":"search_term_string"}}],"inLanguage":"de"},{"@type":"Organization","@id":"https:\/\/www.camping-kerabus.com\/de\/#organization","name":"Camping Kerabus","url":"https:\/\/www.camping-kerabus.com\/de\/","logo":{"@type":"ImageObject","inLanguage":"de","@id":"https:\/\/www.camping-kerabus.com\/de\/#\/schema\/logo\/image\/","url":"https:\/\/www.camping-kerabus.com\/wp-content\/uploads\/2022\/12\/logo-camping-kerabus.png","contentUrl":"https:\/\/www.camping-kerabus.com\/wp-content\/uploads\/2022\/12\/logo-camping-kerabus.png","width":500,"height":165,"caption":"Camping Kerabus"},"image":{"@id":"https:\/\/www.camping-kerabus.com\/de\/#\/schema\/logo\/image\/"}}]}},"_links":{"self":[{"href":"https:\/\/www.camping-kerabus.com\/de\/wp-json\/wp\/v2\/pages\/2783","targetHints":{"allow":["GET"]}}],"collection":[{"href":"https:\/\/www.camping-kerabus.com\/de\/wp-json\/wp\/v2\/pages"}],"about":[{"href":"https:\/\/www.camping-kerabus.com\/de\/wp-json\/wp\/v2\/types\/page"}],"author":[{"embeddable":true,"href":"https:\/\/www.camping-kerabus.com\/de\/wp-json\/wp\/v2\/users\/1"}],"replies":[{"embeddable":true,"href":"https:\/\/www.camping-kerabus.com\/de\/wp-json\/wp\/v2\/comments?post=2783"}],"version-history":[{"count":11,"href":"https:\/\/www.camping-kerabus.com\/de\/wp-json\/wp\/v2\/pages\/2783\/revisions"}],"predecessor-version":[{"id":3311,"href":"https:\/\/www.camping-kerabus.com\/de\/wp-json\/wp\/v2\/pages\/2783\/revisions\/3311"}],"wp:featuredmedia":[{"embeddable":true,"href":"https:\/\/www.camping-kerabus.com\/de\/wp-json\/wp\/v2\/media\/2153"}],"wp:attachment":[{"href":"https:\/\/www.camping-kerabus.com\/de\/wp-json\/wp\/v2\/media?parent=2783"}],"wp:term":[{"taxonomy":"sujet","embeddable":true,"href":"https:\/\/www.camping-kerabus.com\/de\/wp-json\/wp\/v2\/sujet?post=2783"}],"curies":[{"name":"wp","href":"https:\/\/api.w.org\/{rel}","templated":true}]}}