{"id":2723,"date":"2023-01-17T14:03:10","date_gmt":"2023-01-17T13:03:10","guid":{"rendered":"https:\/\/www.camping-kerabus.com\/schwimmbad\/"},"modified":"2024-04-29T15:20:57","modified_gmt":"2024-04-29T13:20:57","slug":"schwimmbad","status":"publish","type":"page","link":"https:\/\/www.camping-kerabus.com\/de\/schwimmbad\/","title":{"rendered":"Swimmingpool"},"content":{"rendered":"<section id=\"ls-section-block_033628de58f3903a0da7385368b628cc\" class=\"ls-section  page-one has-m-b m-b-0 has-p-b p-b-0\" >\n        <div class=\"container container--wide\">\n        \n\n<h1 class=\"ls__heading wp-block-heading has-text-align-center\">Wasserbereich des Campingplatzes Kerabus in Carnac<\/h1>\n\n\n    <\/div>\n<\/section><section id=\"ls-section-block_55f9f829d28239d2726825556a522ce5\" class=\"ls-section  page-one has-background-image has-parallax has-p-t p-t-0\" >\n    <div class=\"ls-section__background-image opacity-100\"><img decoding=\"async\" src=\"https:\/\/www.camping-kerabus.com\/wp-content\/uploads\/2023\/01\/sejour-camping-piscine-bretagne.jpg\" alt=\"sejour camping piscine bretagne\"><\/div>    <div class=\"container container--wide\">\n        \n\n<div class=\"wp-block-columns has-color-white-background-color has-background is-layout-flex wp-container-core-columns-is-layout-9d6595d7 wp-block-columns-is-layout-flex\">\n<div class=\"wp-block-column is-vertically-aligned-top is-layout-flow wp-block-column-is-layout-flow\">\n<p class=\"ls-paragraph\">Genie\u00dfen Sie die Wasserfreuden in unserem beheizten Freibad, das ideal im Herzen des Campingplatzes K\u00e9rabus in Carnac gelegen ist, in vollen Z\u00fcgen. Unser Badebereich mit einem Kinderplanschbecken und einer Sonnenterrasse ist eine Oase der Entspannung f\u00fcr die ganze Familie.<\/p>\n\n\n\n<p class=\"ls-paragraph\">Das Wasser, das je nach Wetterlage auf einer angenehmen Temperatur von durchschnittlich 28\u00b0 C gehalten wird, l\u00e4dt zum Entspannen und Wohlf\u00fchlen ein. Ob Sie schwimmen, sich unter der milden Sonne der S\u00fcdbretagne sonnen oder einfach nur dem Alltag entfliehen wollen, unser Pool erf\u00fcllt alle Ihre W\u00fcnsche.<\/p>\n<\/div>\n\n\n\n<div class=\"wp-block-column is-vertically-aligned-top is-layout-flow wp-block-column-is-layout-flow\">\n<p class=\"ls-paragraph\">Machen Sie es sich auf einer Sonnenliege bequem, tauchen Sie in die Lekt\u00fcre Ihres Lieblingsbuches ein oder lassen Sie sich von der fr\u00f6hlichen Stimmung der Wasserspiele Ihrer Kinder mitrei\u00dfen. Schlie\u00dfen Sie die Augen und genie\u00dfen Sie diesen Moment Ihres verdienten Urlaubs in Carnac, wo jeder Augenblick Gl\u00fcck und Entspannung bedeutet.<\/p>\n<\/div>\n<\/div>\n\n\n    <\/div>\n<\/section><section id=\"ls-section-block_c5a2f69ba5e0f5131e26fd9afd6acae4\" class=\"ls-section  page-two has-background has-color-1-background-color has-text-color has-color-white-color has-m-t m-t-0 has-p-t p-t-8\" >\n        <div class=\"container container--wide\">\n        \n\n<div class=\"wp-block-columns is-layout-flex wp-container-core-columns-is-layout-9d6595d7 wp-block-columns-is-layout-flex\">\n<div class=\"wp-block-column is-layout-flow wp-block-column-is-layout-flow\">\n<figure class=\"wp-block-image size-full\"><img decoding=\"async\" width=\"700\" height=\"600\" src=\"https:\/\/www.camping-kerabus.com\/wp-content\/uploads\/2024\/04\/1-1.png\" alt=\"1 1\" class=\"wp-image-10156\" srcset=\"https:\/\/www.camping-kerabus.com\/wp-content\/uploads\/2024\/04\/1-1.png 700w, https:\/\/www.camping-kerabus.com\/wp-content\/uploads\/2024\/04\/1-1-300x257.png 300w\" sizes=\"(max-width: 700px) 100vw, 700px\" \/><\/figure>\n<\/div>\n\n\n\n<div class=\"wp-block-column is-layout-flow wp-block-column-is-layout-flow\">\n<p class=\"ls-paragraph\"><\/p>\n\n\n\n<p class=\"ls-paragraph\"><\/p>\n\n\n\n<h2 class=\"ls__heading wp-block-heading has-color-white-color has-text-color\"><strong>Beheizter Swimmingpool<\/strong><\/h2>\n\n\n\n<p class=\"ls-paragraph\">Im Herzen unseres <strong>Campingplatzes im Morbihan <\/strong> empf\u00e4ngt Sie der Wasserpark t\u00e4glich von 10:00 bis 19:30 Uhr. Vergn\u00fcgen Sie sich in unserem <strong>beheizten Schwimmbad in Carnac<\/strong>, das \u00fcber ein Planschbecken f\u00fcr die Kleinsten verf\u00fcgt. Sein originelles Design in Form einer Bohne wird die ganze Familie begeistern. Genie\u00dfen Sie die Sonne des <strong>Morbihan <\/strong> auf unseren Liegest\u00fchlen und unter unseren exotischen Sonnenschirmen.<\/p>\n\n\n\n<p class=\"ls-paragraph\">Das beheizte <strong>Schwimmbad ist bis zum 15.09<\/strong>. ge\u00f6ffnet. Sie hat eine Tiefe von: 1 m bis 1 m 60. Badehosen sind Pflicht.<\/p>\n\n\n\n<p class=\"ls-paragraph\">Der <strong>Pool ist nicht beaufsichtigt<\/strong>: Kinder m\u00fcssen von einem Erwachsenen begleitet werden.<\/p>\n<\/div>\n<\/div>\n\n\n    <\/div>\n<\/section><section id=\"ls-section-block_77f6fbc2c461bb6f88d9acf09a6a4dea\" class=\"ls-section  page-one has-background has-color-3-background-color has-m-b m-b-0 has-p-t p-t-8 has-p-b p-b-8\" >\n        <div class=\"container container--wide\">\n        \n\n<div class=\"wp-block-columns is-layout-flex wp-container-core-columns-is-layout-9d6595d7 wp-block-columns-is-layout-flex\">\n<div class=\"wp-block-column is-vertically-aligned-center is-layout-flow wp-block-column-is-layout-flow\">\n<h2 class=\"ls__heading wp-block-heading\">Sicherheit und Zug\u00e4nglichkeit am Pool<\/h2>\n\n\n\n<p class=\"ls-paragraph\"><strong>\u00d6ffnungszeiten<\/strong>:10.00 bis 19.00 Uhr<\/p>\n\n\n\n<p class=\"ls-paragraph\"><strong>\u00d6ffnungsdaten<\/strong>: Die ganze Saison vom 30\/03\/2024 bis zum 15\/09\/2024<\/p>\n\n\n\n<p class=\"ls-paragraph\"><strong>Temperatur<\/strong>: Die Temperatur des Pools wird im Durchschnitt bei etwa 28\u00b0C gehalten.<\/p>\n\n\n\n<p class=\"ls-paragraph\"><strong>Tiefe<\/strong>: Mit seiner Tiefe ist der Pool auf dem Campingplatz Kerabus ideal f\u00fcr Gro\u00df und Klein. Sie reicht von 1 m bis 1,60 m<\/p>\n\n\n\n<p class=\"ls-paragraph\"><strong>Outfit<\/strong>: Badeslip ist Pflicht<\/p>\n\n\n\n<p class=\"ls-paragraph\"><strong>Aufsicht<\/strong>: Der Pool wird nicht beaufsichtigt: Kinder m\u00fcssen von einem Erwachsenen begleitet werden.<\/p>\n<\/div>\n\n\n\n<div class=\"wp-block-column is-vertically-aligned-center animated fadeInRight is-layout-flow wp-block-column-is-layout-flow\">\n<figure class=\"wp-block-gallery has-nested-images columns-2 is-cropped wp-block-gallery-1 is-layout-flex wp-block-gallery-is-layout-flex\">\n<figure class=\"wp-block-image size-large\"><a href=\"https:\/\/www.camping-kerabus.com\/wp-content\/uploads\/2023\/01\/piscine-chauffee-camping-de-kerabus.jpg\"><img decoding=\"async\" width=\"960\" height=\"720\" data-id=\"523\" src=\"https:\/\/www.camping-kerabus.com\/wp-content\/uploads\/2023\/01\/piscine-chauffee-camping-de-kerabus.jpg\" alt=\"schwimmbad camping kerabus\" class=\"wp-image-523\" srcset=\"https:\/\/www.camping-kerabus.com\/wp-content\/uploads\/2023\/01\/piscine-chauffee-camping-de-kerabus.jpg 960w, https:\/\/www.camping-kerabus.com\/wp-content\/uploads\/2023\/01\/piscine-chauffee-camping-de-kerabus-300x225.jpg 300w, https:\/\/www.camping-kerabus.com\/wp-content\/uploads\/2023\/01\/piscine-chauffee-camping-de-kerabus-768x576.jpg 768w\" sizes=\"(max-width: 960px) 100vw, 960px\" \/><\/a><\/figure>\n<\/figure>\n<\/div>\n<\/div>\n\n\n    <\/div>\n<\/section><section id=\"ls-section-block_a9bba912b1b60f84c9aa1e6f2deda139\" class=\"ls-section  page-five has-background-image has-background has-color-1-background-color has-m-t m-t-0 has-p-t p-t-15 has-p-b p-b-15\" >\n    <div class=\"ls-section__background-image opacity-30\"><img decoding=\"async\" src=\"https:\/\/www.camping-kerabus.com\/wp-content\/uploads\/2023\/01\/camping-piscine-bretagne_resultat-1.webp\" alt=\"camping piscine bretagne\"><\/div>    <div class=\"container \">\n        \n\n<div id=\"ls-heading ls-titre-div-block_6fb81941651f02f5afafe70da001e24d\" class=\"ls-titre-div aligncenter h2-like has-text-color has-color-white-color\" >\n    Die Meinungen unserer Kunden \u00fcber den Pool<\/div>\n\n\n<div class=\"avis-page-container\" itemscope itemtype=\"https:\/\/schema.org\/ItemList\"><div class=\"avis-page\" itemscope itemtype=\"https:\/\/schema.org\/Review\" itemprop=\"itemListElement\" itemposition=\"1\"><div class=\"avis-page-header\"><div class=\"avis-page-img\"><img decoding=\"async\" src=\"https:\/\/www.camping-kerabus.com\/wp-content\/uploads\/2023\/01\/avis-camping-kerabus.jpg\" alt=\"avis-camping-kerabus\" \/><\/div><div class=\"avis-page-etoile-wrapper\"> <span class=\"kerabus-star\"><\/span> <span class=\"kerabus-star\"><\/span> <span class=\"kerabus-star\"><\/span> <span class=\"kerabus-star\"><\/span> <span class=\"kerabus-star\"><\/span><div class=\"avis-page-etoile\" style=\"width : calc(100% * 1)\"> <span class=\"kerabus-star\"><\/span> <span class=\"kerabus-star\"><\/span> <span class=\"kerabus-star\"><\/span> <span class=\"kerabus-star\"><\/span> <span class=\"kerabus-star\"><\/span> <\/div><meta itemprop=\"reviewRating\" content=\"5\"><\/div><\/div><div class=\"avis-page-content\"><div class=\"avis-page-text\" itemprop=\"reviewBody\">Freundlicher und herzlicher Empfang durch die Eigent\u00fcmer, ruhiger und sehr gut gepflegter Campingplatz. Der Pool ist gro\u00df genug, sodass sich sowohl Kinder als auch Erwachsene wohlf\u00fchlen k\u00f6nnen. Der Kinderclub ist eine sehr gute Idee&#8230;unsere k[&#8230;]..<\/div><\/div><\/div><div class=\"avis-page\" itemscope itemtype=\"https:\/\/schema.org\/Review\" itemprop=\"itemListElement\" itemposition=\"2\"><div class=\"avis-page-header\"><div class=\"avis-page-img\"><img decoding=\"async\" src=\"https:\/\/www.camping-kerabus.com\/wp-content\/uploads\/2023\/01\/avis-kerabus.jpg\" alt=\"avis kerabus\" \/><\/div><div class=\"avis-page-etoile-wrapper\"> <span class=\"kerabus-star\"><\/span> <span class=\"kerabus-star\"><\/span> <span class=\"kerabus-star\"><\/span> <span class=\"kerabus-star\"><\/span> <span class=\"kerabus-star\"><\/span><div class=\"avis-page-etoile\" style=\"width : calc(100% * 1)\"> <span class=\"kerabus-star\"><\/span> <span class=\"kerabus-star\"><\/span> <span class=\"kerabus-star\"><\/span> <span class=\"kerabus-star\"><\/span> <span class=\"kerabus-star\"><\/span> <\/div><meta itemprop=\"reviewRating\" content=\"5\"><\/div><\/div><div class=\"avis-page-content\"><div class=\"avis-page-text\" itemprop=\"reviewBody\">Super Drei-Sterne-Campingplatz in Carnac. Ein ausgezeichneter Empfang durch die Eigent\u00fcmer. Es gibt einen beheizten Pool mit einer Temperatur von 27\u00b0C, der auch sehr sauber ist, gepflegte Wege und viele Einrichtungen f\u00fcr Kinder. Wir haben dort[&#8230;]..<\/div><\/div><\/div><div class=\"avis-page\" itemscope itemtype=\"https:\/\/schema.org\/Review\" itemprop=\"itemListElement\" itemposition=\"3\"><div class=\"avis-page-header\"><div class=\"avis-page-img\"><img decoding=\"async\" src=\"https:\/\/www.camping-kerabus.com\/wp-content\/uploads\/2023\/01\/camper-bretagne.jpg\" alt=\"camper bretagne\" \/><\/div><div class=\"avis-page-etoile-wrapper\"> <span class=\"kerabus-star\"><\/span> <span class=\"kerabus-star\"><\/span> <span class=\"kerabus-star\"><\/span> <span class=\"kerabus-star\"><\/span> <span class=\"kerabus-star\"><\/span><div class=\"avis-page-etoile\" style=\"width : calc(100% * 0.8)\"> <span class=\"kerabus-star\"><\/span> <span class=\"kerabus-star\"><\/span> <span class=\"kerabus-star\"><\/span> <span class=\"kerabus-star\"><\/span> <span class=\"kerabus-star\"><\/span> <\/div><meta itemprop=\"reviewRating\" content=\"4\"><\/div><\/div><div class=\"avis-page-content\"><div class=\"avis-page-text\" itemprop=\"reviewBody\">Es war ein toller Aufenthalt, in einer angenehmen und ruhigen Umgebung, der Pool ist beheizt das Top<\/div><\/div><\/div><\/div><div itemprop=\"aggregateRating\" itemscope itemtype=\"https:\/\/schema.org\/AggregateRating\"><meta itemprop=\"ratingValue\" content=\"4.6666666666667\"><meta itemprop=\"reviewCount\" content=\"3\"><\/div>\n\n    <\/div>\n<\/section><section id=\"ls-section-block_f828e6f61bd1fa17edf4109dde232290\" class=\"ls-section  page-four\" >\n        <div class=\"container container--wide\">\n        \n\n<div id=\"ls-heading ls-titre-div-block_bb05c1e3ca91eaef5edf30f0307c69b9\" class=\"ls-titre-div aligncenter h2-like\" >\n    Entdecken Sie die Aktivit\u00e4ten, das Engagement und die Unterk\u00fcnfte unseres Campingplatzes<\/div>\n\n\n<div id=\"ls-maillage-block_59547b99be23b5b603bffb7a5db5213c\" class=\"ls-maillage cta-style-normal\" data-rows=\"3\">\r\n    <div class=\"wp-block-columns\"><div class=\"wp-block-column\"><div class=\"ls-cta\">\n\n<a href=\"https:\/\/www.camping-kerabus.com\/de\/was-man-in-und-um-den-campingplatz-herum-unternehmen-kann\/\" target=\"\" rel=\"noopener\" class=\"ls-cta__link\">\n\n\t<div class=\"ls-cta__image\"><img decoding=\"async\" src=\"https:\/\/www.camping-kerabus.com\/wp-content\/uploads\/2023\/01\/activites-pour-toute-la-famille-kerabus-768x512.jpg\" alt=\"activites pour toute la famille kerabus\"><\/div>\n\t<div class=\"ls-cta__title\">\n\t\t<span>Was man in und um den Campingplatz herum unternehmen kann<\/span>\n\t\t<span class=\"kerabus-fleche\"><\/span>\n\t<\/div>\n\n\t\n<\/a><\/div><\/div><div class=\"wp-block-column\"><div class=\"ls-cta\">\n\n<a href=\"https:\/\/www.camping-kerabus.com\/de\/die-verpflichtung-camping-qualite\/\" target=\"\" rel=\"noopener\" class=\"ls-cta__link\">\n\n\t<div class=\"ls-cta__image\"><img decoding=\"async\" src=\"https:\/\/www.camping-kerabus.com\/wp-content\/uploads\/2023\/01\/engagement-eco-responsable-camping-kerabus-768x512.jpg\" alt=\"engagement eco responsable camping kerabus\"><\/div>\n\t<div class=\"ls-cta__title\">\n\t\t<span>Die Verpflichtung Camping Qualit\u00e9<\/span>\n\t\t<span class=\"kerabus-fleche\"><\/span>\n\t<\/div>\n\n\t\n<\/a><\/div><\/div><div class=\"wp-block-column\"><div class=\"ls-cta\">\n\n<a href=\"https:\/\/www.camping-kerabus.com\/de\/ferienwohnung\/\" target=\"\" rel=\"noopener\" class=\"ls-cta__link\">\n\n\t<div class=\"ls-cta__image\"><img decoding=\"async\" src=\"https:\/\/www.camping-kerabus.com\/wp-content\/uploads\/2023\/01\/louer-un-mobil-home-en-bretagne-768x512.jpg\" alt=\"louer un mobil home en bretagne\"><\/div>\n\t<div class=\"ls-cta__title\">\n\t\t<span>Ferienwohnung<\/span>\n\t\t<span class=\"kerabus-fleche\"><\/span>\n\t<\/div>\n\n\t\n<\/a><\/div><\/div><\/div><\/div>\n\n    <\/div>\n<\/section>","protected":false},"excerpt":{"rendered":"","protected":false},"author":1,"featured_media":1385,"parent":0,"menu_order":0,"comment_status":"closed","ping_status":"closed","template":"","meta":{"_acf_changed":false,"footnotes":""},"sujet":[],"class_list":["post-2723","page","type-page","status-publish","has-post-thumbnail","hentry"],"acf":[],"yoast_head":"<!-- This site is optimized with the Yoast SEO plugin v25.3 - https:\/\/yoast.com\/wordpress\/plugins\/seo\/ -->\n<title>Campingplatz mit beheiztem Schwimmbad in Carnac - Camping Kerabus<\/title>\n<meta name=\"description\" content=\"Entdecken Sie unser beheiztes Schwimmbad auf dem 3-Sterne-Campingplatz Kerabus in Carnac. Verbringen Sie einen geselligen Moment mit Ihrer Familie.\" \/>\n<meta name=\"robots\" content=\"index, follow, max-snippet:-1, max-image-preview:large, max-video-preview:-1\" \/>\n<link rel=\"canonical\" href=\"https:\/\/www.camping-kerabus.com\/de\/schwimmbad\/\" \/>\n<meta property=\"og:locale\" content=\"de_DE\" \/>\n<meta property=\"og:type\" content=\"article\" \/>\n<meta property=\"og:title\" content=\"Campingplatz mit beheiztem Schwimmbad in Carnac - Camping Kerabus\" \/>\n<meta property=\"og:description\" content=\"Entdecken Sie unser beheiztes Schwimmbad auf dem 3-Sterne-Campingplatz Kerabus in Carnac. Verbringen Sie einen geselligen Moment mit Ihrer Familie.\" \/>\n<meta property=\"og:url\" content=\"https:\/\/www.camping-kerabus.com\/de\/schwimmbad\/\" \/>\n<meta property=\"og:site_name\" content=\"Camping Kerabus\" \/>\n<meta property=\"article:modified_time\" content=\"2024-04-29T13:20:57+00:00\" \/>\n<meta property=\"og:image\" content=\"https:\/\/www.camping-kerabus.com\/wp-content\/uploads\/2023\/01\/camping-kerabus-avec-piscine-dans-le-morbihan.jpg\" \/>\n\t<meta property=\"og:image:width\" content=\"1920\" \/>\n\t<meta property=\"og:image:height\" content=\"560\" \/>\n\t<meta property=\"og:image:type\" content=\"image\/jpeg\" \/>\n<meta name=\"twitter:card\" content=\"summary_large_image\" \/>\n<meta name=\"twitter:label1\" content=\"Gesch\u00e4tzte Lesezeit\" \/>\n\t<meta name=\"twitter:data1\" content=\"5\u00a0Minuten\" \/>\n<script type=\"application\/ld+json\" class=\"yoast-schema-graph\">{\"@context\":\"https:\/\/schema.org\",\"@graph\":[{\"@type\":\"WebPage\",\"@id\":\"https:\/\/www.camping-kerabus.com\/de\/schwimmbad\/\",\"url\":\"https:\/\/www.camping-kerabus.com\/de\/schwimmbad\/\",\"name\":\"Campingplatz mit beheiztem Schwimmbad in Carnac - Camping Kerabus\",\"isPartOf\":{\"@id\":\"https:\/\/www.camping-kerabus.com\/de\/#website\"},\"primaryImageOfPage\":{\"@id\":\"https:\/\/www.camping-kerabus.com\/de\/schwimmbad\/#primaryimage\"},\"image\":{\"@id\":\"https:\/\/www.camping-kerabus.com\/de\/schwimmbad\/#primaryimage\"},\"thumbnailUrl\":\"https:\/\/www.camping-kerabus.com\/wp-content\/uploads\/2023\/01\/camping-kerabus-avec-piscine-dans-le-morbihan.jpg\",\"datePublished\":\"2023-01-17T13:03:10+00:00\",\"dateModified\":\"2024-04-29T13:20:57+00:00\",\"description\":\"Entdecken Sie unser beheiztes Schwimmbad auf dem 3-Sterne-Campingplatz Kerabus in Carnac. Verbringen Sie einen geselligen Moment mit Ihrer Familie.\",\"breadcrumb\":{\"@id\":\"https:\/\/www.camping-kerabus.com\/de\/schwimmbad\/#breadcrumb\"},\"inLanguage\":\"de\",\"potentialAction\":[{\"@type\":\"ReadAction\",\"target\":[\"https:\/\/www.camping-kerabus.com\/de\/schwimmbad\/\"]}]},{\"@type\":\"ImageObject\",\"inLanguage\":\"de\",\"@id\":\"https:\/\/www.camping-kerabus.com\/de\/schwimmbad\/#primaryimage\",\"url\":\"https:\/\/www.camping-kerabus.com\/wp-content\/uploads\/2023\/01\/camping-kerabus-avec-piscine-dans-le-morbihan.jpg\",\"contentUrl\":\"https:\/\/www.camping-kerabus.com\/wp-content\/uploads\/2023\/01\/camping-kerabus-avec-piscine-dans-le-morbihan.jpg\",\"width\":1920,\"height\":560,\"caption\":\"camping kerabus avec piscine dans le morbihan\"},{\"@type\":\"BreadcrumbList\",\"@id\":\"https:\/\/www.camping-kerabus.com\/de\/schwimmbad\/#breadcrumb\",\"itemListElement\":[{\"@type\":\"ListItem\",\"position\":1,\"name\":\"Camping Carnac\",\"item\":\"https:\/\/www.camping-kerabus.com\/de\/\"},{\"@type\":\"ListItem\",\"position\":2,\"name\":\"Campingplatz Schwimmbad Carnac\"}]},{\"@type\":\"WebSite\",\"@id\":\"https:\/\/www.camping-kerabus.com\/de\/#website\",\"url\":\"https:\/\/www.camping-kerabus.com\/de\/\",\"name\":\"Camping Kerabus\",\"description\":\"\",\"publisher\":{\"@id\":\"https:\/\/www.camping-kerabus.com\/de\/#organization\"},\"potentialAction\":[{\"@type\":\"SearchAction\",\"target\":{\"@type\":\"EntryPoint\",\"urlTemplate\":\"https:\/\/www.camping-kerabus.com\/de\/?s={search_term_string}\"},\"query-input\":{\"@type\":\"PropertyValueSpecification\",\"valueRequired\":true,\"valueName\":\"search_term_string\"}}],\"inLanguage\":\"de\"},{\"@type\":\"Organization\",\"@id\":\"https:\/\/www.camping-kerabus.com\/de\/#organization\",\"name\":\"Camping Kerabus\",\"url\":\"https:\/\/www.camping-kerabus.com\/de\/\",\"logo\":{\"@type\":\"ImageObject\",\"inLanguage\":\"de\",\"@id\":\"https:\/\/www.camping-kerabus.com\/de\/#\/schema\/logo\/image\/\",\"url\":\"https:\/\/www.camping-kerabus.com\/wp-content\/uploads\/2022\/12\/logo-camping-kerabus.png\",\"contentUrl\":\"https:\/\/www.camping-kerabus.com\/wp-content\/uploads\/2022\/12\/logo-camping-kerabus.png\",\"width\":500,\"height\":165,\"caption\":\"Camping Kerabus\"},\"image\":{\"@id\":\"https:\/\/www.camping-kerabus.com\/de\/#\/schema\/logo\/image\/\"}}]}<\/script>\n<!-- \/ Yoast SEO plugin. -->","yoast_head_json":{"title":"Campingplatz mit beheiztem Schwimmbad in Carnac - Camping Kerabus","description":"Entdecken Sie unser beheiztes Schwimmbad auf dem 3-Sterne-Campingplatz Kerabus in Carnac. Verbringen Sie einen geselligen Moment mit Ihrer Familie.","robots":{"index":"index","follow":"follow","max-snippet":"max-snippet:-1","max-image-preview":"max-image-preview:large","max-video-preview":"max-video-preview:-1"},"canonical":"https:\/\/www.camping-kerabus.com\/de\/schwimmbad\/","og_locale":"de_DE","og_type":"article","og_title":"Campingplatz mit beheiztem Schwimmbad in Carnac - Camping Kerabus","og_description":"Entdecken Sie unser beheiztes Schwimmbad auf dem 3-Sterne-Campingplatz Kerabus in Carnac. Verbringen Sie einen geselligen Moment mit Ihrer Familie.","og_url":"https:\/\/www.camping-kerabus.com\/de\/schwimmbad\/","og_site_name":"Camping Kerabus","article_modified_time":"2024-04-29T13:20:57+00:00","og_image":[{"width":1920,"height":560,"url":"https:\/\/www.camping-kerabus.com\/wp-content\/uploads\/2023\/01\/camping-kerabus-avec-piscine-dans-le-morbihan.jpg","type":"image\/jpeg"}],"twitter_card":"summary_large_image","twitter_misc":{"Gesch\u00e4tzte Lesezeit":"5\u00a0Minuten"},"schema":{"@context":"https:\/\/schema.org","@graph":[{"@type":"WebPage","@id":"https:\/\/www.camping-kerabus.com\/de\/schwimmbad\/","url":"https:\/\/www.camping-kerabus.com\/de\/schwimmbad\/","name":"Campingplatz mit beheiztem Schwimmbad in Carnac - Camping Kerabus","isPartOf":{"@id":"https:\/\/www.camping-kerabus.com\/de\/#website"},"primaryImageOfPage":{"@id":"https:\/\/www.camping-kerabus.com\/de\/schwimmbad\/#primaryimage"},"image":{"@id":"https:\/\/www.camping-kerabus.com\/de\/schwimmbad\/#primaryimage"},"thumbnailUrl":"https:\/\/www.camping-kerabus.com\/wp-content\/uploads\/2023\/01\/camping-kerabus-avec-piscine-dans-le-morbihan.jpg","datePublished":"2023-01-17T13:03:10+00:00","dateModified":"2024-04-29T13:20:57+00:00","description":"Entdecken Sie unser beheiztes Schwimmbad auf dem 3-Sterne-Campingplatz Kerabus in Carnac. Verbringen Sie einen geselligen Moment mit Ihrer Familie.","breadcrumb":{"@id":"https:\/\/www.camping-kerabus.com\/de\/schwimmbad\/#breadcrumb"},"inLanguage":"de","potentialAction":[{"@type":"ReadAction","target":["https:\/\/www.camping-kerabus.com\/de\/schwimmbad\/"]}]},{"@type":"ImageObject","inLanguage":"de","@id":"https:\/\/www.camping-kerabus.com\/de\/schwimmbad\/#primaryimage","url":"https:\/\/www.camping-kerabus.com\/wp-content\/uploads\/2023\/01\/camping-kerabus-avec-piscine-dans-le-morbihan.jpg","contentUrl":"https:\/\/www.camping-kerabus.com\/wp-content\/uploads\/2023\/01\/camping-kerabus-avec-piscine-dans-le-morbihan.jpg","width":1920,"height":560,"caption":"camping kerabus avec piscine dans le morbihan"},{"@type":"BreadcrumbList","@id":"https:\/\/www.camping-kerabus.com\/de\/schwimmbad\/#breadcrumb","itemListElement":[{"@type":"ListItem","position":1,"name":"Camping Carnac","item":"https:\/\/www.camping-kerabus.com\/de\/"},{"@type":"ListItem","position":2,"name":"Campingplatz Schwimmbad Carnac"}]},{"@type":"WebSite","@id":"https:\/\/www.camping-kerabus.com\/de\/#website","url":"https:\/\/www.camping-kerabus.com\/de\/","name":"Camping Kerabus","description":"","publisher":{"@id":"https:\/\/www.camping-kerabus.com\/de\/#organization"},"potentialAction":[{"@type":"SearchAction","target":{"@type":"EntryPoint","urlTemplate":"https:\/\/www.camping-kerabus.com\/de\/?s={search_term_string}"},"query-input":{"@type":"PropertyValueSpecification","valueRequired":true,"valueName":"search_term_string"}}],"inLanguage":"de"},{"@type":"Organization","@id":"https:\/\/www.camping-kerabus.com\/de\/#organization","name":"Camping Kerabus","url":"https:\/\/www.camping-kerabus.com\/de\/","logo":{"@type":"ImageObject","inLanguage":"de","@id":"https:\/\/www.camping-kerabus.com\/de\/#\/schema\/logo\/image\/","url":"https:\/\/www.camping-kerabus.com\/wp-content\/uploads\/2022\/12\/logo-camping-kerabus.png","contentUrl":"https:\/\/www.camping-kerabus.com\/wp-content\/uploads\/2022\/12\/logo-camping-kerabus.png","width":500,"height":165,"caption":"Camping Kerabus"},"image":{"@id":"https:\/\/www.camping-kerabus.com\/de\/#\/schema\/logo\/image\/"}}]}},"_links":{"self":[{"href":"https:\/\/www.camping-kerabus.com\/de\/wp-json\/wp\/v2\/pages\/2723","targetHints":{"allow":["GET"]}}],"collection":[{"href":"https:\/\/www.camping-kerabus.com\/de\/wp-json\/wp\/v2\/pages"}],"about":[{"href":"https:\/\/www.camping-kerabus.com\/de\/wp-json\/wp\/v2\/types\/page"}],"author":[{"embeddable":true,"href":"https:\/\/www.camping-kerabus.com\/de\/wp-json\/wp\/v2\/users\/1"}],"replies":[{"embeddable":true,"href":"https:\/\/www.camping-kerabus.com\/de\/wp-json\/wp\/v2\/comments?post=2723"}],"version-history":[{"count":17,"href":"https:\/\/www.camping-kerabus.com\/de\/wp-json\/wp\/v2\/pages\/2723\/revisions"}],"predecessor-version":[{"id":10267,"href":"https:\/\/www.camping-kerabus.com\/de\/wp-json\/wp\/v2\/pages\/2723\/revisions\/10267"}],"wp:featuredmedia":[{"embeddable":true,"href":"https:\/\/www.camping-kerabus.com\/de\/wp-json\/wp\/v2\/media\/1385"}],"wp:attachment":[{"href":"https:\/\/www.camping-kerabus.com\/de\/wp-json\/wp\/v2\/media?parent=2723"}],"wp:term":[{"taxonomy":"sujet","embeddable":true,"href":"https:\/\/www.camping-kerabus.com\/de\/wp-json\/wp\/v2\/sujet?post=2723"}],"curies":[{"name":"wp","href":"https:\/\/api.w.org\/{rel}","templated":true}]}}